{"id":2934,"date":"2025-07-30T10:21:37","date_gmt":"2025-07-30T02:21:37","guid":{"rendered":"https:\/\/www.andelutech.com\/?post_type=product&#038;p=2934"},"modified":"2026-03-26T16:50:14","modified_gmt":"2026-03-26T08:50:14","slug":"miniaturized-high-precision-fiber-combined-inertial-guidance-and-s70","status":"publish","type":"product","link":"https:\/\/www.andelutech.com\/pt\/product\/miniaturized-high-precision-fiber-combined-inertial-guidance-and-s70\/","title":{"rendered":"AND-S70 Miniaturized high-precision fiber combined inertial guidance"},"content":{"rendered":"","protected":false},"excerpt":{"rendered":"<p>O sistema de navega\u00e7\u00e3o combinada integrado miniaturizado adota girosc\u00f3pio de fibra \u00f3ptica, aceler\u00f4metro flex\u00edvel de quartz, circuito de convers\u00e3o IF de alta precis\u00e3o e circuito de aquisi\u00e7\u00e3o de dados baseado em DSP\/FPGA e processamento de sinais, que pode medir simultaneamente a informa\u00e7\u00e3o de acelera\u00e7\u00e3o e velocidade angular da transportadora em tr\u00eas dire\u00e7\u00f5es. Ao mesmo tempo, tem um receptor sat\u00e9lite de alto desempenho (suporte de duas antenas), um painel de computador e um painel de aquisi\u00e7\u00e3o de \u00f3dometros.<\/p>","protected":false},"featured_media":2935,"comment_status":"closed","ping_status":"closed","template":"","meta":[],"product_brand":[],"product_cat":[26],"product_tag":[],"class_list":{"0":"post-2934","1":"product","2":"type-product","3":"status-publish","4":"has-post-thumbnail","6":"product_cat-imu-mems-ins","8":"first","9":"instock","10":"shipping-taxable","11":"product-type-simple"},"_links":{"self":[{"href":"https:\/\/www.andelutech.com\/pt\/wp-json\/wp\/v2\/product\/2934","targetHints":{"allow":["GET"]}}],"collection":[{"href":"https:\/\/www.andelutech.com\/pt\/wp-json\/wp\/v2\/product"}],"about":[{"href":"https:\/\/www.andelutech.com\/pt\/wp-json\/wp\/v2\/types\/product"}],"replies":[{"embeddable":true,"href":"https:\/\/www.andelutech.com\/pt\/wp-json\/wp\/v2\/comments?post=2934"}],"wp:featuredmedia":[{"embeddable":true,"href":"https:\/\/www.andelutech.com\/pt\/wp-json\/wp\/v2\/media\/2935"}],"wp:attachment":[{"href":"https:\/\/www.andelutech.com\/pt\/wp-json\/wp\/v2\/media?parent=2934"}],"wp:term":[{"taxonomy":"product_brand","embeddable":true,"href":"https:\/\/www.andelutech.com\/pt\/wp-json\/wp\/v2\/product_brand?post=2934"},{"taxonomy":"product_cat","embeddable":true,"href":"https:\/\/www.andelutech.com\/pt\/wp-json\/wp\/v2\/product_cat?post=2934"},{"taxonomy":"product_tag","embeddable":true,"href":"https:\/\/www.andelutech.com\/pt\/wp-json\/wp\/v2\/product_tag?post=2934"}],"curies":[{"name":"wp","href":"https:\/\/api.w.org\/{rel}","templated":true}]}}