{"id":2930,"date":"2025-07-30T09:54:28","date_gmt":"2025-07-30T01:54:28","guid":{"rendered":"https:\/\/www.andelutech.com\/?post_type=product&#038;p=2930"},"modified":"2026-03-26T16:51:48","modified_gmt":"2026-03-26T08:51:48","slug":"miniaturized-high-precision-fiber-combined-inertial-guidance-and-s76","status":"publish","type":"product","link":"https:\/\/www.andelutech.com\/pt\/product\/miniaturized-high-precision-fiber-combined-inertial-guidance-and-s76\/","title":{"rendered":"AND-S76 Miniaturized high-precision fiber combined inertial guidance"},"content":{"rendered":"","protected":false},"excerpt":{"rendered":"<p>O sistema de navega\u00e7\u00e3o combinada integrada miniaturizado adota girosc\u00f3pio de fibras \u00f3pticas, circuito de convers\u00e3o IF de alta precis\u00e3o aceler\u00f3metro flex\u00edvel de quartz e circuito de aquisi\u00e7\u00e3o de dados baseado em DSP\/FPGA e processamento de sinais, que pode medir simultaneamente acelera\u00e7\u00e3o e informa\u00e7\u00e3o de velocidade angular em tr\u00eas dire\u00e7\u00f5es da transportadora; Ao mesmo tempo, tem um receptor sat\u00e9lite de alto desempenho (suporte de duas antenas), um painel de computador e um painel de aquisi\u00e7\u00e3o de \u00f3dometros.<\/p>\n<p>Ele suporta o alinhamento r\u00e1pido da base de perturba\u00e7\u00f5es, e a navega\u00e7\u00e3o combinada da inercia\/sat\u00e9lite\/roda\/velocidade\/ve\u00edculo\/vis\u00e3o suporta redes ad hoc, posicionamento combinado de forma\u00e7\u00e3o, posicionamento relativo, e Qianxun RTK e diferen\u00e7a din\u00e2mica<\/p>","protected":false},"featured_media":3333,"comment_status":"closed","ping_status":"closed","template":"","meta":[],"product_brand":[],"product_cat":[26],"product_tag":[],"class_list":{"0":"post-2930","1":"product","2":"type-product","3":"status-publish","4":"has-post-thumbnail","6":"product_cat-imu-mems-ins","8":"first","9":"instock","10":"shipping-taxable","11":"product-type-simple"},"_links":{"self":[{"href":"https:\/\/www.andelutech.com\/pt\/wp-json\/wp\/v2\/product\/2930","targetHints":{"allow":["GET"]}}],"collection":[{"href":"https:\/\/www.andelutech.com\/pt\/wp-json\/wp\/v2\/product"}],"about":[{"href":"https:\/\/www.andelutech.com\/pt\/wp-json\/wp\/v2\/types\/product"}],"replies":[{"embeddable":true,"href":"https:\/\/www.andelutech.com\/pt\/wp-json\/wp\/v2\/comments?post=2930"}],"wp:featuredmedia":[{"embeddable":true,"href":"https:\/\/www.andelutech.com\/pt\/wp-json\/wp\/v2\/media\/3333"}],"wp:attachment":[{"href":"https:\/\/www.andelutech.com\/pt\/wp-json\/wp\/v2\/media?parent=2930"}],"wp:term":[{"taxonomy":"product_brand","embeddable":true,"href":"https:\/\/www.andelutech.com\/pt\/wp-json\/wp\/v2\/product_brand?post=2930"},{"taxonomy":"product_cat","embeddable":true,"href":"https:\/\/www.andelutech.com\/pt\/wp-json\/wp\/v2\/product_cat?post=2930"},{"taxonomy":"product_tag","embeddable":true,"href":"https:\/\/www.andelutech.com\/pt\/wp-json\/wp\/v2\/product_tag?post=2930"}],"curies":[{"name":"wp","href":"https:\/\/api.w.org\/{rel}","templated":true}]}}