{"id":2897,"date":"2025-07-07T16:37:16","date_gmt":"2025-07-07T08:37:16","guid":{"rendered":"https:\/\/www.andelutech.com\/?post_type=product&#038;p=2897"},"modified":"2026-03-26T16:56:31","modified_gmt":"2026-03-26T08:56:31","slug":"7-miniature-high-precision-fiber-optic-combined-inertial-navigation-and-f76","status":"publish","type":"product","link":"https:\/\/www.andelutech.com\/pt\/product\/7-miniature-high-precision-fiber-optic-combined-inertial-navigation-and-f76\/","title":{"rendered":"AND-F76 Miniature High Precision Fiber Optic Combined Inertial Navigation"},"content":{"rendered":"","protected":false},"excerpt":{"rendered":"<p>O sistema de medi\u00e7\u00e3o da velocidade angular integrada miniatura utiliza um girosc\u00f3pio de fibra \u00f3ptica, um aceler\u00f4metro flex\u00edvel de quartz, um circuito de convers\u00e3o IF de alta precis\u00e3o e um circuito de aquisi\u00e7\u00e3o e processamento de sinais baseado em DSP\/FPGA. Pode medir simultaneamente a informa\u00e7\u00e3o de acelera\u00e7\u00e3o e velocidade angular do portador em tr\u00eas dire\u00e7\u00f5es. Tamb\u00e9m tem um receptor sat\u00e9lite de alto desempenho (suporta a antena Devoyan), painel de computador e painel de coleta de odometros.<\/p>\n<p>Suporte de base de dist\u00farbios para alcan\u00e7ar alinhamento r\u00e1pido, velocidade inercial\/sat\u00e9lite\/roda\/velocidade do ve\u00edculo\/rastreamento visual<\/p>\n<p>Apoia a rede auto-organizadora, posicionamento combinado de entidades, posicionamento relativo, Qianxun RTK e Dongdong diferencial<\/p>","protected":false},"featured_media":3335,"comment_status":"open","ping_status":"closed","template":"","meta":[],"product_brand":[],"product_cat":[26],"product_tag":[],"class_list":{"0":"post-2897","1":"product","2":"type-product","3":"status-publish","4":"has-post-thumbnail","6":"product_cat-imu-mems-ins","8":"first","9":"instock","10":"shipping-taxable","11":"product-type-simple"},"_links":{"self":[{"href":"https:\/\/www.andelutech.com\/pt\/wp-json\/wp\/v2\/product\/2897","targetHints":{"allow":["GET"]}}],"collection":[{"href":"https:\/\/www.andelutech.com\/pt\/wp-json\/wp\/v2\/product"}],"about":[{"href":"https:\/\/www.andelutech.com\/pt\/wp-json\/wp\/v2\/types\/product"}],"replies":[{"embeddable":true,"href":"https:\/\/www.andelutech.com\/pt\/wp-json\/wp\/v2\/comments?post=2897"}],"wp:featuredmedia":[{"embeddable":true,"href":"https:\/\/www.andelutech.com\/pt\/wp-json\/wp\/v2\/media\/3335"}],"wp:attachment":[{"href":"https:\/\/www.andelutech.com\/pt\/wp-json\/wp\/v2\/media?parent=2897"}],"wp:term":[{"taxonomy":"product_brand","embeddable":true,"href":"https:\/\/www.andelutech.com\/pt\/wp-json\/wp\/v2\/product_brand?post=2897"},{"taxonomy":"product_cat","embeddable":true,"href":"https:\/\/www.andelutech.com\/pt\/wp-json\/wp\/v2\/product_cat?post=2897"},{"taxonomy":"product_tag","embeddable":true,"href":"https:\/\/www.andelutech.com\/pt\/wp-json\/wp\/v2\/product_tag?post=2897"}],"curies":[{"name":"wp","href":"https:\/\/api.w.org\/{rel}","templated":true}]}}