{"id":2893,"date":"2025-07-07T16:31:12","date_gmt":"2025-07-07T08:31:12","guid":{"rendered":"https:\/\/www.andelutech.com\/?post_type=product&#038;p=2893"},"modified":"2026-03-26T16:59:14","modified_gmt":"2026-03-26T08:59:14","slug":"mems-combined-inertial-navigation-and-m","status":"publish","type":"product","link":"https:\/\/www.andelutech.com\/pt\/product\/mems-combined-inertial-navigation-and-m\/","title":{"rendered":"AND-M MEMS Combined Inertial Navigation"},"content":{"rendered":"","protected":false},"excerpt":{"rendered":"<p>Sistema de navega\u00e7\u00e3o inercial baseado em girosc\u00f3pios MEMS de alta precis\u00e3o e aceler\u00f3metros MEMS com receptores sat\u00e9lites de alta performance (com suporte Dvorak), pain\u00e9is de computa\u00e7\u00e3o e pain\u00e9is de coleta de odometros. O p\u00f3s-processamento suporta esta\u00e7\u00f5es de base constru\u00eddas por si mesma e \u00e9 compat\u00edvel com os formatos diferenciais de dados dos principais fornecedores de servi\u00e7os diferenciais. N\u00e3o \u00e9 limitado por linhas b\u00e1sicas, f\u00e1cil de montar e tem alta efici\u00eancia de trabalho.<\/p>\n<p>\u25c6  Apoiar navega\u00e7\u00e3o combinada em tempo real e p\u00f3s-processamento de dados, armazenamento de dados no espa\u00e7o 8G;<\/p>","protected":false},"featured_media":3340,"comment_status":"open","ping_status":"closed","template":"","meta":[],"product_brand":[],"product_cat":[26],"product_tag":[],"class_list":{"0":"post-2893","1":"product","2":"type-product","3":"status-publish","4":"has-post-thumbnail","6":"product_cat-imu-mems-ins","8":"first","9":"instock","10":"shipping-taxable","11":"product-type-simple"},"_links":{"self":[{"href":"https:\/\/www.andelutech.com\/pt\/wp-json\/wp\/v2\/product\/2893","targetHints":{"allow":["GET"]}}],"collection":[{"href":"https:\/\/www.andelutech.com\/pt\/wp-json\/wp\/v2\/product"}],"about":[{"href":"https:\/\/www.andelutech.com\/pt\/wp-json\/wp\/v2\/types\/product"}],"replies":[{"embeddable":true,"href":"https:\/\/www.andelutech.com\/pt\/wp-json\/wp\/v2\/comments?post=2893"}],"wp:featuredmedia":[{"embeddable":true,"href":"https:\/\/www.andelutech.com\/pt\/wp-json\/wp\/v2\/media\/3340"}],"wp:attachment":[{"href":"https:\/\/www.andelutech.com\/pt\/wp-json\/wp\/v2\/media?parent=2893"}],"wp:term":[{"taxonomy":"product_brand","embeddable":true,"href":"https:\/\/www.andelutech.com\/pt\/wp-json\/wp\/v2\/product_brand?post=2893"},{"taxonomy":"product_cat","embeddable":true,"href":"https:\/\/www.andelutech.com\/pt\/wp-json\/wp\/v2\/product_cat?post=2893"},{"taxonomy":"product_tag","embeddable":true,"href":"https:\/\/www.andelutech.com\/pt\/wp-json\/wp\/v2\/product_tag?post=2893"}],"curies":[{"name":"wp","href":"https:\/\/api.w.org\/{rel}","templated":true}]}}