{"id":2891,"date":"2025-07-07T16:22:28","date_gmt":"2025-07-07T08:22:28","guid":{"rendered":"https:\/\/www.andelutech.com\/?post_type=product&#038;p=2891"},"modified":"2026-03-26T17:00:02","modified_gmt":"2026-03-26T09:00:02","slug":"imu-and-f10r","status":"publish","type":"product","link":"https:\/\/www.andelutech.com\/pt\/product\/imu-and-f10r\/","title":{"rendered":"AND-F10R IMU"},"content":{"rendered":"","protected":false},"excerpt":{"rendered":"<p>O produto F10R tem um girosc\u00f3pio de fibra \u00f3ptica miniatura de 3 eixos, aceler\u00f4metro MEMS de alta precis\u00e3o, suprimento de energia secund\u00e1rio e computador de navega\u00e7\u00e3o, que pode fornecer informa\u00e7\u00f5es de posicionamento e orienta\u00e7\u00e3o precisas. O design interno de redu\u00e7\u00e3o da vibra\u00e7\u00e3o de borracha de silicone pode se adaptar ao ambiente de vibra\u00e7\u00e3o e choque de drones e outras aeronaves.<\/p>\n<p><strong><b>Indicadores de desempenho dos produtos<\/b><\/strong><\/p>\n<p>Temperatura operacional: -40 [UNK] ~ [UNK] 65 [UNK]<\/p>\n<p>Temperatura de armazenamento: -45 [UNK] ~ [UNK] 70 [UNK]<\/p>\n<p>Volta\u00e7\u00e3o: 5 V \u00b1 0. 25V<\/p>\n<p>Consumo de energia: \u2264 5. 0W<\/p>\n<p>Volume: \u2264 87 mm \u00d7 81 mm \u00d7 56 mm<\/p>\n<p>Peso: \u2264 400 g<\/p>\n<p>Vibra\u00e7\u00e3o: Grms = 6,06 G, intervalo de frequ\u00eancia 10Hz ~ 2000Hz<\/p>\n<p>Equipamento de comunica\u00e7\u00e3o: RS232, RS422<\/p>","protected":false},"featured_media":2883,"comment_status":"open","ping_status":"closed","template":"","meta":[],"product_brand":[],"product_cat":[26],"product_tag":[],"class_list":{"0":"post-2891","1":"product","2":"type-product","3":"status-publish","4":"has-post-thumbnail","6":"product_cat-imu-mems-ins","8":"first","9":"instock","10":"shipping-taxable","11":"product-type-simple"},"_links":{"self":[{"href":"https:\/\/www.andelutech.com\/pt\/wp-json\/wp\/v2\/product\/2891","targetHints":{"allow":["GET"]}}],"collection":[{"href":"https:\/\/www.andelutech.com\/pt\/wp-json\/wp\/v2\/product"}],"about":[{"href":"https:\/\/www.andelutech.com\/pt\/wp-json\/wp\/v2\/types\/product"}],"replies":[{"embeddable":true,"href":"https:\/\/www.andelutech.com\/pt\/wp-json\/wp\/v2\/comments?post=2891"}],"wp:featuredmedia":[{"embeddable":true,"href":"https:\/\/www.andelutech.com\/pt\/wp-json\/wp\/v2\/media\/2883"}],"wp:attachment":[{"href":"https:\/\/www.andelutech.com\/pt\/wp-json\/wp\/v2\/media?parent=2891"}],"wp:term":[{"taxonomy":"product_brand","embeddable":true,"href":"https:\/\/www.andelutech.com\/pt\/wp-json\/wp\/v2\/product_brand?post=2891"},{"taxonomy":"product_cat","embeddable":true,"href":"https:\/\/www.andelutech.com\/pt\/wp-json\/wp\/v2\/product_cat?post=2891"},{"taxonomy":"product_tag","embeddable":true,"href":"https:\/\/www.andelutech.com\/pt\/wp-json\/wp\/v2\/product_tag?post=2891"}],"curies":[{"name":"wp","href":"https:\/\/api.w.org\/{rel}","templated":true}]}}