{"id":2890,"date":"2025-07-07T16:16:46","date_gmt":"2025-07-07T08:16:46","guid":{"rendered":"https:\/\/www.andelutech.com\/?post_type=product&#038;p=2890"},"modified":"2026-03-26T17:01:48","modified_gmt":"2026-03-26T09:01:48","slug":"imu-and-f10a","status":"publish","type":"product","link":"https:\/\/www.andelutech.com\/pt\/product\/imu-and-f10a\/","title":{"rendered":"AND-F10A IMU"},"content":{"rendered":"","protected":false},"excerpt":{"rendered":"<p>O produto F10 est\u00e1 equipado com um girosc\u00f3pio de fibra \u00f3ptica miniatura de 3 eixos, aceler\u00f4metro MEMS de alta precis\u00e3o, suprimento de energia secund\u00e1rio e computador de navega\u00e7\u00e3o para fornecer informa\u00e7\u00f5es de posicionamento e orienta\u00e7\u00e3o precisas.<\/p>\n<p>Temperatura de opera\u00e7\u00e3o: -40 [UNK] ~ [UNK] 65 [UNK], Temperatura de armazenamento: -45 [UNK] ~ [UNK] 70 [UNK], Volta\u00e7\u00e3o:   5 V \u00b1 0. 25V<\/p>\n<p>Consumo de energia: \u2264 5. 0W, Volume: \u2264 73 mm \u00d7 67 mm \u00d7 49 mm, Peso: \u2264 280 g, Interface de comunica\u00e7\u00e3o: RS232, RS422<\/p>","protected":false},"featured_media":3339,"comment_status":"open","ping_status":"closed","template":"","meta":[],"product_brand":[],"product_cat":[26],"product_tag":[],"class_list":{"0":"post-2890","1":"product","2":"type-product","3":"status-publish","4":"has-post-thumbnail","6":"product_cat-imu-mems-ins","8":"first","9":"instock","10":"shipping-taxable","11":"product-type-simple"},"_links":{"self":[{"href":"https:\/\/www.andelutech.com\/pt\/wp-json\/wp\/v2\/product\/2890","targetHints":{"allow":["GET"]}}],"collection":[{"href":"https:\/\/www.andelutech.com\/pt\/wp-json\/wp\/v2\/product"}],"about":[{"href":"https:\/\/www.andelutech.com\/pt\/wp-json\/wp\/v2\/types\/product"}],"replies":[{"embeddable":true,"href":"https:\/\/www.andelutech.com\/pt\/wp-json\/wp\/v2\/comments?post=2890"}],"wp:featuredmedia":[{"embeddable":true,"href":"https:\/\/www.andelutech.com\/pt\/wp-json\/wp\/v2\/media\/3339"}],"wp:attachment":[{"href":"https:\/\/www.andelutech.com\/pt\/wp-json\/wp\/v2\/media?parent=2890"}],"wp:term":[{"taxonomy":"product_brand","embeddable":true,"href":"https:\/\/www.andelutech.com\/pt\/wp-json\/wp\/v2\/product_brand?post=2890"},{"taxonomy":"product_cat","embeddable":true,"href":"https:\/\/www.andelutech.com\/pt\/wp-json\/wp\/v2\/product_cat?post=2890"},{"taxonomy":"product_tag","embeddable":true,"href":"https:\/\/www.andelutech.com\/pt\/wp-json\/wp\/v2\/product_tag?post=2890"}],"curies":[{"name":"wp","href":"https:\/\/api.w.org\/{rel}","templated":true}]}}