{"id":2880,"date":"2025-07-07T16:13:59","date_gmt":"2025-07-07T08:13:59","guid":{"rendered":"https:\/\/www.andelutech.com\/?post_type=product&#038;p=2880"},"modified":"2026-01-09T13:12:14","modified_gmt":"2026-01-09T05:12:14","slug":"imu-and-f10","status":"publish","type":"product","link":"https:\/\/www.andelutech.com\/pt\/product\/imu-and-f10\/","title":{"rendered":"AND-F10 IMU"},"content":{"rendered":"","protected":false},"excerpt":{"rendered":"<p>O sistema de navega\u00e7\u00e3o integrada com efeito custo \u00e9 um sistema de navega\u00e7\u00e3o integrado baseado em girosc\u00f3pio de fibras \u00f3pticas e aceler\u00f4metro MEMS, que integra IMU de alto desempenho, GNSS, magnet\u00f4metro, bar\u00f4metro, tabuleiro de navega\u00e7\u00e3o, etc. O produto tem as seguintes caracter\u00edsticas:<\/p>\n<p>Sensor de fus\u00e3o multifonte,inercial\/GNSS\/magnetometer\/bar\u00f4metro\/velocidade a\u00e9rea;<\/p>\n<p>Pequeno tamanho e peso, 460 g;<\/p>\n<p>Indicadores de desempenho dos produtos<\/p>\n<p>Sincroniza\u00e7\u00e3o estrita do rel\u00f3gio;<\/p>","protected":false},"featured_media":3341,"comment_status":"open","ping_status":"closed","template":"","meta":[],"product_brand":[],"product_cat":[26],"product_tag":[],"class_list":{"0":"post-2880","1":"product","2":"type-product","3":"status-publish","4":"has-post-thumbnail","6":"product_cat-imu-mems-ins","8":"first","9":"instock","10":"shipping-taxable","11":"product-type-simple"},"_links":{"self":[{"href":"https:\/\/www.andelutech.com\/pt\/wp-json\/wp\/v2\/product\/2880","targetHints":{"allow":["GET"]}}],"collection":[{"href":"https:\/\/www.andelutech.com\/pt\/wp-json\/wp\/v2\/product"}],"about":[{"href":"https:\/\/www.andelutech.com\/pt\/wp-json\/wp\/v2\/types\/product"}],"replies":[{"embeddable":true,"href":"https:\/\/www.andelutech.com\/pt\/wp-json\/wp\/v2\/comments?post=2880"}],"wp:featuredmedia":[{"embeddable":true,"href":"https:\/\/www.andelutech.com\/pt\/wp-json\/wp\/v2\/media\/3341"}],"wp:attachment":[{"href":"https:\/\/www.andelutech.com\/pt\/wp-json\/wp\/v2\/media?parent=2880"}],"wp:term":[{"taxonomy":"product_brand","embeddable":true,"href":"https:\/\/www.andelutech.com\/pt\/wp-json\/wp\/v2\/product_brand?post=2880"},{"taxonomy":"product_cat","embeddable":true,"href":"https:\/\/www.andelutech.com\/pt\/wp-json\/wp\/v2\/product_cat?post=2880"},{"taxonomy":"product_tag","embeddable":true,"href":"https:\/\/www.andelutech.com\/pt\/wp-json\/wp\/v2\/product_tag?post=2880"}],"curies":[{"name":"wp","href":"https:\/\/api.w.org\/{rel}","templated":true}]}}