{"id":2793,"date":"2025-07-01T14:54:37","date_gmt":"2025-07-01T06:54:37","guid":{"rendered":"https:\/\/www.andelutech.com\/?post_type=product&#038;p=2793"},"modified":"2026-03-26T17:15:36","modified_gmt":"2026-03-26T09:15:36","slug":"closed-loop-fiber-optic-gyroscope-and-1280","status":"publish","type":"product","link":"https:\/\/www.andelutech.com\/pt\/product\/closed-loop-fiber-optic-gyroscope-and-1280\/","title":{"rendered":"AND-1280 Closed loop fiber optic gyroscope"},"content":{"rendered":"","protected":false},"excerpt":{"rendered":"<p><strong><b>Key Performance Indicators<\/b><\/strong><\/p>\n<p>Estabilidade de vi\u00e9s zero: \u2264 0,005 \u00b0\/h (100s, 1\u03c3)<\/p>\n<p>Repetibilidade de desvio zero: \u2264 0. 004\u00b0\/h<\/p>\n<p>Estabilidade da temperatura: \u2264 0,008 \u00b0\/h (100s, 1\u03c3, 0,3 [UNK]\/min)<\/p>\n<p>Fator de escala n\u00e3o linear: \u2264 5 ppm<\/p>\n<p>Repetibilidade da escala de temperatura completa: \u2264 20 ppm (1\u03c3)<\/p>\n<p>Rango din\u00e2mico: \u00b1 300 \u00b0\/s<\/p>\n<p>Caminho aleat\u00f3rio: \u2264 0. 0005 \u00b0\/\u221a h<\/p>\n<p><strong><b>Propriedades f\u00edsicas<\/b><\/strong><\/p>\n<p>Dimens\u00f5es: 120 mm \u00d7 120 mm \u00d7 38 mm<\/p>\n<p>Peso: 820 g \u00b1 20 g<\/p>\n<p><strong><b>Adaptabilidade ambiental<\/b><\/strong><\/p>\n<p>Temperatura operacional: -40 [UNK]-  65 [UNK]<\/p>\n<p>St.<span style=\"font-size: 12pt;\">Temperatura da tormenta: -50 \u00b0C-75 \u00b0C<\/span><\/p>\n<p><span style=\"font-size: 12pt;\">Resist\u00eancia ao impacto: 20g<\/span><\/p>\n<p><span style=\"font-size: 12pt;\">Resist\u00eancia aleat\u00f3ria \u00e0 vibra\u00e7\u00e3o: 3,2 g<\/span><\/p>\n<p><strong><b>Interface de Produtos<\/b><\/strong><\/p>\n<p>Requisito de abastecimento de energia: \u00b1 5 V<\/p>\n<p>Forma de sa\u00edda: sa\u00edda RS422<\/p>\n<p><strong><b>Caracter\u00edsticas do Produto<\/b><\/strong><\/p>\n<p>Caracter\u00edsticas do produto: prote\u00e7\u00e3o optoelectr\u00f3nica integrada, magn\u00e9tica, projeto produzido nacional<\/p>\n<p>Campos de aplica\u00e7\u00e3o: produziu navega\u00e7\u00e3o e posicionamento de alta precis\u00e3o nacional<\/p>\n<p>&nbsp;<\/p>","protected":false},"featured_media":2775,"comment_status":"open","ping_status":"closed","template":"","meta":[],"product_brand":[],"product_cat":[22],"product_tag":[],"class_list":{"0":"post-2793","1":"product","2":"type-product","3":"status-publish","4":"has-post-thumbnail","6":"product_cat-gyro-sensor","8":"first","9":"instock","10":"shipping-taxable","11":"product-type-simple"},"_links":{"self":[{"href":"https:\/\/www.andelutech.com\/pt\/wp-json\/wp\/v2\/product\/2793","targetHints":{"allow":["GET"]}}],"collection":[{"href":"https:\/\/www.andelutech.com\/pt\/wp-json\/wp\/v2\/product"}],"about":[{"href":"https:\/\/www.andelutech.com\/pt\/wp-json\/wp\/v2\/types\/product"}],"replies":[{"embeddable":true,"href":"https:\/\/www.andelutech.com\/pt\/wp-json\/wp\/v2\/comments?post=2793"}],"wp:featuredmedia":[{"embeddable":true,"href":"https:\/\/www.andelutech.com\/pt\/wp-json\/wp\/v2\/media\/2775"}],"wp:attachment":[{"href":"https:\/\/www.andelutech.com\/pt\/wp-json\/wp\/v2\/media?parent=2793"}],"wp:term":[{"taxonomy":"product_brand","embeddable":true,"href":"https:\/\/www.andelutech.com\/pt\/wp-json\/wp\/v2\/product_brand?post=2793"},{"taxonomy":"product_cat","embeddable":true,"href":"https:\/\/www.andelutech.com\/pt\/wp-json\/wp\/v2\/product_cat?post=2793"},{"taxonomy":"product_tag","embeddable":true,"href":"https:\/\/www.andelutech.com\/pt\/wp-json\/wp\/v2\/product_tag?post=2793"}],"curies":[{"name":"wp","href":"https:\/\/api.w.org\/{rel}","templated":true}]}}