{"id":2792,"date":"2025-07-01T14:50:13","date_gmt":"2025-07-01T06:50:13","guid":{"rendered":"https:\/\/www.andelutech.com\/?post_type=product&#038;p=2792"},"modified":"2026-03-26T17:16:34","modified_gmt":"2026-03-26T09:16:34","slug":"two-axis-closed-loop-fiber-optic-gyro-and-1100","status":"publish","type":"product","link":"https:\/\/www.andelutech.com\/pt\/product\/two-axis-closed-loop-fiber-optic-gyro-and-1100\/","title":{"rendered":"AND-1100 Two-axis closed-loop fiber optic gyro"},"content":{"rendered":"","protected":false},"excerpt":{"rendered":"<p><strong><b>Key Performance Indicators<\/b><\/strong><\/p>\n<p>Estabilidade de vi\u00e9s zero: \u2264 0. 015\u00b0\/h (100s, 1\u03c3)<\/p>\n<p>Repetibilidade de desvio zero: \u2264 0,01\u00b0\/h<\/p>\n<p>Estabilidade da temperatura: \u2264 0. 03\u00b0\/h (100s, 1\u03c3, 0,5 [UNK]\/min)<\/p>\n<p>N\u00e3o linearidade do fator de escala: \u2264 20 ppm<\/p>\n<p>Repetibilidade de escala de temperatura completa: \u2264 50 ppm (1\u03c3)<\/p>\n<p>Rango din\u00e2mico: \u00b1 400 \u00b0\/s<\/p>\n<p>Caminho aleat\u00f3rio: \u2264 0. 0015 \u00b0\/\u221a h<\/p>\n<p><strong><b>Propriedades f\u00edsicas<\/b><\/strong><\/p>\n<p>Dimens\u00f5es: 70 mm \u00d7 70 mm \u00d7 32 mm<\/p>\n<p>Peso: 265 g \u00b1 20 g<\/p>\n<p><strong><b>Adaptabilidade ambiental<\/b><\/strong><\/p>\n<p>Temperatura operacional: -40 [UNK]-  70 [UNK]<\/p>\n<p>Temperatura de armazenamento: -55 \u00b0C - - 75 \u00b0C<\/p>\n<p>Resist\u00eancia ao impacto: 20g<\/p>\n<p>Resist\u00eancia aleat\u00f3ria \u00e0 vibra\u00e7\u00e3o: 7,4 g<\/p>\n<p><strong><b>Interface de Produtos<\/b><\/strong><\/p>\n<p>Requisito de abastecimento de energia: \u00b1 5 V<\/p>\n<p>Forma de sa\u00edda: sa\u00edda RS422<\/p>\n<p><strong><b>Caracter\u00edsticas do Produto<\/b><\/strong><\/p>\n<p>Caracter\u00edsticas do produto: projeto miniaturizado de alta precis\u00e3o, projeto de prote\u00e7\u00e3o magn\u00e9tica fotoel\u00e9trica integrada;<br \/>\nCampos de aplica\u00e7\u00e3o: Encontrador norte, sistema de navega\u00e7\u00e3o de ve\u00edculos de alta performance<\/p>","protected":false},"featured_media":2774,"comment_status":"open","ping_status":"closed","template":"","meta":[],"product_brand":[],"product_cat":[22],"product_tag":[],"class_list":{"0":"post-2792","1":"product","2":"type-product","3":"status-publish","4":"has-post-thumbnail","6":"product_cat-gyro-sensor","8":"first","9":"instock","10":"shipping-taxable","11":"product-type-simple"},"_links":{"self":[{"href":"https:\/\/www.andelutech.com\/pt\/wp-json\/wp\/v2\/product\/2792","targetHints":{"allow":["GET"]}}],"collection":[{"href":"https:\/\/www.andelutech.com\/pt\/wp-json\/wp\/v2\/product"}],"about":[{"href":"https:\/\/www.andelutech.com\/pt\/wp-json\/wp\/v2\/types\/product"}],"replies":[{"embeddable":true,"href":"https:\/\/www.andelutech.com\/pt\/wp-json\/wp\/v2\/comments?post=2792"}],"wp:featuredmedia":[{"embeddable":true,"href":"https:\/\/www.andelutech.com\/pt\/wp-json\/wp\/v2\/media\/2774"}],"wp:attachment":[{"href":"https:\/\/www.andelutech.com\/pt\/wp-json\/wp\/v2\/media?parent=2792"}],"wp:term":[{"taxonomy":"product_brand","embeddable":true,"href":"https:\/\/www.andelutech.com\/pt\/wp-json\/wp\/v2\/product_brand?post=2792"},{"taxonomy":"product_cat","embeddable":true,"href":"https:\/\/www.andelutech.com\/pt\/wp-json\/wp\/v2\/product_cat?post=2792"},{"taxonomy":"product_tag","embeddable":true,"href":"https:\/\/www.andelutech.com\/pt\/wp-json\/wp\/v2\/product_tag?post=2792"}],"curies":[{"name":"wp","href":"https:\/\/api.w.org\/{rel}","templated":true}]}}