{"id":2790,"date":"2025-07-01T14:41:14","date_gmt":"2025-07-01T06:41:14","guid":{"rendered":"https:\/\/www.andelutech.com\/?post_type=product&#038;p=2790"},"modified":"2026-03-26T17:23:39","modified_gmt":"2026-03-26T09:23:39","slug":"inertial-navigation-system-and-320a","status":"publish","type":"product","link":"https:\/\/www.andelutech.com\/pt\/product\/inertial-navigation-system-and-320a\/","title":{"rendered":"AND-320A Inertial navigation system"},"content":{"rendered":"","protected":false},"excerpt":{"rendered":"<p><strong><b>Key Performance Indicators<\/b><\/strong><\/p>\n<p>Precisi\u00e3o de posicionamento de ponto \u00fanico: \u2264 1. 5m (1\u03c3, plano), \u2264 1m (1\u03c3, eleva\u00e7\u00e3o)<\/p>\n<p>Precisi\u00e3o de medi\u00e7\u00e3o de velocidade: \u2264 0. 5 m\/s<\/p>\n<p>Precisi\u00e3o de medi\u00e7\u00e3o do \u00e2ngulo de dire\u00e7\u00e3o: \u2264 0. 07 \u00b0 (1\u03c3)<\/p>\n<p>\u00c1ngulo de atitude horizontal: \u2264 0. 3 \u00b0\u00b0 (1 \u03c3)<\/p>\n<p><strong>Indicadores de desempenho de alinhamento de transfer\u00eancia<\/strong><\/p>\n<p>Precisi\u00e3o de posicionamento: \u2264 1. 5 m (1\u03c3, plano), \u2264 1m (1\u03c3, eleva\u00e7\u00e3o)<\/p>\n<p>Precisi\u00e3o de medi\u00e7\u00e3o de velocidade: \u2264 0. 5 m\/s<\/p>\n<p>Precisi\u00e3o de medi\u00e7\u00e3o do \u00e2ngulo de dire\u00e7\u00e3o: \u2264 0. 07 \u00b0 (1\u03c3)<\/p>\n<p>Precisi\u00e3o de medi\u00e7\u00e3o do \u00e2ngulo da atitude horizontal: \u2264 0. 3\u00b0\u00b0 (1\u03c3)<\/p>\n<p><strong>Tempo de alinhamento<\/strong><\/p>\n<p>Tempo de alinhamento est\u00e1tico da navega\u00e7\u00e3o integrada: \u2264 6 min<\/p>\n<p>Tempo de alinhamento din\u00e2mico de navega\u00e7\u00e3o integrada: \u2264 3 min<\/p>\n<p>Alineamento de transfer\u00eancia Tempo de alinhamento din\u00e2mico: \u2264 3 min<\/p>\n<p><strong>\u00cdndice de desempenho da navega\u00e7\u00e3o inercial pura<\/strong><\/p>\n<p>Precisi\u00e3o de posicionamento: \u2264 2 nmil (em 15 minutos)<\/p>\n<p>Precisi\u00e3o de medi\u00e7\u00e3o de velocidade: \u2264 0. 2 m\/s (dentro dos 60 anos)<\/p>\n<p>Precisi\u00e3o de medi\u00e7\u00e3o do \u00e2ngulo de dire\u00e7\u00e3o: \u2264 0,1\u00b0 (1\u03c3) (dentro de 60 anos)<\/p>\n<p>Precisi\u00e3o horizontal de medi\u00e7\u00e3o do \u00e2ngulo da atitude: \u2264 0.[UNK]03 \u00b0 (1\u03c3) (dentro de 60 anos)<\/p>\n<p><strong>Propriedades f\u00edsicas<\/strong><\/p>\n<p>Dimens\u00f5es: p88mmx77mm<\/p>\n<p>Peso: \u2264 950 g<\/p>\n<p><strong>Interface de Produtos<\/strong><\/p>\n<p>Fornecimento de energia: 28V<\/p>\n<p>Forma de sa\u00edda: sa\u00edda RS422<\/p>\n<p><strong>Caracter\u00edsticas do Produto<\/strong><\/p>\n<p>O painel de computador de navega\u00e7\u00e3o \u00e9 separado da UI, e o painel de computador da UI pode ser instalado no ponto de medi\u00e7\u00e3o e inserido na cabina eletr\u00f4nica para fornecimento unificado de energia e transmiss\u00e3o de dados: a UI tem caracter\u00edsticas de alta integra\u00e7\u00e3o e alta precis\u00e3o<\/p>\n<p><strong>Adaptabilidade ambiental<\/strong><\/p>\n<p>Temperatura operacional: -55 [UNK] [UNK] ~ 70C<\/p>\n<p>Temperatura de armazenamento: -55 [UNK] [UNK] ~ 70PC<\/p>\n<p>Resist\u00eancia ao impacto: 20g<\/p>\n<p>Resist\u00eancia aleat\u00f3ria \u00e0 vibra\u00e7\u00e3o: 6,06 g<\/p>\n<p>Campos de aplica\u00e7\u00e3o: enfrentar necessidades de posicionamento e orienta\u00e7\u00e3o militares e civis de alto desempenho<\/p>","protected":false},"featured_media":2778,"comment_status":"open","ping_status":"closed","template":"","meta":[],"product_brand":[],"product_cat":[22],"product_tag":[],"class_list":{"0":"post-2790","1":"product","2":"type-product","3":"status-publish","4":"has-post-thumbnail","6":"product_cat-gyro-sensor","8":"first","9":"instock","10":"shipping-taxable","11":"product-type-simple"},"_links":{"self":[{"href":"https:\/\/www.andelutech.com\/pt\/wp-json\/wp\/v2\/product\/2790","targetHints":{"allow":["GET"]}}],"collection":[{"href":"https:\/\/www.andelutech.com\/pt\/wp-json\/wp\/v2\/product"}],"about":[{"href":"https:\/\/www.andelutech.com\/pt\/wp-json\/wp\/v2\/types\/product"}],"replies":[{"embeddable":true,"href":"https:\/\/www.andelutech.com\/pt\/wp-json\/wp\/v2\/comments?post=2790"}],"wp:featuredmedia":[{"embeddable":true,"href":"https:\/\/www.andelutech.com\/pt\/wp-json\/wp\/v2\/media\/2778"}],"wp:attachment":[{"href":"https:\/\/www.andelutech.com\/pt\/wp-json\/wp\/v2\/media?parent=2790"}],"wp:term":[{"taxonomy":"product_brand","embeddable":true,"href":"https:\/\/www.andelutech.com\/pt\/wp-json\/wp\/v2\/product_brand?post=2790"},{"taxonomy":"product_cat","embeddable":true,"href":"https:\/\/www.andelutech.com\/pt\/wp-json\/wp\/v2\/product_cat?post=2790"},{"taxonomy":"product_tag","embeddable":true,"href":"https:\/\/www.andelutech.com\/pt\/wp-json\/wp\/v2\/product_tag?post=2790"}],"curies":[{"name":"wp","href":"https:\/\/api.w.org\/{rel}","templated":true}]}}