{"id":2789,"date":"2025-07-01T14:35:44","date_gmt":"2025-07-01T06:35:44","guid":{"rendered":"https:\/\/www.andelutech.com\/?post_type=product&#038;p=2789"},"modified":"2026-03-26T17:26:54","modified_gmt":"2026-03-26T09:26:54","slug":"two-axis-closed-loop-fiber-optic-gyro-and-220","status":"publish","type":"product","link":"https:\/\/www.andelutech.com\/pt\/product\/two-axis-closed-loop-fiber-optic-gyro-and-220\/","title":{"rendered":"AND-220 Two-axis closed-loop fiber optic gyro"},"content":{"rendered":"","protected":false},"excerpt":{"rendered":"<p><strong><b>Key Performance Indicators<\/b><\/strong><\/p>\n<p>Estabilidade de vi\u00e9s zero: \u2264 0,5 \u00b0\/h (10s, 1\u03c3)<\/p>\n<p>Repetibilidade de desvio zero: \u2264 0,5\u00b0\/h<\/p>\n<p>Estabilidade da varia\u00e7\u00e3o da temperatura: \u2264 1,5 \u00b0\/h (10s, 1\u03c3)<\/p>\n<p>Fator de escala n\u00e3o linear: \u2264 50 ppm<\/p>\n<p>Repetibilidade da escala de temperatura completa: \u2264 300 ppm (1 \u03c3)<\/p>\n<p>Rango din\u00e2mico: \u00b1 1000 \u00b0\/s<\/p>\n<p><strong><b>Propriedades f\u00edsicas<\/b><\/strong><\/p>\n<p>Dimens\u00f5es: 63 mm \u00d7 60 mm \u00d7 40 mm<\/p>\n<p>Peso: 210 g \u00b1 10 g<\/p>\n<p><strong><b>Interface de Produtos<\/b><\/strong><\/p>\n<p>Requisito de abastecimento de energia: \u00b1 5 V<\/p>\n<p>Forma de sa\u00edda: sa\u00edda RS422<\/p>\n<p><strong><b>Adaptabilidade ambiental<\/b><\/strong><\/p>\n<p>Temperatura operacional: -45 [UNK]-  75 [UNK]<\/p>\n<p>Temperatura de armazenamento: -55 \u00b0C - - 85 \u00b0C<\/p>\n<p>Resist\u00eancia ao impacto: 100g<\/p>\n<p>Resist\u00eancia aleat\u00f3ria \u00e0 vibra\u00e7\u00e3o: 13g<\/p>\n<p>Resist\u00eancia \u00e0 acelera\u00e7\u00e3o: 50g<\/p>\n<p><strong><b>Caracter\u00edsticas do Produto<\/b><\/strong><\/p>\n<p>Caracter\u00edsticas do produto: Este produto adota uma estrutura optoelectr\u00f3nica integrada, todo estado s\u00f3lido,<\/p>\n<p>Com prote\u00e7\u00e3o de escudos magn\u00e9ticos, 100% produ\u00e7\u00e3o dom\u00e9stica<\/p>\n<p>\u00c1reas de aplica\u00e7\u00e3o: Controlo da atitude<\/p>","protected":false},"featured_media":2777,"comment_status":"open","ping_status":"closed","template":"","meta":[],"product_brand":[],"product_cat":[22],"product_tag":[],"class_list":{"0":"post-2789","1":"product","2":"type-product","3":"status-publish","4":"has-post-thumbnail","6":"product_cat-gyro-sensor","8":"first","9":"instock","10":"shipping-taxable","11":"product-type-simple"},"_links":{"self":[{"href":"https:\/\/www.andelutech.com\/pt\/wp-json\/wp\/v2\/product\/2789","targetHints":{"allow":["GET"]}}],"collection":[{"href":"https:\/\/www.andelutech.com\/pt\/wp-json\/wp\/v2\/product"}],"about":[{"href":"https:\/\/www.andelutech.com\/pt\/wp-json\/wp\/v2\/types\/product"}],"replies":[{"embeddable":true,"href":"https:\/\/www.andelutech.com\/pt\/wp-json\/wp\/v2\/comments?post=2789"}],"wp:featuredmedia":[{"embeddable":true,"href":"https:\/\/www.andelutech.com\/pt\/wp-json\/wp\/v2\/media\/2777"}],"wp:attachment":[{"href":"https:\/\/www.andelutech.com\/pt\/wp-json\/wp\/v2\/media?parent=2789"}],"wp:term":[{"taxonomy":"product_brand","embeddable":true,"href":"https:\/\/www.andelutech.com\/pt\/wp-json\/wp\/v2\/product_brand?post=2789"},{"taxonomy":"product_cat","embeddable":true,"href":"https:\/\/www.andelutech.com\/pt\/wp-json\/wp\/v2\/product_cat?post=2789"},{"taxonomy":"product_tag","embeddable":true,"href":"https:\/\/www.andelutech.com\/pt\/wp-json\/wp\/v2\/product_tag?post=2789"}],"curies":[{"name":"wp","href":"https:\/\/api.w.org\/{rel}","templated":true}]}}