{"id":2788,"date":"2025-07-01T14:32:45","date_gmt":"2025-07-01T06:32:45","guid":{"rendered":"https:\/\/www.andelutech.com\/?post_type=product&#038;p=2788"},"modified":"2026-03-26T17:29:52","modified_gmt":"2026-03-26T09:29:52","slug":"closed-loop-fiber-optic-gyro-and-180","status":"publish","type":"product","link":"https:\/\/www.andelutech.com\/pt\/product\/closed-loop-fiber-optic-gyro-and-180\/","title":{"rendered":"AND-180Closed loop fiber optic gyro"},"content":{"rendered":"","protected":false},"excerpt":{"rendered":"<p><strong>Key Performance Indicators<\/strong><\/p>\n<p>Estabilidade de vi\u00e9s zero: \u2264 0,007 \u00b0\/h (100s, 1\u03c3)<\/p>\n<p>Repetibilidade de desvio zero: \u2264 0,01\u00b0\/h<\/p>\n<p>Estabilidade da temperatura: \u2264 0,02 \u00b0\/h (100s, 1\u03c3, 0,5 \u00b0C\/min)<\/p>\n<p>Fator de escala n\u00e3o linear: \u2264 10 ppm<\/p>\n<p>Repetibilidade de escala de temperatura completa: \u2264 30 ppm (1\u03c3)<\/p>\n<p>Rango din\u00e2mico: \u00b1 400 \u00b0\/s<\/p>\n<p>Caminho aleat\u00f3rio: \u2264 0. 001 \u00b0\/\u221a h<\/p>\n<p><strong><b>Propriedades f\u00edsicas<\/b><\/strong><\/p>\n<p>Dimens\u00f5es: 80 mm \u00d7 80 mm \u00d7 35 mm<\/p>\n<p>Peso: 375 g \u00b1 20 g<\/p>\n<p><strong><b>Adaptabilidade ambiental<\/b><\/strong><\/p>\n<p>Temperatura de trabalho: -40[UNK]- 70[UNK]<br \/>\nTemperatura de armazenamento: -55[UNK]- 75[UNK]<br \/>\nResist\u00eancia ao impacto: 20g<br \/>\nResist\u00eancia aleat\u00f3ria \u00e0 vibra\u00e7\u00e3o: 7,4g<\/p>\n<p><strong><b>Interface de Produtos<\/b><\/strong><\/p>\n<p>Requisito de abastecimento de energia: \u00b1 5 V<\/p>\n<p>Forma de sa\u00edda: sa\u00edda RS422<\/p>\n<p><strong><b>Caracter\u00edsticas do Produto<\/b><\/strong><\/p>\n<p>Design de alta precis\u00e3o miniaturizado, design de escudo magn\u00e9tico optoelectr\u00f3nico integrado;<br \/>\n\u00c1reas de aplica\u00e7\u00e3o: navega\u00e7\u00e3o inercial, posicionamento do solo e sistemas de orienta\u00e7\u00e3o<\/p>","protected":false},"featured_media":2776,"comment_status":"open","ping_status":"closed","template":"","meta":[],"product_brand":[],"product_cat":[22],"product_tag":[],"class_list":{"0":"post-2788","1":"product","2":"type-product","3":"status-publish","4":"has-post-thumbnail","6":"product_cat-gyro-sensor","8":"first","9":"instock","10":"shipping-taxable","11":"product-type-simple"},"_links":{"self":[{"href":"https:\/\/www.andelutech.com\/pt\/wp-json\/wp\/v2\/product\/2788","targetHints":{"allow":["GET"]}}],"collection":[{"href":"https:\/\/www.andelutech.com\/pt\/wp-json\/wp\/v2\/product"}],"about":[{"href":"https:\/\/www.andelutech.com\/pt\/wp-json\/wp\/v2\/types\/product"}],"replies":[{"embeddable":true,"href":"https:\/\/www.andelutech.com\/pt\/wp-json\/wp\/v2\/comments?post=2788"}],"wp:featuredmedia":[{"embeddable":true,"href":"https:\/\/www.andelutech.com\/pt\/wp-json\/wp\/v2\/media\/2776"}],"wp:attachment":[{"href":"https:\/\/www.andelutech.com\/pt\/wp-json\/wp\/v2\/media?parent=2788"}],"wp:term":[{"taxonomy":"product_brand","embeddable":true,"href":"https:\/\/www.andelutech.com\/pt\/wp-json\/wp\/v2\/product_brand?post=2788"},{"taxonomy":"product_cat","embeddable":true,"href":"https:\/\/www.andelutech.com\/pt\/wp-json\/wp\/v2\/product_cat?post=2788"},{"taxonomy":"product_tag","embeddable":true,"href":"https:\/\/www.andelutech.com\/pt\/wp-json\/wp\/v2\/product_tag?post=2788"}],"curies":[{"name":"wp","href":"https:\/\/api.w.org\/{rel}","templated":true}]}}