{"id":2787,"date":"2025-07-01T14:28:56","date_gmt":"2025-07-01T06:28:56","guid":{"rendered":"https:\/\/www.andelutech.com\/?post_type=product&#038;p=2787"},"modified":"2026-03-26T17:30:46","modified_gmt":"2026-03-26T09:30:46","slug":"micro-miniature-photonic-integrated-fiber-optic-gyro-and-110","status":"publish","type":"product","link":"https:\/\/www.andelutech.com\/pt\/product\/micro-miniature-photonic-integrated-fiber-optic-gyro-and-110\/","title":{"rendered":"AND-110 Micro-miniature photonic integrated fiber optic gyro"},"content":{"rendered":"","protected":false},"excerpt":{"rendered":"<p><strong><b>Key Performance Indicators<\/b><\/strong><\/p>\n<p>Estabilidade de vi\u00e9s zero: \u2264 2\u00b0\/h (10s, 1\u03c3)<\/p>\n<p>Repetibilidade de desvio zero: \u2264 2\u00b0\/h<\/p>\n<p>Estabilidade da temperatura: \u2264 30 \u00b0\/h<\/p>\n<p>N\u00e3o linearidade do fator de escala: \u2264 2000 ppm<\/p>\n<p>Repetibilidade da escala de temperatura completa: \u2264 5% (p-p)<\/p>\n<p>Rango din\u00e2mico: \u00b1 500 \u00b0\/s<\/p>\n<p>Caminho aleat\u00f3rio: \u2264 0. 0015 \u00b0\/\u221a h<\/p>\n<p><strong><b>Propriedades f\u00edsicas<\/b><\/strong><\/p>\n<p>Dimens\u00f5es: 61 mm \u00d7 36 mm \u00d7 32 mm<\/p>\n<p>Peso: 110 g \u00b1 10 g<\/p>\n<p><strong><b>Adaptabilidade ambiental<\/b><\/strong><\/p>\n<p>Temperatura operacional: -50 [UNK]-  75 [UNK]<\/p>\n<p>Temperatura de armazenamento: -55 \u00b0C - - 85 \u00b0C<\/p>\n<p>Resist\u00eancia ao impacto: 50g<\/p>\n<p>Resist\u00eancia aleat\u00f3ria \u00e0 vibra\u00e7\u00e3o: 20g<\/p>\n<p>Resist\u00eancia \u00e0 acelera\u00e7\u00e3o: 70g<\/p>\n<p><strong><b>Interface de Produtos<\/b><\/strong><\/p>\n<p>Requisitos de fornecimento de energia: 5V<\/p>\n<p>Forma de sa\u00edda: tens\u00e3o anal\u00f3gica<\/p>\n<p><strong><b>Caracter\u00edsticas do Produto<\/b><\/strong><\/p>\n<p>Caracter\u00edsticas do produto: pequeno tamanho, baixo consumo de energia, baixo custo, alta confiabilidade<\/p>\n<p>Campos de aplica\u00e7\u00e3o: buscador, controle de atitude<\/p>","protected":false},"featured_media":2773,"comment_status":"open","ping_status":"closed","template":"","meta":[],"product_brand":[],"product_cat":[22],"product_tag":[],"class_list":{"0":"post-2787","1":"product","2":"type-product","3":"status-publish","4":"has-post-thumbnail","6":"product_cat-gyro-sensor","8":"first","9":"instock","10":"shipping-taxable","11":"product-type-simple"},"_links":{"self":[{"href":"https:\/\/www.andelutech.com\/pt\/wp-json\/wp\/v2\/product\/2787","targetHints":{"allow":["GET"]}}],"collection":[{"href":"https:\/\/www.andelutech.com\/pt\/wp-json\/wp\/v2\/product"}],"about":[{"href":"https:\/\/www.andelutech.com\/pt\/wp-json\/wp\/v2\/types\/product"}],"replies":[{"embeddable":true,"href":"https:\/\/www.andelutech.com\/pt\/wp-json\/wp\/v2\/comments?post=2787"}],"wp:featuredmedia":[{"embeddable":true,"href":"https:\/\/www.andelutech.com\/pt\/wp-json\/wp\/v2\/media\/2773"}],"wp:attachment":[{"href":"https:\/\/www.andelutech.com\/pt\/wp-json\/wp\/v2\/media?parent=2787"}],"wp:term":[{"taxonomy":"product_brand","embeddable":true,"href":"https:\/\/www.andelutech.com\/pt\/wp-json\/wp\/v2\/product_brand?post=2787"},{"taxonomy":"product_cat","embeddable":true,"href":"https:\/\/www.andelutech.com\/pt\/wp-json\/wp\/v2\/product_cat?post=2787"},{"taxonomy":"product_tag","embeddable":true,"href":"https:\/\/www.andelutech.com\/pt\/wp-json\/wp\/v2\/product_tag?post=2787"}],"curies":[{"name":"wp","href":"https:\/\/api.w.org\/{rel}","templated":true}]}}