{"id":2784,"date":"2025-07-01T14:18:11","date_gmt":"2025-07-01T06:18:11","guid":{"rendered":"https:\/\/www.andelutech.com\/?post_type=product&#038;p=2784"},"modified":"2026-03-26T17:33:01","modified_gmt":"2026-03-26T09:33:01","slug":"closed-loop-fiber-optic-gyroscope-and-98m","status":"publish","type":"product","link":"https:\/\/www.andelutech.com\/pt\/product\/closed-loop-fiber-optic-gyroscope-and-98m\/","title":{"rendered":"AND-98M Closed loop fiber optic gyroscope"},"content":{"rendered":"","protected":false},"excerpt":{"rendered":"<p><strong>Principais indicadores de desempenho<\/strong><\/p>\n<p>Estabilidade de vi\u00e9s zero: 0,020\u00b0\/h (10s, 1\u03c3)<\/p>\n<p>Repetibilidade de vi\u00e9s zero: \u22640,01\u00b0\/h<\/p>\n<p>Estabilidade da temperatura vari\u00e1vel: \u22640,05\u00b0\/h (10s, 1\u03c3, 1[UNK]\/min)<\/p>\n<p>N\u00e3o linearidade do fator de escala: \u226425ppm<\/p>\n<p>Repetibilidade de escala de temperatura completa: \u2264100ppm (1\u03c3)<\/p>\n<p>Rango din\u00e2mico: \u00b1400\u00b0\/s<\/p>\n<p>Caminho aleat\u00f3rio: \u22640,003\u00b0\/\u221ah<\/p>\n<p><strong>Caracter\u00edsticas f\u00edsicas<\/strong><\/p>\n<p>Dimens\u00f5es: 98mm\u00d798mm\u00d735mm<\/p>\n<p>Peso: 540g\u00b120g<\/p>\n<p><strong>Adaptabilidade ambiental<\/strong><\/p>\n<p>Temperatura de trabalho: -40[UNK]- 70[UNK]<\/p>\n<p>Temperatura de armazenamento: -45[UNK]- 70[UNK]<\/p>\n<p>Resist\u00eancia ao impacto: 20g<\/p>\n<p>Resist\u00eancia aleat\u00f3ria \u00e0 vibra\u00e7\u00e3o: 5,4g<\/p>\n<p><strong>Interface de produtos<\/strong><\/p>\n<p>Requisitos de abastecimento de energia: \u00b15V<\/p>\n<p>Forma de sa\u00edda: sa\u00edda RS422<\/p>\n<p><strong>Caracter\u00edsticas do produto<\/strong><\/p>\n<p>Caracter\u00edsticas do produto: girosc\u00f3pio de fibra \u00f3ptica de baixo custo e de alta precis\u00e3o baseado no sistema 1310nm<\/p>\n<p>\u00c1reas de aplica\u00e7\u00e3o: navega\u00e7\u00e3o civil de alta precis\u00e3o<\/p>","protected":false},"featured_media":2780,"comment_status":"open","ping_status":"closed","template":"","meta":[],"product_brand":[],"product_cat":[22],"product_tag":[],"class_list":{"0":"post-2784","1":"product","2":"type-product","3":"status-publish","4":"has-post-thumbnail","6":"product_cat-gyro-sensor","8":"first","9":"instock","10":"shipping-taxable","11":"product-type-simple"},"_links":{"self":[{"href":"https:\/\/www.andelutech.com\/pt\/wp-json\/wp\/v2\/product\/2784","targetHints":{"allow":["GET"]}}],"collection":[{"href":"https:\/\/www.andelutech.com\/pt\/wp-json\/wp\/v2\/product"}],"about":[{"href":"https:\/\/www.andelutech.com\/pt\/wp-json\/wp\/v2\/types\/product"}],"replies":[{"embeddable":true,"href":"https:\/\/www.andelutech.com\/pt\/wp-json\/wp\/v2\/comments?post=2784"}],"wp:featuredmedia":[{"embeddable":true,"href":"https:\/\/www.andelutech.com\/pt\/wp-json\/wp\/v2\/media\/2780"}],"wp:attachment":[{"href":"https:\/\/www.andelutech.com\/pt\/wp-json\/wp\/v2\/media?parent=2784"}],"wp:term":[{"taxonomy":"product_brand","embeddable":true,"href":"https:\/\/www.andelutech.com\/pt\/wp-json\/wp\/v2\/product_brand?post=2784"},{"taxonomy":"product_cat","embeddable":true,"href":"https:\/\/www.andelutech.com\/pt\/wp-json\/wp\/v2\/product_cat?post=2784"},{"taxonomy":"product_tag","embeddable":true,"href":"https:\/\/www.andelutech.com\/pt\/wp-json\/wp\/v2\/product_tag?post=2784"}],"curies":[{"name":"wp","href":"https:\/\/api.w.org\/{rel}","templated":true}]}}