{"id":2770,"date":"2025-07-01T14:06:41","date_gmt":"2025-07-01T06:06:41","guid":{"rendered":"https:\/\/www.andelutech.com\/?post_type=product&#038;p=2770"},"modified":"2026-03-26T17:33:37","modified_gmt":"2026-03-26T09:33:37","slug":"closed-loop-fiber-optic-gyro-and-70lm","status":"publish","type":"product","link":"https:\/\/www.andelutech.com\/pt\/product\/closed-loop-fiber-optic-gyro-and-70lm\/","title":{"rendered":"AND-70LM Closed-loop fiber optic gyro"},"content":{"rendered":"","protected":false},"excerpt":{"rendered":"<p><b><\/b><strong><b>Performa\u00e7\u00e3o chave indicada<\/b><\/strong><strong><b>rs<\/b><\/strong><\/p>\n<p>Estabilidade de vi\u00e9s zero: \u2264 0,15 \u00b0\/h (10s, 1\u03c3)<\/p>\n<p>Repetibilidade de desvio zero: \u2264 0,15\u00b0\/h<\/p>\n<p>Estabilidade da temperatura: \u2264 0. 3\u00b0\/h (10s, 1\u03c3)<\/p>\n<p>Fator de escala n\u00e3o linear: \u2264 50 ppm<\/p>\n<p>Repetibilidade de escala de temperatura completa: \u2264 200 ppm (1\u03c3)<\/p>\n<p>Rango din\u00e2mico: \u00b1 300 \u00b0\/s<\/p>\n<p><b><\/b><strong><b>Propriedades f\u00edsicas<\/b><\/strong><\/p>\n<p>Dimens\u00f5es: 70 mm \u00d7 70 mm \u00d7 32 mm<\/p>\n<p>Peso: 270 g \u00b1 10 g<\/p>\n<p><b><\/b><strong><b>Adaptabilidade ambiental<\/b><\/strong><\/p>\n<p>Temperatura operacional: -45 [UNK]-  75 [UNK]<\/p>\n<p>Temperatura de armazenamento: -55 \u00b0C - - 85 \u00b0C<\/p>\n<p>Resist\u00eancia ao impacto: 100g<\/p>\n<p>Resist\u00eancia aleat\u00f3ria \u00e0 vibra\u00e7\u00e3o: 13g<\/p>\n<p>Resist\u00eancia \u00e0 acelera\u00e7\u00e3o: 50g<\/p>\n<p><strong><b>P<\/b><\/strong><strong><b>produzir a interface<\/b><\/strong><\/p>\n<p>Requisito de abastecimento de energia: \u00b1 5 V<\/p>\n<p>Forma de sa\u00edda: sa\u00edda RS422<\/p>\n<p><b><\/b><strong><b>Caracter\u00edsticas do Produto<\/b><\/strong><\/p>\n<p>Caracter\u00edsticas do produto: Este produto adota estrutura optoelectr\u00f3nica integrada, todo estado s\u00f3lido, e tem prote\u00e7\u00e3o magn\u00e9tica de escudo<\/p>\n<p>Campos de aplica\u00e7\u00e3o: explora\u00e7\u00e3o de minas de carv\u00e3o<\/p>\n<p>&nbsp;<\/p>","protected":false},"featured_media":2771,"comment_status":"open","ping_status":"closed","template":"","meta":[],"product_brand":[],"product_cat":[22],"product_tag":[],"class_list":{"0":"post-2770","1":"product","2":"type-product","3":"status-publish","4":"has-post-thumbnail","6":"product_cat-gyro-sensor","8":"first","9":"instock","10":"shipping-taxable","11":"product-type-simple"},"_links":{"self":[{"href":"https:\/\/www.andelutech.com\/pt\/wp-json\/wp\/v2\/product\/2770","targetHints":{"allow":["GET"]}}],"collection":[{"href":"https:\/\/www.andelutech.com\/pt\/wp-json\/wp\/v2\/product"}],"about":[{"href":"https:\/\/www.andelutech.com\/pt\/wp-json\/wp\/v2\/types\/product"}],"replies":[{"embeddable":true,"href":"https:\/\/www.andelutech.com\/pt\/wp-json\/wp\/v2\/comments?post=2770"}],"wp:featuredmedia":[{"embeddable":true,"href":"https:\/\/www.andelutech.com\/pt\/wp-json\/wp\/v2\/media\/2771"}],"wp:attachment":[{"href":"https:\/\/www.andelutech.com\/pt\/wp-json\/wp\/v2\/media?parent=2770"}],"wp:term":[{"taxonomy":"product_brand","embeddable":true,"href":"https:\/\/www.andelutech.com\/pt\/wp-json\/wp\/v2\/product_brand?post=2770"},{"taxonomy":"product_cat","embeddable":true,"href":"https:\/\/www.andelutech.com\/pt\/wp-json\/wp\/v2\/product_cat?post=2770"},{"taxonomy":"product_tag","embeddable":true,"href":"https:\/\/www.andelutech.com\/pt\/wp-json\/wp\/v2\/product_tag?post=2770"}],"curies":[{"name":"wp","href":"https:\/\/api.w.org\/{rel}","templated":true}]}}