{"id":2695,"date":"2025-06-30T15:37:10","date_gmt":"2025-06-30T07:37:10","guid":{"rendered":"https:\/\/www.andelutech.com\/?post_type=product&#038;p=2695"},"modified":"2026-03-26T17:34:34","modified_gmt":"2026-03-26T09:34:34","slug":"and-fins-70-high-performance-low-cost-fog-ins-2","status":"publish","type":"product","link":"https:\/\/www.andelutech.com\/pt\/product\/and-fins-70-high-performance-low-cost-fog-ins-2\/","title":{"rendered":"E fins-70 de alto desempenho e neblina de baixo custo"},"content":{"rendered":"<p><strong>Estrutura e fun\u00e7\u00f5es do sistema<\/strong><\/p>\n<p>O sistema consiste em um chassi, um corpo da IMU (com um girosc\u00f3pio de fibra \u00f3ptica de tr\u00eas eixos, um aceler\u00f4metro de tr\u00eas eixos), uma placa-m\u00e3e de girosc\u00f3pio, uma placa-m\u00e3e medida, uma fonte de alimenta\u00e7\u00e3o secund\u00e1ria, um computador de navega\u00e7\u00e3o e conectores.<\/p>\n<p>Ele pode atender aos requisitos de medi\u00e7\u00e3o de atitude de tr\u00eas eixos de tr\u00eas eixos de todo o clima da transportadora e tem fun\u00e7\u00e3o de auto-alinhamento. Ele pode realizar fun\u00e7\u00f5es de navega\u00e7\u00e3o inercial pura de curto prazo e navega\u00e7\u00e3o combinada e dados de atitude em tempo real da transportadora de sa\u00edda.<\/p>\n<p><strong>Especifica\u00e7\u00f5es<\/strong><\/p>\n<p><strong>3.1 Especifica\u00e7\u00f5es de desempenho<\/strong><\/p>\n<p>3.1.1 Par\u00e2metro do sensor de temperatura total<\/p>\n<p>O girosc\u00f3pio \u00e9 melhor que 0,05 \u00b0 \/ h e o aceler\u00f4metro \u00e9 melhor que 200ug (10s, 1\u03c3).<\/p>\n<p>3.1.2 Alinhamento inicial (\u00e0 temperatura normal 25 \u00b0 C)<\/p>\n<p>Modo de alinhamento: auto-alinhamento;<\/p>\n<p>Tempo de alinhamento: menos de 5 minutos (base est\u00e1tica);<\/p>\n<p>Atitude horizontal (pitch, roll) Precis\u00e3o de alinhamento (1\u03c3): \u22640,03 \u00b0;<\/p>\n<p>Precis\u00e3o do alinhamento do cabe\u00e7alho (1\u03c3): \u22640,3 \u00b0.<\/p>\n<p>3.1.3 ATIVA\u00c7\u00c3O MANA\u00c7\u00c3O DE ATI\u00c7\u00c3O<\/p>\n<p>1h estado de in\u00e9rcia pura;<\/p>\n<p>Atitude horizontal (pitch, rolo) Manter precis\u00e3o (1\u03c3): \u22640,05 \u00b0;<\/p>\n<p>Precis\u00e3o do cabe\u00e7alho (1\u03c3): \u22640,2 \u00b0;<\/p>\n<p>8h de posi\u00e7\u00e3o de combina\u00e7\u00e3o de posi\u00e7\u00e3o;<\/p>\n<p>Precis\u00e3o da posi\u00e7\u00e3o (CEP): 10m;<\/p>\n<p><strong>3.2 volume, peso<\/strong><\/p>\n<p>3.2.1 E-FINS-70A<\/p>\n<p>O volume do sistema \u00e9: 237 mm \u00d7 157mm \u00d7 122mm;<\/p>\n<p>Peso do sistema: Menos de 5 kg.<\/p>\n<p>3.2.2 E-FINS-70B<\/p>\n<p>O volume do sistema \u00e9: 140mm \u00d7 140mm \u00d7 100mm;<\/p>\n<p>Peso do sistema: Menos de 3 kg.<\/p>\n<p><strong>3.3 Requisitos de condi\u00e7\u00f5es ambientais<\/strong><\/p>\n<p>Faixa de temperatura operacional: -40 \u00b0 C ~+60 \u00b0 C.<\/p>\n<p><strong>3.4 Fonte de alimenta\u00e7\u00e3o e consumo de energia<\/strong><\/p>\n<p>O consumo m\u00e9dio de energia \u00e9 de 15W, 10W a temperatura normal;<\/p>\n<p>Fonte de alimenta\u00e7\u00e3o 24V, tens\u00e3o de trabalho 16 ~ 32V.<\/p>\n<p><strong>3.5 Interface de entrada e sa\u00edda<\/strong><\/p>\n<p>Interface de entrada e sa\u00edda RS422: Envie par\u00e2metros de navega\u00e7\u00e3o e receba comandos de controle<\/p>\n<p>Se interessados em alto desempenho e - Low Cost FOG INS, pls contactem-nos: info@joinsunny.cn<\/p>","protected":false},"excerpt":{"rendered":"<p>AND-FINS-70[UNK]HighPerformance &amp; [UNK]Low Cost FOG INS[UNK]\u00e9 composto principalmente por tr\u00eas giroscopas de fibra \u00f3ptica s\u00f3lida, tr\u00eas quartos de aceler\u00f4metros flex\u00edveis, placas de embalagem de dados, partes estruturais corporais e software conexo. Pode medir a velocidade angular e a acelera\u00e7\u00e3o linear do movimento do portador; - realiza a compensa\u00e7\u00e3o de erro da temperatura, \u00e2ngulo de desalinhamento da instala\u00e7\u00e3o, n\u00e3o-linearidade e posi\u00e7\u00e3o zero, etc.; - procura e produz autom\u00e1ticamente dire\u00e7\u00e3o norte verdadeira; - fornece atitude tridimensional; fornece informa\u00e7\u00e3o para atitude de carregador e controle de navega\u00e7\u00e3o e o resultado da medi\u00e7\u00e3o \u00e9 sa\u00edda atrav\u00e9s da interface de s\u00e9rie RS422.<\/p>","protected":false},"featured_media":2697,"comment_status":"open","ping_status":"closed","template":"","meta":[],"product_brand":[],"product_cat":[26],"product_tag":[],"class_list":{"0":"post-2695","1":"product","2":"type-product","3":"status-publish","4":"has-post-thumbnail","6":"product_cat-imu-mems-ins","8":"first","9":"instock","10":"shipping-taxable","11":"product-type-simple"},"_links":{"self":[{"href":"https:\/\/www.andelutech.com\/pt\/wp-json\/wp\/v2\/product\/2695","targetHints":{"allow":["GET"]}}],"collection":[{"href":"https:\/\/www.andelutech.com\/pt\/wp-json\/wp\/v2\/product"}],"about":[{"href":"https:\/\/www.andelutech.com\/pt\/wp-json\/wp\/v2\/types\/product"}],"replies":[{"embeddable":true,"href":"https:\/\/www.andelutech.com\/pt\/wp-json\/wp\/v2\/comments?post=2695"}],"wp:featuredmedia":[{"embeddable":true,"href":"https:\/\/www.andelutech.com\/pt\/wp-json\/wp\/v2\/media\/2697"}],"wp:attachment":[{"href":"https:\/\/www.andelutech.com\/pt\/wp-json\/wp\/v2\/media?parent=2695"}],"wp:term":[{"taxonomy":"product_brand","embeddable":true,"href":"https:\/\/www.andelutech.com\/pt\/wp-json\/wp\/v2\/product_brand?post=2695"},{"taxonomy":"product_cat","embeddable":true,"href":"https:\/\/www.andelutech.com\/pt\/wp-json\/wp\/v2\/product_cat?post=2695"},{"taxonomy":"product_tag","embeddable":true,"href":"https:\/\/www.andelutech.com\/pt\/wp-json\/wp\/v2\/product_tag?post=2695"}],"curies":[{"name":"wp","href":"https:\/\/api.w.org\/{rel}","templated":true}]}}