{"id":2442,"date":"2025-05-23T15:40:57","date_gmt":"2025-05-23T07:40:57","guid":{"rendered":"https:\/\/www.andelutech.com\/?post_type=product&#038;p=2442"},"modified":"2026-03-26T17:35:19","modified_gmt":"2026-03-26T09:35:19","slug":"and-ts-5148cu","status":"publish","type":"product","link":"https:\/\/www.andelutech.com\/pt\/product\/and-ts-5148cu\/","title":{"rendered":"AND-TS-5148CU"},"content":{"rendered":"","protected":false},"excerpt":{"rendered":"<p><strong><b>Introdu\u00e7\u00e3o <\/b><\/strong><\/p>\n<p><strong><b>Descri\u00e7\u00e3o do produto<\/b><\/strong><\/p>\n<p>E e-TS-5148CU e eixo \u00fanico\u00a0<a href=\"https:\/\/www.ericcointernational.com\/inclinomter\/\">Medidor de inclina\u00e7\u00e3o<\/a>\u00a0\u00e9 um pequeno volume MEMS MEMS EXTRUNDO METURO DE EXECUTO DA CURTA, a corrente De Sa\u00edda De 4 ~ 20mA, 0 ~ 20MA, 0 ~ 24MA \u00e9 opcional. Devido ao dispositivo de inclina\u00e7\u00e3o do processo de produ\u00e7\u00e3o micro-eletromec\u00e2nica interno, o produto \u00e9 pequeno em tamanho, baixo consumo de energia, a temperatura de trabalho de n\u00edvel industrial \u00e9 de -40 ~+85 \u2103 e a transmiss\u00e3o de longa dist\u00e2ncia pode atingir mais de 2500 metros. A forte capacidade de resistir \u00e0 interfer\u00eancia eletromagn\u00e9tica externa o torna adequado para trabalhos de longo prazo em ambientes industriais severos.<\/p>\n<p>O produto adota o princ\u00edpio da medi\u00e7\u00e3o sem contato, que pode gerar a atitude atual e o \u00e2ngulo de inclina\u00e7\u00e3o em tempo real com uma precis\u00e3o de at\u00e9 0,3 \u00b0. \u00c9 simples de usar e n\u00e3o h\u00e1 necessidade de encontrar as duas superf\u00edcies com mudan\u00e7as relativas, por isso \u00e9 a escolha ideal de equipamentos industriais e medi\u00e7\u00e3o de atitude da plataforma.<\/p>\n<p><strong><b>Caracter\u00edsticas<\/b><\/strong><\/p>\n<p>Monitoramento de inclina\u00e7\u00e3o de eixo \u00fanico<\/p>\n<p>Precis\u00e3o de alcance total 0,3 \u00b0, resolu\u00e7\u00e3o 0,05 \u00b0<\/p>\n<p>Sa\u00edda 4 ~ 20mA, 0 ~ 20MA, 0 ~ 24MA opcional<\/p>\n<p>Entrada de tens\u00e3o ampla dc 9 ~ 36v<\/p>\n<p>Wide temperature Working -40 ~+85 \u2103<\/p>\n<p>Faixa de medi\u00e7\u00e3o: 0 ~ \u00b1 180 \u00b0 (opcional)<\/p>\n<p>Alta resist\u00eancia \u00e0 vibra\u00e7\u00e3o&gt; 2500 g<\/p>\n<p>Prote\u00e7\u00e3o IP67<\/p>\n<p>Design Industrial<\/p>\n<p>Pequeno volume (55*37*24mm) (personaliz\u00e1vel)<\/p>","protected":false},"featured_media":3342,"comment_status":"open","ping_status":"closed","template":"","meta":[],"product_brand":[],"product_cat":[24],"product_tag":[],"class_list":{"0":"post-2442","1":"product","2":"type-product","3":"status-publish","4":"has-post-thumbnail","6":"product_cat-tilt-sensor","8":"first","9":"instock","10":"shipping-taxable","11":"product-type-simple"},"_links":{"self":[{"href":"https:\/\/www.andelutech.com\/pt\/wp-json\/wp\/v2\/product\/2442","targetHints":{"allow":["GET"]}}],"collection":[{"href":"https:\/\/www.andelutech.com\/pt\/wp-json\/wp\/v2\/product"}],"about":[{"href":"https:\/\/www.andelutech.com\/pt\/wp-json\/wp\/v2\/types\/product"}],"replies":[{"embeddable":true,"href":"https:\/\/www.andelutech.com\/pt\/wp-json\/wp\/v2\/comments?post=2442"}],"wp:featuredmedia":[{"embeddable":true,"href":"https:\/\/www.andelutech.com\/pt\/wp-json\/wp\/v2\/media\/3342"}],"wp:attachment":[{"href":"https:\/\/www.andelutech.com\/pt\/wp-json\/wp\/v2\/media?parent=2442"}],"wp:term":[{"taxonomy":"product_brand","embeddable":true,"href":"https:\/\/www.andelutech.com\/pt\/wp-json\/wp\/v2\/product_brand?post=2442"},{"taxonomy":"product_cat","embeddable":true,"href":"https:\/\/www.andelutech.com\/pt\/wp-json\/wp\/v2\/product_cat?post=2442"},{"taxonomy":"product_tag","embeddable":true,"href":"https:\/\/www.andelutech.com\/pt\/wp-json\/wp\/v2\/product_tag?post=2442"}],"curies":[{"name":"wp","href":"https:\/\/api.w.org\/{rel}","templated":true}]}}