{"id":2439,"date":"2025-05-23T15:39:12","date_gmt":"2025-05-23T07:39:12","guid":{"rendered":"https:\/\/www.andelutech.com\/?post_type=product&#038;p=2439"},"modified":"2026-01-14T09:48:35","modified_gmt":"2026-01-14T01:48:35","slug":"low-cost-single-axis-tilt-sensor-digital-output-5146di","status":"publish","type":"product","link":"https:\/\/www.andelutech.com\/pt\/product\/low-cost-single-axis-tilt-sensor-digital-output-5146di\/","title":{"rendered":"AND-TS-5146DI Low Cost Single Axis Tilt Sensor Digital Output"},"content":{"rendered":"","protected":false},"excerpt":{"rendered":"<p><strong><b>Introdu\u00e7\u00e3o<\/b><\/strong><\/p>\n<p>O e-TS-5146DI Digital Axis Tilt Meter \u00e9 uma nova gera\u00e7\u00e3o de sensor de inclina\u00e7\u00e3o MEMS de pequeno volume digital com uma unidade de inclina\u00e7\u00e3o de gravidade de canal duplo embutido converte a mudan\u00e7a de inclina\u00e7\u00e3o medindo a acelera\u00e7\u00e3o gravitacional est\u00e1tica. Assim, a sa\u00edda do sensor pode ser medida em rela\u00e7\u00e3o \u00e0 inclina\u00e7\u00e3o do plano horizontal e ao \u00e2ngulo de inclina\u00e7\u00e3o. O modo de sa\u00edda possui interface de n\u00edvel RS232, RS485 ou TTL, Modbus para escolher. Devido ao sistema de controle MCU interno, a linearidade de sa\u00edda do sensor foi corrigida duas vezes para compensar a perda de precis\u00e3o causada pela falta de corre\u00e7\u00e3o anal\u00f3gica.<\/p>\n<p>O produto adota medi\u00e7\u00e3o sem contato da quantidade original, que pode gerar a atitude e a inclina\u00e7\u00e3o atuais em tempo real. A opera\u00e7\u00e3o \u00e9 simples e n\u00e3o h\u00e1 necessidade de recuperar os dois lados da mudan\u00e7a. Ele pode resistir \u00e0 interfer\u00eancia eletromagn\u00e9tica externa e se adaptar ao ambiente industrial severo para trabalhos de longo prazo, por isso \u00e9 uma escolha ideal para controle de automa\u00e7\u00e3o industrial e medi\u00e7\u00e3o de atitude da plataforma.<\/p>\n<p><strong><b>Caracter\u00edsticas<\/b><\/strong><\/p>\n<p>Monitoramento de inclina\u00e7\u00e3o de eixo \u00fanico<\/p>\n<p>Precis\u00e3o de alcance total 0,3 \u00b0, resolu\u00e7\u00e3o 0,05 \u00b0<\/p>\n<p>Frequ\u00eancia de sa\u00edda 5 ~ 100Hz (opcional)<\/p>\n<p>Tens\u00e3o de entrada DC 5V<\/p>\n<p>Wide temperature Working -40 ~+85 \u2103<\/p>\n<p>Faixa de medi\u00e7\u00e3o: 0 ~ \u00b1 180 \u00b0 (opcional)<\/p>\n<p>Alta resist\u00eancia \u00e0 vibra\u00e7\u00e3o&gt; 2500 g<\/p>\n<p>Taxa de transmiss\u00e3o2400 ~ 115200 (ajust\u00e1vel)<\/p>\n<p>Prote\u00e7\u00e3o IP67<\/p>\n<p>Sa\u00edda: rs232 \/RS485\/TTL\/MODBUS (opcional)<\/p>\n<p>Pequeno volume (55*37*24mm) (personaliz\u00e1vel)<\/p>\n<p><strong><b>Aplica\u00e7\u00f5es<\/b><\/strong><\/p>\n<p>Monitoramento da torre de alta tens\u00e3o da linha de energia<\/p>\n<p>Posicionamento de antena solar sat\u00e9lite<\/p>\n<p>Ve\u00edculo de trabalho a\u00e9reo<\/p>\n<p>M\u00e1quinas de minera\u00e7\u00e3o, equipamento de registro de \u00f3leo<\/p>\n<p>Equipamento m\u00e9dico<\/p>\n<p>Nivelamento do GIMP<\/p>\n<p>Plataforma de eleva\u00e7\u00e3o hidr\u00e1ulica<\/p>\n<p>Monitoramento baseado em inclina\u00e7\u00e3o<\/p>\n<p>Controle de \u00e2ngulo de m\u00e1quinas de constru\u00e7\u00e3o de v\u00e1rias m\u00e1quinas<\/p>\n<p>Inspe\u00e7\u00e3o de pontes e barragens<\/p>","protected":false},"featured_media":3343,"comment_status":"open","ping_status":"closed","template":"","meta":[],"product_brand":[],"product_cat":[24],"product_tag":[],"class_list":{"0":"post-2439","1":"product","2":"type-product","3":"status-publish","4":"has-post-thumbnail","6":"product_cat-tilt-sensor","8":"first","9":"instock","10":"shipping-taxable","11":"product-type-simple"},"_links":{"self":[{"href":"https:\/\/www.andelutech.com\/pt\/wp-json\/wp\/v2\/product\/2439","targetHints":{"allow":["GET"]}}],"collection":[{"href":"https:\/\/www.andelutech.com\/pt\/wp-json\/wp\/v2\/product"}],"about":[{"href":"https:\/\/www.andelutech.com\/pt\/wp-json\/wp\/v2\/types\/product"}],"replies":[{"embeddable":true,"href":"https:\/\/www.andelutech.com\/pt\/wp-json\/wp\/v2\/comments?post=2439"}],"wp:featuredmedia":[{"embeddable":true,"href":"https:\/\/www.andelutech.com\/pt\/wp-json\/wp\/v2\/media\/3343"}],"wp:attachment":[{"href":"https:\/\/www.andelutech.com\/pt\/wp-json\/wp\/v2\/media?parent=2439"}],"wp:term":[{"taxonomy":"product_brand","embeddable":true,"href":"https:\/\/www.andelutech.com\/pt\/wp-json\/wp\/v2\/product_brand?post=2439"},{"taxonomy":"product_cat","embeddable":true,"href":"https:\/\/www.andelutech.com\/pt\/wp-json\/wp\/v2\/product_cat?post=2439"},{"taxonomy":"product_tag","embeddable":true,"href":"https:\/\/www.andelutech.com\/pt\/wp-json\/wp\/v2\/product_tag?post=2439"}],"curies":[{"name":"wp","href":"https:\/\/api.w.org\/{rel}","templated":true}]}}