{"id":2436,"date":"2025-05-23T15:37:47","date_gmt":"2025-05-23T07:37:47","guid":{"rendered":"https:\/\/www.andelutech.com\/?post_type=product&#038;p=2436"},"modified":"2026-01-09T13:54:29","modified_gmt":"2026-01-09T05:54:29","slug":"low-cost-single-axis-tilt-sensor-canopen-output-5145ca","status":"publish","type":"product","link":"https:\/\/www.andelutech.com\/pt\/product\/low-cost-single-axis-tilt-sensor-canopen-output-5145ca\/","title":{"rendered":"AND-TM-5145CA Low Cost Single Axis Tilt Sensor CANopen Output"},"content":{"rendered":"","protected":false},"excerpt":{"rendered":"<p><strong><b>Introdu\u00e7\u00e3o<\/b><\/strong><\/p>\n<p>O inclin\u00f4metro do eixo duplo de sa\u00edda do dossona \u00e9 um produto desenvolvido especialmente para o controle de campo industrial. O produto possui uma unidade de inclina\u00e7\u00e3o de produ\u00e7\u00e3o de produ\u00e7\u00e3o micro-eletromec\u00e2nica integrada, que possui as caracter\u00edsticas de tamanho pequeno, baixo consumo de energia e alta consist\u00eancia e estabilidade do processo micro-eletromec\u00e2nico. \u00c9 um m\u00f3dulo de inclina\u00e7\u00e3o industrial com uma temperatura de trabalho de -40 ~+85 \u00b0 C.<\/p>\n<p>O produto usa medi\u00e7\u00e3o sem contato da quantidade original e pode gerar a atitude e a inclina\u00e7\u00e3o atuais em tempo real. A opera\u00e7\u00e3o \u00e9 simples e n\u00e3o h\u00e1 necessidade de recuperar as duas faces das mudan\u00e7as relativas. Possui forte resist\u00eancia \u00e0 interfer\u00eancia eletromagn\u00e9tica externa e pode se adaptar ao trabalho de longo prazo em ambientes industriais severos, tornando-a uma escolha ideal para controle de automa\u00e7\u00e3o industrial e medi\u00e7\u00e3o de atitude da plataforma.<\/p>\n<p><strong><b>Destaques<\/b><\/strong><\/p>\n<p>Monitoramento de inclina\u00e7\u00e3o de eixo \u00fanico<\/p>\n<p>Precis\u00e3o de alcance total 0,3 \u00b0, resolu\u00e7\u00e3o 0,05 \u00b0<\/p>\n<p>Frequ\u00eancia de sa\u00edda 5 ~ 100Hz (opcional)<\/p>\n<p>Tens\u00e3o de entrada DC 5V<\/p>\n<p>Wide temperature Working -40 ~+85 \u2103<\/p>\n<p>Faixa de medi\u00e7\u00e3o: 0 ~ \u00b1 180 \u00b0 (opcional)<\/p>\n<p>Alta resist\u00eancia \u00e0 vibra\u00e7\u00e3o&gt; 2500 g<\/p>\n<p>Taxa de transmiss\u00e3o 100k-500k bps<\/p>\n<p>Prote\u00e7\u00e3o IP67<\/p>\n<p>Sa\u00edda: Canopen<\/p>\n<p>Pequeno volume (55*37*24mm) (personaliz\u00e1vel)<\/p>\n<p><strong><b>Aplica\u00e7\u00f5es<\/b><\/strong><\/p>\n<p>Monitoramento da torre de arame de alta tens\u00e3o<\/p>\n<p>Posicionamento de antena solar sat\u00e9lite<\/p>\n<p>M\u00e1quinas de alta agricultura, m\u00e1quinas de agricultura profunda e minera\u00e7\u00e3o<\/p>\n<p>Equipamento de equipamento de registro de \u00f3leo Equipamento m\u00e9dico<\/p>\n<p>Nivelamento de inclina\u00e7\u00e3o<\/p>\n<p>Plataforma de eleva\u00e7\u00e3o hidr\u00e1ulica<\/p>\n<p>Monitoramento da inclina\u00e7\u00e3o<\/p>\n<p>Controle de \u00e2ngulo de v\u00e1rias m\u00e1quinas de constru\u00e7\u00e3o<\/p>\n<p>Inspe\u00e7\u00e3o de pontes e barragens<\/p>","protected":false},"featured_media":3367,"comment_status":"open","ping_status":"closed","template":"","meta":[],"product_brand":[],"product_cat":[24],"product_tag":[],"class_list":{"0":"post-2436","1":"product","2":"type-product","3":"status-publish","4":"has-post-thumbnail","6":"product_cat-tilt-sensor","8":"first","9":"instock","10":"shipping-taxable","11":"product-type-simple"},"_links":{"self":[{"href":"https:\/\/www.andelutech.com\/pt\/wp-json\/wp\/v2\/product\/2436","targetHints":{"allow":["GET"]}}],"collection":[{"href":"https:\/\/www.andelutech.com\/pt\/wp-json\/wp\/v2\/product"}],"about":[{"href":"https:\/\/www.andelutech.com\/pt\/wp-json\/wp\/v2\/types\/product"}],"replies":[{"embeddable":true,"href":"https:\/\/www.andelutech.com\/pt\/wp-json\/wp\/v2\/comments?post=2436"}],"wp:featuredmedia":[{"embeddable":true,"href":"https:\/\/www.andelutech.com\/pt\/wp-json\/wp\/v2\/media\/3367"}],"wp:attachment":[{"href":"https:\/\/www.andelutech.com\/pt\/wp-json\/wp\/v2\/media?parent=2436"}],"wp:term":[{"taxonomy":"product_brand","embeddable":true,"href":"https:\/\/www.andelutech.com\/pt\/wp-json\/wp\/v2\/product_brand?post=2436"},{"taxonomy":"product_cat","embeddable":true,"href":"https:\/\/www.andelutech.com\/pt\/wp-json\/wp\/v2\/product_cat?post=2436"},{"taxonomy":"product_tag","embeddable":true,"href":"https:\/\/www.andelutech.com\/pt\/wp-json\/wp\/v2\/product_tag?post=2436"}],"curies":[{"name":"wp","href":"https:\/\/api.w.org\/{rel}","templated":true}]}}