{"id":2433,"date":"2025-05-23T15:36:02","date_gmt":"2025-05-23T07:36:02","guid":{"rendered":"https:\/\/www.andelutech.com\/?post_type=product&#038;p=2433"},"modified":"2026-01-14T09:59:30","modified_gmt":"2026-01-14T01:59:30","slug":"low-cost-voltage-output-single-axis-tilt-sensor-5140vo","status":"publish","type":"product","link":"https:\/\/www.andelutech.com\/pt\/product\/low-cost-voltage-output-single-axis-tilt-sensor-5140vo\/","title":{"rendered":"AND-TS-5140VO Low Cost Voltage Output Single Axis Tilt Sensor"},"content":{"rendered":"","protected":false},"excerpt":{"rendered":"<p><strong><b>Introdu\u00e7\u00e3o<\/b><\/strong><\/p>\n<p>S\u00e9rie e TS-5140vo\u00a0<a href=\"https:\/\/www.ericcointernational.com\/inclinomter\/\">sensor de inclina\u00e7\u00e3o<\/a>\u00a0\u00e9 uma inclina\u00e7\u00e3o de sa\u00edda de tens\u00e3o \u00fanica de baixo custo\u00a0<a href=\"https:\/\/www.ericcointernational.com\/inclinomter\/\">sensor<\/a>. A tens\u00e3o de sa\u00edda \u00e9 0 ~ 5V e 0 ~ 10V \u00e9 opcional. \u00c9 destinado principalmente ao mercado de aplicativos, onde o volume e o custo s\u00e3o altamente limitados. Devido \u00e0 unidade de inclina\u00e7\u00e3o interna de uma nova gera\u00e7\u00e3o de processo de produ\u00e7\u00e3o do MEMS, o produto acabado \u00e9 pequeno em tamanho e baixo consumo de energia. A consist\u00eancia e a estabilidade do processo MEMS s\u00e3o muito altas e sua temperatura de trabalho atinge o grau industrial -40 ~+85 \u2103, que \u00e9 um m\u00f3dulo de inclina\u00e7\u00e3o econ\u00f4mico.<\/p>\n<p>O produto adota o princ\u00edpio da medi\u00e7\u00e3o sem contato, que pode gerar a atitude e a inclina\u00e7\u00e3o da corrente em tempo real. A opera\u00e7\u00e3o \u00e9 simples, n\u00e3o h\u00e1 necessidade de procurar duas faces com mudan\u00e7as relativas. Possui as caracter\u00edsticas de tamanho pequeno e forte resist\u00eancia a choque e vibra\u00e7\u00e3o, especialmente adequados para ambientes industriais severos.<\/p>\n<p><strong><b>Destaques<\/b><\/strong><\/p>\n<p>Monitoramento de inclina\u00e7\u00e3o de eixo \u00fanico<\/p>\n<p>Precis\u00e3o de alcance total 0,3 \u00b0, resolu\u00e7\u00e3o 0,05 \u00b0<\/p>\n<p>Sa\u00edda: 0-5V, 0-10V (opcional)<\/p>\n<p>Entrada de tens\u00e3o ampla dc 9 ~ 36v<\/p>\n<p>Wide temperature Working -40 ~+85 \u2103<\/p>\n<p>Faixa de medi\u00e7\u00e3o: 0 ~ \u00b1 180 \u00b0 (opcional)<\/p>\n<p>Alta resist\u00eancia \u00e0 vibra\u00e7\u00e3o&gt; 2500 g<\/p>\n<p>Prote\u00e7\u00e3o IP67<\/p>\n<p>Design Industrial<\/p>\n<p>Pequeno volume (55*37*24mm) (personaliz\u00e1vel)<\/p>\n<p><strong><b>Aplica\u00e7\u00f5es<\/b><\/strong><\/p>\n<p>Linha de transmiss\u00e3o de energia inteligente<\/p>\n<p>Caminh\u00e3o de trabalho a\u00e9reo<\/p>\n<p>Trtrtritor, m\u00e1quinas agr\u00edcolas profundas<\/p>\n<p>M\u00e1quinas de minera\u00e7\u00e3o, equipamento de registro de \u00f3leo<\/p>\n<p>Equipamento m\u00e9dico<\/p>\n<p>Nivelamento de inclina\u00e7\u00e3o<\/p>\n<p>Plataforma de eleva\u00e7\u00e3o hidr\u00e1ulica<\/p>\n<p>Monitoramento da inclina\u00e7\u00e3o<\/p>\n<p>Controle de \u00e2ngulo de v\u00e1rias m\u00e1quinas de constru\u00e7\u00e3o<\/p>\n<p>Inspe\u00e7\u00e3o de pontes e barragens<\/p>","protected":false},"featured_media":3344,"comment_status":"open","ping_status":"closed","template":"","meta":[],"product_brand":[],"product_cat":[24],"product_tag":[],"class_list":{"0":"post-2433","1":"product","2":"type-product","3":"status-publish","4":"has-post-thumbnail","6":"product_cat-tilt-sensor","8":"first","9":"instock","10":"shipping-taxable","11":"product-type-simple"},"_links":{"self":[{"href":"https:\/\/www.andelutech.com\/pt\/wp-json\/wp\/v2\/product\/2433","targetHints":{"allow":["GET"]}}],"collection":[{"href":"https:\/\/www.andelutech.com\/pt\/wp-json\/wp\/v2\/product"}],"about":[{"href":"https:\/\/www.andelutech.com\/pt\/wp-json\/wp\/v2\/types\/product"}],"replies":[{"embeddable":true,"href":"https:\/\/www.andelutech.com\/pt\/wp-json\/wp\/v2\/comments?post=2433"}],"wp:featuredmedia":[{"embeddable":true,"href":"https:\/\/www.andelutech.com\/pt\/wp-json\/wp\/v2\/media\/3344"}],"wp:attachment":[{"href":"https:\/\/www.andelutech.com\/pt\/wp-json\/wp\/v2\/media?parent=2433"}],"wp:term":[{"taxonomy":"product_brand","embeddable":true,"href":"https:\/\/www.andelutech.com\/pt\/wp-json\/wp\/v2\/product_brand?post=2433"},{"taxonomy":"product_cat","embeddable":true,"href":"https:\/\/www.andelutech.com\/pt\/wp-json\/wp\/v2\/product_cat?post=2433"},{"taxonomy":"product_tag","embeddable":true,"href":"https:\/\/www.andelutech.com\/pt\/wp-json\/wp\/v2\/product_tag?post=2433"}],"curies":[{"name":"wp","href":"https:\/\/api.w.org\/{rel}","templated":true}]}}