{"id":2426,"date":"2025-05-23T15:29:46","date_gmt":"2025-05-23T07:29:46","guid":{"rendered":"https:\/\/www.andelutech.com\/?post_type=product&#038;p=2426"},"modified":"2026-01-09T14:01:40","modified_gmt":"2026-01-09T06:01:40","slug":"current-output-type-2-axis-tilt-sensor-3268cu","status":"publish","type":"product","link":"https:\/\/www.andelutech.com\/pt\/product\/current-output-type-2-axis-tilt-sensor-3268cu\/","title":{"rendered":"AND-TS-3268CU Current Output Type 2 Axis Tilt Sensor"},"content":{"rendered":"","protected":false},"excerpt":{"rendered":"<p><strong><b>Introdu\u00e7\u00e3o<\/b><\/strong><\/p>\n<p>E TS-3268CU \u00e9 um sensor de inclina\u00e7\u00e3o de sa\u00edda de corrente dupla industrial padr\u00e3o. Existem correntes padr\u00e3o de 4-20mA, 0-20mA, 0-24mA para escolher e podem transmitir 2000 metros de dist\u00e2ncia.<\/p>\n<p>O produto adota a tecnologia de produ\u00e7\u00e3o de sensores MEMS, que pode compensar com precis\u00e3o e corrigir erros de temperatura e erros lineares. Possui as caracter\u00edsticas de alta precis\u00e3o, tamanho pequeno, tecnologia de alta embalagem, forte resist\u00eancia \u00e0 vibra\u00e7\u00e3o, circuitos de interfer\u00eancia anti-radionteados e anti-eletromagn\u00e9ticos, o que \u00e9 especialmente adequado para aplica\u00e7\u00f5es subterr\u00e2neas em ambientes industriais severos, como m\u00e1quinas de escava\u00e7\u00e3o.<\/p>\n<p><strong><b>Caracter\u00edsticas<\/b><\/strong><\/p>\n<p>Monitoramento de inclina\u00e7\u00e3o do eixo duplo<\/p>\n<p>Precis\u00e3o de alcance total 0,01 \u00b0, resolu\u00e7\u00e3o 0,001 \u00b0<\/p>\n<p>Sa\u00edda 4 ~ 20mA, 0 ~ 20mA, 0 ~ 24MA (opcional)<\/p>\n<p>Entrada de tens\u00e3o ampla dc 9 ~ 36v<\/p>\n<p>Wide temperature Working -40 ~+85 \u2103<\/p>\n<p>Faixa de medi\u00e7\u00e3o: 0 ~ \u00b1 90 \u00b0 (opcional)<\/p>\n<p>Alta resist\u00eancia \u00e0 vibra\u00e7\u00e3o&gt; 20000g<\/p>\n<p>Prote\u00e7\u00e3o IP67<\/p>\n<p>Pode gerar Rs232 ao mesmo tempo<\/p>\n<p>Pequeno volume (90*40*27mm) (personaliz\u00e1vel)<\/p>\n<p><strong><b>Aplica\u00e7\u00f5es<\/b><\/strong><\/p>\n<p>Monitoramento da torre de alta tens\u00e3o da linha de energia<\/p>\n<p>Posicionamento de antena solar sat\u00e9lite<\/p>\n<p>Caminh\u00e3o de trabalho a\u00e9reo<\/p>\n<p>M\u00e1quinas de minera\u00e7\u00e3o, equipamento de registro de \u00f3leo<\/p>\n<p>Equipamento m\u00e9dico<\/p>\n<p>Nivelamento de inclina\u00e7\u00e3o<\/p>\n<p>Plataforma de eleva\u00e7\u00e3o hidr\u00e1ulica<\/p>\n<p>Monitoramento da inclina\u00e7\u00e3o<\/p>\n<p>Controle de \u00e2ngulo de v\u00e1rias m\u00e1quinas de constru\u00e7\u00e3o<\/p>\n<p>Inspe\u00e7\u00e3o de pontes e barragens<\/p>","protected":false},"featured_media":3345,"comment_status":"open","ping_status":"closed","template":"","meta":[],"product_brand":[],"product_cat":[24],"product_tag":[],"class_list":{"0":"post-2426","1":"product","2":"type-product","3":"status-publish","4":"has-post-thumbnail","6":"product_cat-tilt-sensor","8":"first","9":"instock","10":"shipping-taxable","11":"product-type-simple"},"_links":{"self":[{"href":"https:\/\/www.andelutech.com\/pt\/wp-json\/wp\/v2\/product\/2426","targetHints":{"allow":["GET"]}}],"collection":[{"href":"https:\/\/www.andelutech.com\/pt\/wp-json\/wp\/v2\/product"}],"about":[{"href":"https:\/\/www.andelutech.com\/pt\/wp-json\/wp\/v2\/types\/product"}],"replies":[{"embeddable":true,"href":"https:\/\/www.andelutech.com\/pt\/wp-json\/wp\/v2\/comments?post=2426"}],"wp:featuredmedia":[{"embeddable":true,"href":"https:\/\/www.andelutech.com\/pt\/wp-json\/wp\/v2\/media\/3345"}],"wp:attachment":[{"href":"https:\/\/www.andelutech.com\/pt\/wp-json\/wp\/v2\/media?parent=2426"}],"wp:term":[{"taxonomy":"product_brand","embeddable":true,"href":"https:\/\/www.andelutech.com\/pt\/wp-json\/wp\/v2\/product_brand?post=2426"},{"taxonomy":"product_cat","embeddable":true,"href":"https:\/\/www.andelutech.com\/pt\/wp-json\/wp\/v2\/product_cat?post=2426"},{"taxonomy":"product_tag","embeddable":true,"href":"https:\/\/www.andelutech.com\/pt\/wp-json\/wp\/v2\/product_tag?post=2426"}],"curies":[{"name":"wp","href":"https:\/\/api.w.org\/{rel}","templated":true}]}}