{"id":2420,"date":"2025-05-23T15:13:35","date_gmt":"2025-05-23T07:13:35","guid":{"rendered":"https:\/\/www.andelutech.com\/?post_type=product&#038;p=2420"},"modified":"2026-01-09T14:05:48","modified_gmt":"2026-01-09T06:05:48","slug":"digital-type-two-axis-tilt-sensor-3266di","status":"publish","type":"product","link":"https:\/\/www.andelutech.com\/pt\/product\/digital-type-two-axis-tilt-sensor-3266di\/","title":{"rendered":"AND-TS-3266DI Digital Type Two Axis Tilt Sensor"},"content":{"rendered":"","protected":false},"excerpt":{"rendered":"<p><strong><b>Introdu\u00e7\u00e3o<\/b><\/strong><\/p>\n<p>O e-TS-3266DI \u00e9 um inclin\u00f4metro de eixo duplo em s\u00e9rie projetado especificamente para controle industrial usando a tecnologia MEMS e a sa\u00edda digital. Alto conversor de \/Ddifferential}, por meio do algoritmo de filtragem N, que pode medir o \u00e2ngulo de sa\u00edda do sensor em rela\u00e7\u00e3o \u00e0 tilt do horizonte e \u00e0 inclina\u00e7\u00e3o do Horizon. As interfaces de sa\u00edda RS485, RS232, RS422, TTL, CAN, Modbus s\u00e3o opcionais.<\/p>\n<p>O produto est\u00e1 equipado com um sensor digital de alta precis\u00e3o da ADI, que pode corrigir o desvio da temperatura do sensor de acordo com a mudan\u00e7a de temperatura de monitoramento do sensor de temperatura interno para garantir a repetibilidade do produto em ambientes de baixa e alta temperatura. A frequ\u00eancia de sa\u00edda correspondente \u00e9 100Hz. O produto acabado tem desempenho confi\u00e1vel e est\u00e1vel, boa escalabilidade e uma variedade de op\u00e7\u00f5es de sa\u00edda, adequadas para v\u00e1rios ambientes de controle industrial.<\/p>\n<p><strong><b>Caracter\u00edsticas<\/b><\/strong><\/p>\n<p>Monitoramento de inclina\u00e7\u00e3o do eixo duplo<\/p>\n<p>Precis\u00e3o de alcance total 0,01 \u00b0, resolu\u00e7\u00e3o 0,001 \u00b0<\/p>\n<p>Frequ\u00eancia de sa\u00edda 5 ~ 100Hz (opcional)<\/p>\n<p>Entrada de tens\u00e3o ampla dc 9 ~ 36v<\/p>\n<p>Wide temperature Working -40 ~+85 \u2103<\/p>\n<p>Faixa de medi\u00e7\u00e3o: 0 ~ \u00b1 90 \u00b0 (opcional)<\/p>\n<p>Alta resist\u00eancia \u00e0 vibra\u00e7\u00e3o&gt; 20000g<\/p>\n<p>Taxa de transmiss\u00e3o 2400 ~ 115200 (ajust\u00e1vel)<\/p>\n<p>Prote\u00e7\u00e3o IP67<\/p>\n<p>Pode emitir rs232 \/RS485\/TTL\/MODBUS (opcional)<\/p>\n<p>Pequeno volume (90*40*27mm) (personaliz\u00e1vel)<\/p>","protected":false},"featured_media":3346,"comment_status":"open","ping_status":"closed","template":"","meta":[],"product_brand":[],"product_cat":[24],"product_tag":[],"class_list":{"0":"post-2420","1":"product","2":"type-product","3":"status-publish","4":"has-post-thumbnail","6":"product_cat-tilt-sensor","8":"first","9":"instock","10":"shipping-taxable","11":"product-type-simple"},"_links":{"self":[{"href":"https:\/\/www.andelutech.com\/pt\/wp-json\/wp\/v2\/product\/2420","targetHints":{"allow":["GET"]}}],"collection":[{"href":"https:\/\/www.andelutech.com\/pt\/wp-json\/wp\/v2\/product"}],"about":[{"href":"https:\/\/www.andelutech.com\/pt\/wp-json\/wp\/v2\/types\/product"}],"replies":[{"embeddable":true,"href":"https:\/\/www.andelutech.com\/pt\/wp-json\/wp\/v2\/comments?post=2420"}],"wp:featuredmedia":[{"embeddable":true,"href":"https:\/\/www.andelutech.com\/pt\/wp-json\/wp\/v2\/media\/3346"}],"wp:attachment":[{"href":"https:\/\/www.andelutech.com\/pt\/wp-json\/wp\/v2\/media?parent=2420"}],"wp:term":[{"taxonomy":"product_brand","embeddable":true,"href":"https:\/\/www.andelutech.com\/pt\/wp-json\/wp\/v2\/product_brand?post=2420"},{"taxonomy":"product_cat","embeddable":true,"href":"https:\/\/www.andelutech.com\/pt\/wp-json\/wp\/v2\/product_cat?post=2420"},{"taxonomy":"product_tag","embeddable":true,"href":"https:\/\/www.andelutech.com\/pt\/wp-json\/wp\/v2\/product_tag?post=2420"}],"curies":[{"name":"wp","href":"https:\/\/api.w.org\/{rel}","templated":true}]}}