{"id":2417,"date":"2025-05-23T15:12:00","date_gmt":"2025-05-23T07:12:00","guid":{"rendered":"https:\/\/www.andelutech.com\/?post_type=product&#038;p=2417"},"modified":"2026-01-09T14:07:44","modified_gmt":"2026-01-09T06:07:44","slug":"canopen-type-dual-axis-tilt-sensor-3265ca","status":"publish","type":"product","link":"https:\/\/www.andelutech.com\/pt\/product\/canopen-type-dual-axis-tilt-sensor-3265ca\/","title":{"rendered":"AND-TS-3265CA CANopen Type Dual Axis Tilt Sensor"},"content":{"rendered":"","protected":false},"excerpt":{"rendered":"<p><strong><b>Introdu\u00e7\u00e3o<\/b><\/strong><\/p>\n<p>O sensor de inclina\u00e7\u00e3o do eixo duplo do eixo de sa\u00edda do e-TS-3265CA \u00e9 projetado especialmente para o campo de controle industrial, usando o isolador padr\u00e3o industrial pode transceptor, embutido de alta precis\u00e3o a \/D conversor diferencial, por meio de filtragem de ordem N Algoritmo, como para medir o\u00a0<a href=\"https:\/\/www.ericcointernational.com\/inclinomter\/\">sensor<\/a>\u00a0sa\u00edda em rela\u00e7\u00e3o \u00e0 inclina\u00e7\u00e3o do plano horizontal e ao \u00e2ngulo de arremesso.<\/p>\n<p>O produto possui um sensor de temperatura de alta precis\u00e3o interno, que pode corrigir o desvio da temperatura do sensor de acordo com a altera\u00e7\u00e3o do sensor de temperatura interno para garantir a alta repetibilidade do produto em um ambiente de baixa temperatura ou alta temperatura. O padr\u00e3o de frequ\u00eancia de resposta \u00e0 sa\u00edda \u00e9 de at\u00e9 100Hz, o que \u00e9 adequado para v\u00e1rios ambientes severos de controle industrial.<\/p>\n<p><strong><b>Caracter\u00edsticas<\/b><\/strong><\/p>\n<p>Monitoramento de inclina\u00e7\u00e3o do eixo duplo<\/p>\n<p>Precis\u00e3o de alcance total 0,01 \u00b0, resolu\u00e7\u00e3o 0,001 \u00b0<\/p>\n<p>Frequ\u00eancia de sa\u00edda 5 ~ 100Hz (opcional)<\/p>\n<p>Entrada de tens\u00e3o ampla dc 9 ~ 36v<\/p>\n<p>Wide temperature Working -40 ~+85 \u2103<\/p>\n<p>Faixa de medi\u00e7\u00e3o: 0 ~ \u00b1 90 \u00b0 (opcional)<\/p>\n<p>Alta resist\u00eancia \u00e0 vibra\u00e7\u00e3o&gt; 20000g<\/p>\n<p>Taxa de transmiss\u00e3o 100k ~ 500k bps<\/p>\n<p>Prote\u00e7\u00e3o IP67<\/p>\n<p>Canopeno de sa\u00edda<\/p>\n<p>Pequeno volume (90*40*27mm) (personaliz\u00e1vel)<\/p>","protected":false},"featured_media":3365,"comment_status":"open","ping_status":"closed","template":"","meta":[],"product_brand":[],"product_cat":[24],"product_tag":[],"class_list":{"0":"post-2417","1":"product","2":"type-product","3":"status-publish","4":"has-post-thumbnail","6":"product_cat-tilt-sensor","8":"first","9":"instock","10":"shipping-taxable","11":"product-type-simple"},"_links":{"self":[{"href":"https:\/\/www.andelutech.com\/pt\/wp-json\/wp\/v2\/product\/2417","targetHints":{"allow":["GET"]}}],"collection":[{"href":"https:\/\/www.andelutech.com\/pt\/wp-json\/wp\/v2\/product"}],"about":[{"href":"https:\/\/www.andelutech.com\/pt\/wp-json\/wp\/v2\/types\/product"}],"replies":[{"embeddable":true,"href":"https:\/\/www.andelutech.com\/pt\/wp-json\/wp\/v2\/comments?post=2417"}],"wp:featuredmedia":[{"embeddable":true,"href":"https:\/\/www.andelutech.com\/pt\/wp-json\/wp\/v2\/media\/3365"}],"wp:attachment":[{"href":"https:\/\/www.andelutech.com\/pt\/wp-json\/wp\/v2\/media?parent=2417"}],"wp:term":[{"taxonomy":"product_brand","embeddable":true,"href":"https:\/\/www.andelutech.com\/pt\/wp-json\/wp\/v2\/product_brand?post=2417"},{"taxonomy":"product_cat","embeddable":true,"href":"https:\/\/www.andelutech.com\/pt\/wp-json\/wp\/v2\/product_cat?post=2417"},{"taxonomy":"product_tag","embeddable":true,"href":"https:\/\/www.andelutech.com\/pt\/wp-json\/wp\/v2\/product_tag?post=2417"}],"curies":[{"name":"wp","href":"https:\/\/api.w.org\/{rel}","templated":true}]}}