{"id":2414,"date":"2025-05-23T15:10:38","date_gmt":"2025-05-23T07:10:38","guid":{"rendered":"https:\/\/www.andelutech.com\/?post_type=product&#038;p=2414"},"modified":"2026-03-26T17:51:15","modified_gmt":"2026-03-26T09:51:15","slug":"digital-output-type-2-axis-tilt-sensor3262di","status":"publish","type":"product","link":"https:\/\/www.andelutech.com\/pt\/product\/digital-output-type-2-axis-tilt-sensor3262di\/","title":{"rendered":"AND-TS-3262DI Digital Output Type 2 Axis Tilt Sensor"},"content":{"rendered":"<table width=\"730\">\n<tbody>\n<tr>\n<td width=\"204\">Par\u00e2metros<\/td>\n<td width=\"86\">Doen\u00e7a<\/td>\n<td width=\"99\">AND-TM-3262DL10<\/td>\n<td width=\"100\">AND-TM-3262DL30<\/td>\n<td width=\"97\">AND-TM-3262D-60<\/td>\n<td width=\"98\">AND-TM-3262DI90<\/td>\n<td width=\"43\">Unidade<\/td>\n<\/tr>\n<tr>\n<td width=\"204\">Faixa de medi\u00e7\u00e3o<\/td>\n<td width=\"86\">\/<\/td>\n<td width=\"99\">\u00b1 10<\/td>\n<td width=\"100\">\u00b1 30<\/td>\n<td width=\"97\">\u00b160<\/td>\n<td width=\"98\">\u00b190<\/td>\n<td width=\"43\">\u3002<\/td>\n<\/tr>\n<tr>\n<td width=\"204\">Measurement axis<\/td>\n<td width=\"86\">1<\/td>\n<td width=\"99\">X,Yaxis<\/td>\n<td width=\"100\">X,Yaxis<\/td>\n<td width=\"97\">X,Yaxis<\/td>\n<td width=\"98\">X,Yaxs<\/td>\n<td width=\"43\">\/<\/td>\n<\/tr>\n<tr>\n<td width=\"204\">Deriva de temperatura zero<\/td>\n<td width=\"86\">-40 \uff5e 85 \u00b0<\/td>\n<td width=\"99\">\u00b10.008<\/td>\n<td width=\"100\">\u00b10.008<\/td>\n<td width=\"97\">\u00b10.008<\/td>\n<td width=\"98\">\u00b10.008<\/td>\n<td width=\"43\">rC<\/td>\n<\/tr>\n<tr>\n<td width=\"204\">Coeficiente de temperatura de sensibilidade<\/td>\n<td width=\"86\">40\uff5e85\u00b0<\/td>\n<td width=\"99\">\u2264100<\/td>\n<td width=\"100\">\u2264100<\/td>\n<td width=\"97\">\u2264100<\/td>\n<td width=\"98\">\u2264100<\/td>\n<td width=\"43\">ppm \/ C<\/td>\n<\/tr>\n<tr>\n<td width=\"204\">Resposta de frequ\u00eancia<\/td>\n<td width=\"86\">Resposta DC<\/td>\n<td width=\"99\">100<\/td>\n<td width=\"100\">100<\/td>\n<td width=\"97\">100<\/td>\n<td width=\"98\">100<\/td>\n<td width=\"43\">Hz<\/td>\n<\/tr>\n<tr>\n<td width=\"204\">Resolu\u00e7\u00e3o<\/td>\n<td width=\"86\">\/<\/td>\n<td width=\"99\">0.005<\/td>\n<td width=\"100\">0.005<\/td>\n<td width=\"97\">0.005<\/td>\n<td width=\"98\">0.005<\/td>\n<td width=\"43\">\u3002<\/td>\n<\/tr>\n<tr>\n<td width=\"204\">Precis\u00e3o<\/td>\n<td width=\"86\">40\uff5e85\u2103<\/td>\n<td width=\"99\">0.02<\/td>\n<td width=\"100\">0.03<\/td>\n<td width=\"97\">0.04<\/td>\n<td width=\"98\">0.05<\/td>\n<td width=\"43\">\u3002<\/td>\n<\/tr>\n<tr>\n<td width=\"204\">Estabilidade a longo prazo<\/td>\n<td width=\"86\">40\uff5e85\u2103<\/td>\n<td width=\"99\">&lt;0.023<\/td>\n<td width=\"100\">&lt;0.035<\/td>\n<td width=\"97\">&lt;0.045<\/td>\n<td width=\"98\">&lt;0.054<\/td>\n<td width=\"43\">\u3002<\/td>\n<\/tr>\n<tr>\n<td width=\"204\">Power onstart time<\/td>\n<td width=\"86\">\/<\/td>\n<td width=\"99\">0.2<\/td>\n<td width=\"100\">0.2<\/td>\n<td width=\"97\">0.2<\/td>\n<td width=\"98\">0.2<\/td>\n<td width=\"43\">s<\/td>\n<\/tr>\n<tr>\n<td width=\"204\">Tempo de resposta<\/td>\n<td width=\"86\">\/<\/td>\n<td width=\"99\">0.01<\/td>\n<td width=\"100\">0.01<\/td>\n<td width=\"97\">0.01<\/td>\n<td width=\"98\">0.01<\/td>\n<td width=\"43\">S<\/td>\n<\/tr>\n<tr>\n<td width=\"204\">Rate<\/td>\n<td colspan=\"6\" width=\"525\">5Hzoutput\u300115Hz\u300135Hz\u300150Hz canbe set(RS485 without this function)<\/td>\n<\/tr>\n<tr>\n<td width=\"204\">Sinal de sa\u00edda<\/td>\n<td colspan=\"6\" width=\"525\">RS232\/RS485\/RS422\/TTL\/PWM\/CAN\/MODBUS<\/td>\n<\/tr>\n<tr>\n<td width=\"204\">Tempo m\u00e9dio de trabalho<\/td>\n<td colspan=\"6\" width=\"525\">\u226545000 hours\/time<\/td>\n<\/tr>\n<tr>\n<td width=\"204\">mpact resistant<\/td>\n<td colspan=\"6\" width=\"525\">20000g,0.5ms,3 times\/axis<\/td>\n<\/tr>\n<tr>\n<td width=\"204\">Resistente ao choque<\/td>\n<td colspan=\"6\" width=\"525\">10grms,10~1000Hz<\/td>\n<\/tr>\n<tr>\n<td width=\"204\">nsulation resistance<\/td>\n<td colspan=\"6\" width=\"525\">\u2265100MQ<\/td>\n<\/tr>\n<tr>\n<td width=\"204\">N\u00edvel \u00e0 prova d'\u00e1gua<\/td>\n<td colspan=\"6\" width=\"525\">IP67<\/td>\n<\/tr>\n<tr>\n<td width=\"204\">Cabo<\/td>\n<td colspan=\"6\" width=\"525\">Standard 1.5m length,wear resistance,oil proof,wide temperature,shielding cable 4*0.3mm2<\/td>\n<\/tr>\n<tr>\n<td width=\"204\">Peso<\/td>\n<td colspan=\"6\" width=\"525\">10g(excluding boxes)<\/td>\n<\/tr>\n<\/tbody>\n<\/table>","protected":false},"excerpt":{"rendered":"<p><strong><b>Introdu\u00e7\u00e3o<\/b><\/strong><\/p>\n<p>E TS-3262DI \u00e9 um inclin\u00f4metro de eixo duplo serial com tecnologia MEMS e sa\u00edda digital projetada para o campo de controle industrial, de alta precis\u00e3o de alta precis\u00e3o a \/D conversor diferencial, atrav\u00e9s do algoritmo de filtragem n, que pode medir o \u00e2ngulo do sensor de sa\u00edda relativa ao horizador Horizon. A interface de sa\u00edda possui rs485, rs232, rs422, ttl, lata, modbus para escolher.<\/p>\n<p>O produto est\u00e1 equipado com um sensor digital de alta precis\u00e3o da ADI, que pode corrigir o desvio da temperatura do sensor de acordo com a mudan\u00e7a de temperatura de monitoramento do sensor de temperatura interno para garantir a repetibilidade do produto em ambientes de baixa e alta temperatura. A frequ\u00eancia correspondente de sa\u00edda \u00e9 100Hz, que \u00e9 um produto industrial real, com desempenho confi\u00e1vel e est\u00e1vel, boa escalabilidade e uma variedade de op\u00e7\u00f5es de sa\u00edda, tornando -o adequado para v\u00e1rios ambientes de controle industrial.<\/p>\n<p><strong><b>Caracter\u00edsticas<\/b><\/strong><\/p>\n<p>Monitoramento de inclina\u00e7\u00e3o do eixo duplo<\/p>\n<p>Precis\u00e3o de alcance total 0,02 \u00b0, resolu\u00e7\u00e3o 0,005 \u00b0<\/p>\n<p>Frequ\u00eancia de sa\u00edda 5 ~ 100Hz (opcional)<\/p>\n<p>Ampla entrada de tens\u00e3o DC 9 \uff5e 36V<\/p>\n<p>Wide temperature Working -40 ~+85 \u2103<\/p>\n<p>Faixa de medi\u00e7\u00e3o: 0 ~ \u00b1 90 \u00b0 (opcional)<\/p>\n<p>Alta resist\u00eancia \u00e0 vibra\u00e7\u00e3o&gt; 20000g<\/p>\n<p>Taxa de transmiss\u00e3o 2400 ~ 115200 (ajust\u00e1vel)<\/p>\n<p>Prote\u00e7\u00e3o IP67<\/p>\n<p>Pode emitir rs232 \/RS485\/TTL\/MODBUS (opcional)<\/p>\n<p>Pequeno volume (46*35*8mm) personaliz\u00e1vel<\/p>\n<p><strong><b>Aplica\u00e7\u00f5es<\/b><\/strong><\/p>\n<p>Monitoramento do poste da torre de alta tens\u00e3o<\/p>\n<p>posicionamento de antena solar sat\u00e9lite<\/p>\n<p>Trolley AGV<\/p>\n<p>M\u00e1quinas de minera\u00e7\u00e3o, equipamento de registro de \u00f3leo<\/p>\n<p>Equipamento m\u00e9dico<\/p>\n<p>Nivelamento de inclina\u00e7\u00e3o<\/p>\n<p>Plataforma de eleva\u00e7\u00e3o hidr\u00e1ulica<\/p>\n<p>Monitoramento da inclina\u00e7\u00e3o<\/p>\n<p>Controle de \u00e2ngulo de v\u00e1rias m\u00e1quinas de constru\u00e7\u00e3o<\/p>\n<p>Inspe\u00e7\u00e3o de pontes e barragens<\/p>","protected":false},"featured_media":2415,"comment_status":"open","ping_status":"closed","template":"","meta":[],"product_brand":[],"product_cat":[24],"product_tag":[],"class_list":{"0":"post-2414","1":"product","2":"type-product","3":"status-publish","4":"has-post-thumbnail","6":"product_cat-tilt-sensor","8":"first","9":"instock","10":"shipping-taxable","11":"product-type-simple"},"_links":{"self":[{"href":"https:\/\/www.andelutech.com\/pt\/wp-json\/wp\/v2\/product\/2414","targetHints":{"allow":["GET"]}}],"collection":[{"href":"https:\/\/www.andelutech.com\/pt\/wp-json\/wp\/v2\/product"}],"about":[{"href":"https:\/\/www.andelutech.com\/pt\/wp-json\/wp\/v2\/types\/product"}],"replies":[{"embeddable":true,"href":"https:\/\/www.andelutech.com\/pt\/wp-json\/wp\/v2\/comments?post=2414"}],"wp:featuredmedia":[{"embeddable":true,"href":"https:\/\/www.andelutech.com\/pt\/wp-json\/wp\/v2\/media\/2415"}],"wp:attachment":[{"href":"https:\/\/www.andelutech.com\/pt\/wp-json\/wp\/v2\/media?parent=2414"}],"wp:term":[{"taxonomy":"product_brand","embeddable":true,"href":"https:\/\/www.andelutech.com\/pt\/wp-json\/wp\/v2\/product_brand?post=2414"},{"taxonomy":"product_cat","embeddable":true,"href":"https:\/\/www.andelutech.com\/pt\/wp-json\/wp\/v2\/product_cat?post=2414"},{"taxonomy":"product_tag","embeddable":true,"href":"https:\/\/www.andelutech.com\/pt\/wp-json\/wp\/v2\/product_tag?post=2414"}],"curies":[{"name":"wp","href":"https:\/\/api.w.org\/{rel}","templated":true}]}}