{"id":2411,"date":"2025-05-23T15:08:59","date_gmt":"2025-05-23T07:08:59","guid":{"rendered":"https:\/\/www.andelutech.com\/?post_type=product&#038;p=2411"},"modified":"2026-03-26T17:49:11","modified_gmt":"2026-03-26T09:49:11","slug":"digital-type-single-axis-tilt-sensor-3166di","status":"publish","type":"product","link":"https:\/\/www.andelutech.com\/pt\/product\/digital-type-single-axis-tilt-sensor-3166di\/","title":{"rendered":"AND-TS-3166DI Digital Type Single Axis Tilt Sensor"},"content":{"rendered":"","protected":false},"excerpt":{"rendered":"<p><strong><b>Introdu\u00e7\u00e3o<\/b><\/strong><\/p>\n<p>O medidor de inclina\u00e7\u00e3o \u00fanico digital e eixo digital TS-3166DI foi projetado para o campo de controle de campo industrial. Possui um conversor de \/D} de alta precis\u00e3o de alta precis\u00e3o A \/D e um algoritmo de filtragem de ordem N para medir o \u00e2ngulo de inclina\u00e7\u00e3o e inclina\u00e7\u00e3o da sa\u00edda do sensor em rela\u00e7\u00e3o ao plano horizontal. As interfaces de sa\u00edda RS232, RS485, RS422, TTL, PWM, CAN, BUS MODBUS est\u00e3o dispon\u00edveis para sele\u00e7\u00e3o.<\/p>\n<p>O produto est\u00e1 equipado com um sensor digital de alta precis\u00e3o da ADI Company, que pode corrigir o desvio da temperatura do sensor de acordo com a mudan\u00e7a de temperatura de monitoramento do sensor de temperatura interno para garantir a repetibilidade do produto em ambientes de baixa e alta temperatura. A frequ\u00eancia de sa\u00edda correspondente \u00e9 100Hz. O produto acabado tem desempenho confi\u00e1vel e est\u00e1vel, boa escalabilidade e uma variedade de op\u00e7\u00f5es de sa\u00edda, adequadas para v\u00e1rios ambientes de controle industrial.<\/p>\n<p><strong><b>Caracter\u00edsticas<\/b><\/strong><\/p>\n<p>Monitoramento de inclina\u00e7\u00e3o de eixo \u00fanico<\/p>\n<p>Precis\u00e3o de alcance total 0,01 \u00b0, resolu\u00e7\u00e3o 0,001 \u00b0<\/p>\n<p>Frequ\u00eancia de sa\u00edda 5 ~ 100Hz (opcional)<\/p>\n<p>Entrada de tens\u00e3o ampla dc 9 ~ 36v<\/p>\n<p>Wide temperature Working -40 ~+85 \u2103<\/p>\n<p>Faixa de medi\u00e7\u00e3o: 0 ~ \u00b1 90 \u00b0 (opcional)<\/p>\n<p>Alta resist\u00eancia \u00e0 vibra\u00e7\u00e3o&gt; 20000g<\/p>\n<p>Taxa de transmiss\u00e3o 2400 ~ 115200 (ajust\u00e1vel)<\/p>\n<p>Prote\u00e7\u00e3o IP67<\/p>\n<p>Sa\u00edda rs232 \/RS485\/TTL\/MODBUS (opcional)<\/p>\n<p>Pequeno volume (90*40*27mm) (personaliz\u00e1vel)<\/p>\n<p><strong><b>Aplica\u00e7\u00f5es<\/b><\/strong><\/p>\n<p>Monitoramento do poste da torre de alta tens\u00e3o<\/p>\n<p>Posicionamento de antena solar sat\u00e9lite<\/p>\n<p>Trolley AGV<\/p>\n<p>M\u00e1quinas de minera\u00e7\u00e3o, equipamento de registro de \u00f3leo<\/p>\n<p>Equipamento m\u00e9dico<\/p>\n<p>Nivelamento de inclina\u00e7\u00e3o<\/p>\n<p>Plataforma de eleva\u00e7\u00e3o hidr\u00e1ulica<\/p>\n<p>Monitoramento da inclina\u00e7\u00e3o<\/p>\n<p>Controle de \u00e2ngulo de v\u00e1rias m\u00e1quinas de constru\u00e7\u00e3o<\/p>\n<p>Inspe\u00e7\u00e3o de pontes e barragens<\/p>","protected":false},"featured_media":3366,"comment_status":"open","ping_status":"closed","template":"","meta":[],"product_brand":[],"product_cat":[24],"product_tag":[],"class_list":{"0":"post-2411","1":"product","2":"type-product","3":"status-publish","4":"has-post-thumbnail","6":"product_cat-tilt-sensor","8":"first","9":"instock","10":"shipping-taxable","11":"product-type-simple"},"_links":{"self":[{"href":"https:\/\/www.andelutech.com\/pt\/wp-json\/wp\/v2\/product\/2411","targetHints":{"allow":["GET"]}}],"collection":[{"href":"https:\/\/www.andelutech.com\/pt\/wp-json\/wp\/v2\/product"}],"about":[{"href":"https:\/\/www.andelutech.com\/pt\/wp-json\/wp\/v2\/types\/product"}],"replies":[{"embeddable":true,"href":"https:\/\/www.andelutech.com\/pt\/wp-json\/wp\/v2\/comments?post=2411"}],"wp:featuredmedia":[{"embeddable":true,"href":"https:\/\/www.andelutech.com\/pt\/wp-json\/wp\/v2\/media\/3366"}],"wp:attachment":[{"href":"https:\/\/www.andelutech.com\/pt\/wp-json\/wp\/v2\/media?parent=2411"}],"wp:term":[{"taxonomy":"product_brand","embeddable":true,"href":"https:\/\/www.andelutech.com\/pt\/wp-json\/wp\/v2\/product_brand?post=2411"},{"taxonomy":"product_cat","embeddable":true,"href":"https:\/\/www.andelutech.com\/pt\/wp-json\/wp\/v2\/product_cat?post=2411"},{"taxonomy":"product_tag","embeddable":true,"href":"https:\/\/www.andelutech.com\/pt\/wp-json\/wp\/v2\/product_tag?post=2411"}],"curies":[{"name":"wp","href":"https:\/\/api.w.org\/{rel}","templated":true}]}}