{"id":2405,"date":"2025-05-23T15:06:02","date_gmt":"2025-05-23T07:06:02","guid":{"rendered":"https:\/\/www.andelutech.com\/?post_type=product&#038;p=2405"},"modified":"2026-01-09T14:18:39","modified_gmt":"2026-01-09T06:18:39","slug":"high-precision-current-output-type-single-axis-tilt-sensor-3168cu","status":"publish","type":"product","link":"https:\/\/www.andelutech.com\/pt\/product\/high-precision-current-output-type-single-axis-tilt-sensor-3168cu\/","title":{"rendered":"AND-TS-3168CU High Precision Current Output Type Single Axis Tilt Sensor"},"content":{"rendered":"<h3><span style=\"color: #000000;\">Caracter\u00edsticas<\/span><\/h3>\n<p>Monitoramento de inclina\u00e7\u00e3o de eixo \u00fanico<\/p>\n<p>Precis\u00e3o de alcance total 0,01 \u00b0, resolu\u00e7\u00e3o 0,001 \u00b0<\/p>\n<p>Sa\u00edda 4 ~ 20mA, 0 ~ 20mA, 0 ~ 24MA (opcional)<\/p>\n<p>Entrada de tens\u00e3o ampla dc 9 ~ 36v<\/p>\n<p>Wide temperature Working -40 ~+85 \u2103<\/p>\n<p>Faixa de medi\u00e7\u00e3o: 0 ~ \u00b1 90 \u00b0 (opcional)<\/p>\n<p>Alta resist\u00eancia \u00e0 vibra\u00e7\u00e3o&gt; 20000g<\/p>\n<p>Prote\u00e7\u00e3o IP67<\/p>\n<p>Pode gerar Rs232 ao mesmo tempo<\/p>\n<p>Pequeno volume (90*40*27mm) (personaliz\u00e1vel)<\/p>\n<p>&nbsp;<\/p>\n<h3><span style=\"color: #000000;\">Aplica\u00e7\u00f5es<\/span><\/h3>\n<p>Governante de medidor ferrovi\u00e1rio, instrumento de medidor<\/p>\n<p>Posicionamento de antena solar sat\u00e9lite<\/p>\n<p>Ve\u00edculo de trabalho em alta altitude<\/p>\n<p>Nivelamento de inclina\u00e7\u00e3o<\/p>\n<p>Plataforma de eleva\u00e7\u00e3o hidr\u00e1ulica<\/p>\n<p>Monitoramento da inclina\u00e7\u00e3o<\/p>\n<p>Controle de \u00e2ngulo de v\u00e1rias m\u00e1quinas de constru\u00e7\u00e3o<\/p>\n<p>Inspe\u00e7\u00e3o de pontes e barragens<\/p>\n<p>Medi\u00e7\u00e3o de inclina\u00e7\u00e3o<\/p>","protected":false},"excerpt":{"rendered":"<p>O inclin\u00f4metro de eixo \u00fanico de corrente de corrente TS-3168CU \u00e9 um sensor de inclina\u00e7\u00e3o de eixo \u00fanico de eixo duplo industrial padr\u00e3o industrial. A corrente padr\u00e3o \u00e9 de 4-20mA, 0-20mA, 0-24MA (opcional) e pode ser transmitida a 2000 metros de dist\u00e2ncia.<\/p>\n<p>O sensor de inclina\u00e7\u00e3o adota o processo de produ\u00e7\u00e3o de detec\u00e7\u00e3o de MEMS, que pode compensar e corrigir com precis\u00e3o o erro de temperatura e o erro linear. Possui as caracter\u00edsticas de alta precis\u00e3o, tamanho pequeno, processo de empacotamento alto, forte resist\u00eancia a choques e vibra\u00e7\u00f5es, frequ\u00eancia anti-radio integrada, circuito de interfer\u00eancia anti-eletromagn\u00e9tica e \u00e9 especialmente adequado para aplica\u00e7\u00f5es em ambientes industriais severos, como m\u00e1quinas de valas subterr\u00e2neas.<\/p>","protected":false},"featured_media":3350,"comment_status":"open","ping_status":"closed","template":"","meta":[],"product_brand":[],"product_cat":[24],"product_tag":[],"class_list":{"0":"post-2405","1":"product","2":"type-product","3":"status-publish","4":"has-post-thumbnail","6":"product_cat-tilt-sensor","8":"first","9":"instock","10":"shipping-taxable","11":"product-type-simple"},"_links":{"self":[{"href":"https:\/\/www.andelutech.com\/pt\/wp-json\/wp\/v2\/product\/2405","targetHints":{"allow":["GET"]}}],"collection":[{"href":"https:\/\/www.andelutech.com\/pt\/wp-json\/wp\/v2\/product"}],"about":[{"href":"https:\/\/www.andelutech.com\/pt\/wp-json\/wp\/v2\/types\/product"}],"replies":[{"embeddable":true,"href":"https:\/\/www.andelutech.com\/pt\/wp-json\/wp\/v2\/comments?post=2405"}],"wp:featuredmedia":[{"embeddable":true,"href":"https:\/\/www.andelutech.com\/pt\/wp-json\/wp\/v2\/media\/3350"}],"wp:attachment":[{"href":"https:\/\/www.andelutech.com\/pt\/wp-json\/wp\/v2\/media?parent=2405"}],"wp:term":[{"taxonomy":"product_brand","embeddable":true,"href":"https:\/\/www.andelutech.com\/pt\/wp-json\/wp\/v2\/product_brand?post=2405"},{"taxonomy":"product_cat","embeddable":true,"href":"https:\/\/www.andelutech.com\/pt\/wp-json\/wp\/v2\/product_cat?post=2405"},{"taxonomy":"product_tag","embeddable":true,"href":"https:\/\/www.andelutech.com\/pt\/wp-json\/wp\/v2\/product_tag?post=2405"}],"curies":[{"name":"wp","href":"https:\/\/api.w.org\/{rel}","templated":true}]}}