{"id":2402,"date":"2025-05-23T15:04:38","date_gmt":"2025-05-23T07:04:38","guid":{"rendered":"https:\/\/www.andelutech.com\/?post_type=product&#038;p=2402"},"modified":"2026-01-09T14:20:19","modified_gmt":"2026-01-09T06:20:19","slug":"small-size-single-axis-tilt-sensor-canopen-output-3165ca","status":"publish","type":"product","link":"https:\/\/www.andelutech.com\/pt\/product\/small-size-single-axis-tilt-sensor-canopen-output-3165ca\/","title":{"rendered":"AND-TS-3165CA Small Size Single Axis Tilt Sensor CANopen Output"},"content":{"rendered":"","protected":false},"excerpt":{"rendered":"<p><strong><b>Introdu\u00e7\u00e3o<\/b><\/strong><\/p>\n<p>O e-TS-3165CA pode o medidor de inclina\u00e7\u00e3o de eixo \u00fanico \u00e9 um campo de controle industrial para a introdu\u00e7\u00e3o de um sensor de inclina\u00e7\u00e3o uniaxial de sa\u00edda pode abrir, usando o isolador padr\u00e3o industrial, pode transceptor, integral de alta precis\u00e3o 16BEA \/ D conversor diferencial, por meio de algorma de filtragem n-order, de modo que a sa\u00edda do sensor relativa ao plano trimestal trimestal. O sensor de temperatura de alta precis\u00e3o de alta precis\u00e3o do produto pode corrigir o desvio da temperatura do sensor de acordo com as altera\u00e7\u00f5es do sensor de temperatura interno para garantir a alta repetibilidade do produto em ambientes de baixa e alta temperatura. O padr\u00e3o de frequ\u00eancia de resposta \u00e0 sa\u00edda \u00e9 de at\u00e9 100Hz, tornando -o adequado para v\u00e1rios ambientes de controle industrial severos.<\/p>\n<p><strong><b>Caracter\u00edsticas<\/b><\/strong><\/p>\n<p>Monitoramento de inclina\u00e7\u00e3o de eixo \u00fanico<\/p>\n<p>Precis\u00e3o de alcance total 0,01 \u00b0, resolu\u00e7\u00e3o 0,001 \u00b0<\/p>\n<p>Frequ\u00eancia de sa\u00edda 5 ~ 100Hz (opcional)<\/p>\n<p>Entrada de tens\u00e3o ampla dc 9 ~ 36v<\/p>\n<p>Wide temperature Working -40 ~+85 \u2103<\/p>\n<p>Faixa de medi\u00e7\u00e3o: 0 ~ \u00b1 90 \u00b0 (opcional)<\/p>\n<p>Alta resist\u00eancia \u00e0 vibra\u00e7\u00e3o&gt; 20000g<\/p>\n<p>Taxa de transmiss\u00e3o 100k ~ 500k bps<\/p>\n<p>Prote\u00e7\u00e3o IP67<\/p>\n<p>A sa\u00edda pode abrir<\/p>\n<p>Pequeno volume (90*40*27mm) (personaliz\u00e1vel)<\/p>","protected":false},"featured_media":3351,"comment_status":"open","ping_status":"closed","template":"","meta":[],"product_brand":[],"product_cat":[24],"product_tag":[],"class_list":{"0":"post-2402","1":"product","2":"type-product","3":"status-publish","4":"has-post-thumbnail","6":"product_cat-tilt-sensor","8":"first","9":"instock","10":"shipping-taxable","11":"product-type-simple"},"_links":{"self":[{"href":"https:\/\/www.andelutech.com\/pt\/wp-json\/wp\/v2\/product\/2402","targetHints":{"allow":["GET"]}}],"collection":[{"href":"https:\/\/www.andelutech.com\/pt\/wp-json\/wp\/v2\/product"}],"about":[{"href":"https:\/\/www.andelutech.com\/pt\/wp-json\/wp\/v2\/types\/product"}],"replies":[{"embeddable":true,"href":"https:\/\/www.andelutech.com\/pt\/wp-json\/wp\/v2\/comments?post=2402"}],"wp:featuredmedia":[{"embeddable":true,"href":"https:\/\/www.andelutech.com\/pt\/wp-json\/wp\/v2\/media\/3351"}],"wp:attachment":[{"href":"https:\/\/www.andelutech.com\/pt\/wp-json\/wp\/v2\/media?parent=2402"}],"wp:term":[{"taxonomy":"product_brand","embeddable":true,"href":"https:\/\/www.andelutech.com\/pt\/wp-json\/wp\/v2\/product_brand?post=2402"},{"taxonomy":"product_cat","embeddable":true,"href":"https:\/\/www.andelutech.com\/pt\/wp-json\/wp\/v2\/product_cat?post=2402"},{"taxonomy":"product_tag","embeddable":true,"href":"https:\/\/www.andelutech.com\/pt\/wp-json\/wp\/v2\/product_tag?post=2402"}],"curies":[{"name":"wp","href":"https:\/\/api.w.org\/{rel}","templated":true}]}}