{"id":2392,"date":"2025-05-23T14:58:30","date_gmt":"2025-05-23T06:58:30","guid":{"rendered":"https:\/\/www.andelutech.com\/?post_type=product&#038;p=2392"},"modified":"2026-01-09T14:28:00","modified_gmt":"2026-01-09T06:28:00","slug":"output-type-dual-axis-tilt-sensor-2286di","status":"publish","type":"product","link":"https:\/\/www.andelutech.com\/pt\/product\/output-type-dual-axis-tilt-sensor-2286di\/","title":{"rendered":"AND-TM-2286D Output Type Dual Axis Tilt Sensor"},"content":{"rendered":"","protected":false},"excerpt":{"rendered":"<p><strong><b>Introdu\u00e7\u00e3o<\/b><\/strong><\/p>\n<p>\u00c9 uma inclina\u00e7\u00e3o biaxial de alta precis\u00e3o\u00a0<a href=\"https:\/\/www.ericcointernational.com\/inclinomter\/\">sensor<\/a>\u00a0com resolu\u00e7\u00e3o de 0,0007 \u00b0, precis\u00e3o de 0,005 \u00b0 e desvio de temperatura de 0,0007 \u00b0 \/ \u2103. A interface de sa\u00edda \u00e9 RS232, RS485, RS422, TTL, CAN, barramento Modbus (opcional).<\/p>\n<p>O produto est\u00e1 equipado com um sensor digital de alta precis\u00e3o da ADI, que pode corrigir o desvio da temperatura do sensor de acordo com a mudan\u00e7a de temperatura do sensor de temperatura interno para garantir a repetibilidade do produto em um ambiente de baixa temperatura ou alta temperatura. A frequ\u00eancia correspondente de sa\u00edda \u00e9 100Hz, que \u00e9 um produto industrial de grau industrial, com desempenho confi\u00e1vel e est\u00e1vel, boa escalabilidade e adequado para v\u00e1rios ambientes de controle industrial.<\/p>\n<p><strong><b>Caracter\u00edsticas<\/b><\/strong><\/p>\n<p>Monitoramento de dois eixos de inclina\u00e7\u00e3o<\/p>\n<p>Precis\u00e3o de alcance total 0,005 \u00b0, resolu\u00e7\u00e3o 0,0007 \u00b0<\/p>\n<p>Frequ\u00eancia de sa\u00edda 5 ~ 100Hz (opcional)<\/p>\n<p>Entrada de tens\u00e3o ampla dc 11 ~ 36V<\/p>\n<p>Wide temperature Working -40 ~+85 \u2103<\/p>\n<p>Faixa de medi\u00e7\u00e3o 0 ~ \u00b1 5 \/\u00b110\/\u00b115\/\u00b130\u00b0(optional)<\/p>\n<p>Alta resist\u00eancia \u00e0 vibra\u00e7\u00e3o&gt; 20000g<\/p>\n<p>Taxa de transmiss\u00e3o 2400 ~ 115200 (ajust\u00e1vel)<\/p>\n<p>Prote\u00e7\u00e3o IP67<\/p>\n<p>Pode emitir rs232 \/RS485\/TTL\/MODBUS (opcional)<\/p>\n<p>Pequeno volume (107*55*27mm) (personaliz\u00e1vel)<\/p>\n<p><strong><b>Aplica\u00e7\u00f5es<\/b><\/strong><\/p>\n<p>Monitoramento da torre de arame de alta tens\u00e3o<\/p>\n<p>Posicionamento de antena solar sat\u00e9lite<\/p>\n<p>Controle horizontal de m\u00e1quina -ferramenta de precis\u00e3o<\/p>\n<p>Equipamento de plataforma a laser de precis\u00e3o<\/p>\n<p>Equipamento m\u00e9dico<\/p>\n<p>Nivelamento do tanque<\/p>\n<p>Locomotiva ferrovi\u00e1ria<\/p>\n<p>Com base no monitoramento de inclina\u00e7\u00e3o<\/p>\n<p>Controle de \u00e2ngulo de v\u00e1rias m\u00e1quinas de constru\u00e7\u00e3o<\/p>\n<p>Ponte, barragem, monitoramento de constru\u00e7\u00e3o<\/p>","protected":false},"featured_media":3356,"comment_status":"open","ping_status":"closed","template":"","meta":[],"product_brand":[],"product_cat":[24],"product_tag":[],"class_list":{"0":"post-2392","1":"product","2":"type-product","3":"status-publish","4":"has-post-thumbnail","6":"product_cat-tilt-sensor","8":"first","9":"instock","10":"shipping-taxable","11":"product-type-simple"},"_links":{"self":[{"href":"https:\/\/www.andelutech.com\/pt\/wp-json\/wp\/v2\/product\/2392","targetHints":{"allow":["GET"]}}],"collection":[{"href":"https:\/\/www.andelutech.com\/pt\/wp-json\/wp\/v2\/product"}],"about":[{"href":"https:\/\/www.andelutech.com\/pt\/wp-json\/wp\/v2\/types\/product"}],"replies":[{"embeddable":true,"href":"https:\/\/www.andelutech.com\/pt\/wp-json\/wp\/v2\/comments?post=2392"}],"wp:featuredmedia":[{"embeddable":true,"href":"https:\/\/www.andelutech.com\/pt\/wp-json\/wp\/v2\/media\/3356"}],"wp:attachment":[{"href":"https:\/\/www.andelutech.com\/pt\/wp-json\/wp\/v2\/media?parent=2392"}],"wp:term":[{"taxonomy":"product_brand","embeddable":true,"href":"https:\/\/www.andelutech.com\/pt\/wp-json\/wp\/v2\/product_brand?post=2392"},{"taxonomy":"product_cat","embeddable":true,"href":"https:\/\/www.andelutech.com\/pt\/wp-json\/wp\/v2\/product_cat?post=2392"},{"taxonomy":"product_tag","embeddable":true,"href":"https:\/\/www.andelutech.com\/pt\/wp-json\/wp\/v2\/product_tag?post=2392"}],"curies":[{"name":"wp","href":"https:\/\/api.w.org\/{rel}","templated":true}]}}