{"id":2382,"date":"2025-05-23T14:51:50","date_gmt":"2025-05-23T06:51:50","guid":{"rendered":"https:\/\/www.andelutech.com\/?post_type=product&#038;p=2382"},"modified":"2026-01-09T14:32:49","modified_gmt":"2026-01-09T06:32:49","slug":"current-output-single-axis-tilt-sensor-2188cu","status":"publish","type":"product","link":"https:\/\/www.andelutech.com\/pt\/product\/current-output-single-axis-tilt-sensor-2188cu\/","title":{"rendered":"AND-TM-2188CU Current Output Single Axis Tilt Sensor"},"content":{"rendered":"","protected":false},"excerpt":{"rendered":"<p><strong><b>Introdu\u00e7\u00e3o<\/b><\/strong><\/p>\n<p>\u00c9 um sensor de inclina\u00e7\u00e3o de eixo \u00fanico de sa\u00edda industrial de alta precis\u00e3o industrial de alta precis\u00e3o, com correntes padr\u00e3o de 4-20mA, 0-20mA, 0-24mA para escolher e sa\u00edda RS232, que pode transmitir a 2000 metros de dist\u00e2ncia. Os usu\u00e1rios precisam apenas coletar o valor da tens\u00e3o do sensor e podem calcular o \u00e2ngulo de inclina\u00e7\u00e3o do objeto atual. O p\u00eandulo s\u00f3lido embutido (MEMS), medindo altera\u00e7\u00f5es no campo gravitacional est\u00e1tico, se traduz em mudan\u00e7as na inclina\u00e7\u00e3o.<\/p>\n<p>O produto adota a tecnologia de produ\u00e7\u00e3o de sensores MEMS para compensar e corrigir com precis\u00e3o erros de temperatura e erros lineares. Possui vantagens de alta precis\u00e3o, tamanho pequeno, processo de embalagem alto, resist\u00eancia \u00e0 forte vibra\u00e7\u00e3o, frequ\u00eancia anti-radio integrada, circuito de interfer\u00eancia anti-eletromagn\u00e9tica, especialmente adequada para a aplica\u00e7\u00e3o de m\u00e1quinas de vala subterr\u00e2nea e outros ambientes industriais severos.<\/p>\n<p><strong><b>Caracter\u00edsticas<\/b><\/strong><\/p>\n<p>Monitoramento de inclina\u00e7\u00e3o de eixo \u00fanico<\/p>\n<p>Precis\u00e3o de alcance total 0,005 \u00b0, resolu\u00e7\u00e3o 0,0007 \u00b0<\/p>\n<p>Interface de sa\u00edda 4 ~ 20mA, 0 ~ 20mA, 0 ~ 24MA (opcional)<\/p>\n<p>Entrada de tens\u00e3o de largura DC 11 ~ 36V<\/p>\n<p>Wide temperature Working -40 ~+85 \u2103<\/p>\n<p>Intervalo 0 ~ \u00b1 5 \/\u00b115\/\u00b130\u00b0 (opcional)<\/p>\n<p>Alta resist\u00eancia \u00e0 vibra\u00e7\u00e3o&gt; 20000g<\/p>\n<p>Prote\u00e7\u00e3o IP67<\/p>\n<p>Pode gerar Rs232 ao mesmo tempo<\/p>\n<p>Volume (107*55*27mm) (personaliz\u00e1vel)<\/p>\n<p><strong><b>Aplica\u00e7\u00f5es<\/b><\/strong><\/p>\n<p>Governante de medidor ferrovi\u00e1rio, instrumento de medidor<\/p>\n<p>Posicionamento de antena solar sat\u00e9lite<\/p>\n<p>Ve\u00edculo de trabalho em alta altitude<\/p>\n<p>M\u00e1quinas de minera\u00e7\u00e3o, equipamento de registro de \u00f3leo<\/p>\n<p>Equipamento m\u00e9dico<\/p>\n<p>Plataforma de eleva\u00e7\u00e3o hidr\u00e1ulica<\/p>\n<p>Monitoramento da inclina\u00e7\u00e3o<\/p>\n<p>Controle de \u00e2ngulo de v\u00e1rias m\u00e1quinas de constru\u00e7\u00e3o<\/p>\n<p>Inspe\u00e7\u00e3o de pontes e barragens<\/p>","protected":false},"featured_media":3359,"comment_status":"open","ping_status":"closed","template":"","meta":[],"product_brand":[],"product_cat":[24],"product_tag":[],"class_list":{"0":"post-2382","1":"product","2":"type-product","3":"status-publish","4":"has-post-thumbnail","6":"product_cat-tilt-sensor","8":"first","9":"instock","10":"shipping-taxable","11":"product-type-simple"},"_links":{"self":[{"href":"https:\/\/www.andelutech.com\/pt\/wp-json\/wp\/v2\/product\/2382","targetHints":{"allow":["GET"]}}],"collection":[{"href":"https:\/\/www.andelutech.com\/pt\/wp-json\/wp\/v2\/product"}],"about":[{"href":"https:\/\/www.andelutech.com\/pt\/wp-json\/wp\/v2\/types\/product"}],"replies":[{"embeddable":true,"href":"https:\/\/www.andelutech.com\/pt\/wp-json\/wp\/v2\/comments?post=2382"}],"wp:featuredmedia":[{"embeddable":true,"href":"https:\/\/www.andelutech.com\/pt\/wp-json\/wp\/v2\/media\/3359"}],"wp:attachment":[{"href":"https:\/\/www.andelutech.com\/pt\/wp-json\/wp\/v2\/media?parent=2382"}],"wp:term":[{"taxonomy":"product_brand","embeddable":true,"href":"https:\/\/www.andelutech.com\/pt\/wp-json\/wp\/v2\/product_brand?post=2382"},{"taxonomy":"product_cat","embeddable":true,"href":"https:\/\/www.andelutech.com\/pt\/wp-json\/wp\/v2\/product_cat?post=2382"},{"taxonomy":"product_tag","embeddable":true,"href":"https:\/\/www.andelutech.com\/pt\/wp-json\/wp\/v2\/product_tag?post=2382"}],"curies":[{"name":"wp","href":"https:\/\/api.w.org\/{rel}","templated":true}]}}