{"id":2377,"date":"2025-05-23T14:29:14","date_gmt":"2025-05-23T06:29:14","guid":{"rendered":"https:\/\/www.andelutech.com\/?post_type=product&#038;p=2377"},"modified":"2026-01-09T14:36:27","modified_gmt":"2026-01-09T06:36:27","slug":"high-precision-single-axis-tilt-sensor-canopen-output2185ca","status":"publish","type":"product","link":"https:\/\/www.andelutech.com\/pt\/product\/high-precision-single-axis-tilt-sensor-canopen-output2185ca\/","title":{"rendered":"AND-TM-2185CA High Precision Single Axis Tilt Sensor CANopen Output"},"content":{"rendered":"","protected":false},"excerpt":{"rendered":"<p><strong><b>Introdu\u00e7\u00e3o<\/b><\/strong><\/p>\n<p>\u00c9 um sensor de inclina\u00e7\u00e3o de eixo \u00fanico de eixo de alta precis\u00e3o para controle de campo industrial. Adota o padr\u00e3o do padr\u00e3o da ind\u00fastria pode transceptor com resolu\u00e7\u00e3o de 0,0008 \u00b0, precis\u00e3o de 0,005 \u00b0 e desvio de temperatura de 0,0005 \u00b0 \/ \u2103, que \u00e9 um produto real de grau industrial.<\/p>\n<p>A ADI possui um sensor de temperatura de alta precis\u00e3o interno, que pode corrigir o desvio da temperatura do sensor de acordo com a altera\u00e7\u00e3o do sensor de temperatura interno para garantir a alta repetibilidade do produto, independentemente da baixa temperatura ou ambiente de alta temperatura. O padr\u00e3o de frequ\u00eancia de resposta de sa\u00edda \u00e9 de at\u00e9 100Hz, o que \u00e9 adequado para v\u00e1rios ambientes de trabalho severos.<\/p>\n<p><strong><b>Caracter\u00edsticas<\/b><\/strong><\/p>\n<p>Monitoramento de inclina\u00e7\u00e3o de eixo \u00fanico<\/p>\n<p>Precis\u00e3o de alcance total 0,005 \u00b0, resolu\u00e7\u00e3o 0,0007 \u00b0<\/p>\n<p>Frequ\u00eancia de sa\u00edda 5 ~ 100Hz (opcional)<\/p>\n<p>Entrada de tens\u00e3o de largura DC 11 ~ 36V<\/p>\n<p>Wide temperature Working -40 ~+85 \u2103<\/p>\n<p>Intervalo 0 ~ \u00b1 5 \/\u00b110\/\u00b115\/\u00b130\u00b0 (opcional)<\/p>\n<p>Alta resist\u00eancia \u00e0 vibra\u00e7\u00e3o&gt; 20000g<\/p>\n<p>Taxa de transmiss\u00e3o: 100k ~ 500k bps<\/p>\n<p>Prote\u00e7\u00e3o IP67<\/p>\n<p>Canopeno de sa\u00edda<\/p>\n<p>Volume (107*55*27mm) (personaliz\u00e1vel)<\/p>\n<p><strong><b>Aplica\u00e7\u00f5es<\/b><\/strong><\/p>\n<p>Monitoramento da torre de arame de alta tens\u00e3o<\/p>\n<p>Posicionamento de antena solar sat\u00e9lite<\/p>\n<p>Caminh\u00e3o de trabalho a\u00e9reo<\/p>\n<p>M\u00e1quinas de minera\u00e7\u00e3o, equipamento de registro de \u00f3leo<\/p>\n<p>Equipamento m\u00e9dico<\/p>\n<p>Nivelamento de inclina\u00e7\u00e3o<\/p>\n<p>Plataforma de eleva\u00e7\u00e3o hidr\u00e1ulica<\/p>\n<p>Monitoramento da inclina\u00e7\u00e3o<\/p>\n<p>Controle de \u00e2ngulo de v\u00e1rias m\u00e1quinas de constru\u00e7\u00e3o<\/p>\n<p>Inspe\u00e7\u00e3o de pontes e barragens<\/p>","protected":false},"featured_media":3360,"comment_status":"open","ping_status":"closed","template":"","meta":[],"product_brand":[],"product_cat":[24],"product_tag":[],"class_list":{"0":"post-2377","1":"product","2":"type-product","3":"status-publish","4":"has-post-thumbnail","6":"product_cat-tilt-sensor","8":"first","9":"instock","10":"shipping-taxable","11":"product-type-simple"},"_links":{"self":[{"href":"https:\/\/www.andelutech.com\/pt\/wp-json\/wp\/v2\/product\/2377","targetHints":{"allow":["GET"]}}],"collection":[{"href":"https:\/\/www.andelutech.com\/pt\/wp-json\/wp\/v2\/product"}],"about":[{"href":"https:\/\/www.andelutech.com\/pt\/wp-json\/wp\/v2\/types\/product"}],"replies":[{"embeddable":true,"href":"https:\/\/www.andelutech.com\/pt\/wp-json\/wp\/v2\/comments?post=2377"}],"wp:featuredmedia":[{"embeddable":true,"href":"https:\/\/www.andelutech.com\/pt\/wp-json\/wp\/v2\/media\/3360"}],"wp:attachment":[{"href":"https:\/\/www.andelutech.com\/pt\/wp-json\/wp\/v2\/media?parent=2377"}],"wp:term":[{"taxonomy":"product_brand","embeddable":true,"href":"https:\/\/www.andelutech.com\/pt\/wp-json\/wp\/v2\/product_brand?post=2377"},{"taxonomy":"product_cat","embeddable":true,"href":"https:\/\/www.andelutech.com\/pt\/wp-json\/wp\/v2\/product_cat?post=2377"},{"taxonomy":"product_tag","embeddable":true,"href":"https:\/\/www.andelutech.com\/pt\/wp-json\/wp\/v2\/product_tag?post=2377"}],"curies":[{"name":"wp","href":"https:\/\/api.w.org\/{rel}","templated":true}]}}