{"id":2365,"date":"2025-05-23T14:21:09","date_gmt":"2025-05-23T06:21:09","guid":{"rendered":"https:\/\/www.andelutech.com\/?post_type=product&#038;p=2365"},"modified":"2026-01-09T14:44:34","modified_gmt":"2026-01-09T06:44:34","slug":"analog-type-two-axis-tilt-sensor-1228an","status":"publish","type":"product","link":"https:\/\/www.andelutech.com\/pt\/product\/analog-type-two-axis-tilt-sensor-1228an\/","title":{"rendered":"AND-TM-1228AN- Analog Type Two Axis Tilt Sensor"},"content":{"rendered":"","protected":false},"excerpt":{"rendered":"<p><strong><b>Introdu\u00e7\u00e3o<\/b><\/strong><\/p>\n<p>Esta \u00e9 uma compensa\u00e7\u00e3o industrial de alta temperatura industrial de alta precis\u00e3o de sa\u00edda anal\u00f3gica do sensor de inclina\u00e7\u00e3o dupla, usando tens\u00e3o padr\u00e3o 0 ~ 5V, 0 ~ 10V, corrente 4 ~ 20mA, 0 ~ 20mA, 0 ~ 24MA (opcional). Ao mesmo tempo, por meio de rs232 \/CAN sa\u00edda, ele pode atingir a transmiss\u00e3o de 2000 metros de longa dist\u00e2ncia. O operador precisa apenas coletar o valor de tens\u00e3o do sensor para calcular o \u00e2ngulo de inclina\u00e7\u00e3o atual do objeto. O p\u00eandulo s\u00f3lido embutido (MEMS) pode ser convertido na mudan\u00e7a do \u00e2ngulo de inclina\u00e7\u00e3o, medindo a mudan\u00e7a do campo da gravidade est\u00e1tica.<\/p>\n<p>Usando a tecnologia de produ\u00e7\u00e3o de sensores MEMS, ele pode compensar com precis\u00e3o e corrigir erros de temperatura e erros lineares. Possui as caracter\u00edsticas de alta precis\u00e3o, tamanho pequeno, tecnologia de alta embalagem e forte resist\u00eancia \u00e0 vibra\u00e7\u00e3o. Devido \u00e0 frequ\u00eancia anti-radio integrada e ao circuito de interfer\u00eancia anti-eletromagn\u00e9tica, \u00e9 especialmente adequado para aplica\u00e7\u00f5es em ambientes industriais severos, como m\u00e1quinas de n\u00e3o escava\u00e7\u00e3o subterr\u00e2neas.<\/p>\n<p><strong><b>Caracter\u00edsticas<\/b><\/strong><\/p>\n<p>Monitoramento de dois eixos de inclina\u00e7\u00e3o<\/p>\n<p>Precis\u00e3o de alcance total 0,001 \u00b0, resolu\u00e7\u00e3o 0,0005 \u00b0<\/p>\n<p>Sa\u00edda 0 ~ 5V \u3001 4 ~ 20mA (opcional)<\/p>\n<p>Entrada de tens\u00e3o de largura DC 11 ~ 36V<\/p>\n<p>Wide temperature Working -40 ~+85 \u2103<\/p>\n<p>Intervalo 0 ~ \u00b1 5 \/\u00b110\/\u00b115\/\u00b130\u00b0 (opcional)<\/p>\n<p>Alta resist\u00eancia \u00e0 vibra\u00e7\u00e3o&gt; 20000g<\/p>\n<p>Prote\u00e7\u00e3o IP67<\/p>\n<p>Sa\u00edda Rs232 ao mesmo tempo<\/p>\n<p>Volume (107*55*27mm) (personaliz\u00e1vel)<\/p>\n<p><strong><b>Aplica\u00e7\u00f5es<\/b><\/strong><\/p>\n<p>Monitoramento da torre de arame de alta tens\u00e3o<\/p>\n<p>Posicionamento de antena solar sat\u00e9lite<\/p>\n<p>Caminh\u00e3o de trabalho a\u00e9reo<\/p>\n<p>M\u00e1quinas de minera\u00e7\u00e3o, equipamento de registro de \u00f3leo<\/p>\n<p>Equipamento m\u00e9dico<\/p>\n<p>Nivelamento de inclina\u00e7\u00e3o<\/p>\n<p>Plataforma de eleva\u00e7\u00e3o hidr\u00e1ulica<\/p>\n<p>Monitoramento da inclina\u00e7\u00e3o<\/p>\n<p>Controle de \u00e2ngulo de v\u00e1rias m\u00e1quinas de constru\u00e7\u00e3o<\/p>\n<p>Inspe\u00e7\u00e3o de pontes e barragens<\/p>","protected":false},"featured_media":3364,"comment_status":"open","ping_status":"closed","template":"","meta":[],"product_brand":[],"product_cat":[24],"product_tag":[],"class_list":{"0":"post-2365","1":"product","2":"type-product","3":"status-publish","4":"has-post-thumbnail","6":"product_cat-tilt-sensor","8":"first","9":"instock","10":"shipping-taxable","11":"product-type-simple"},"_links":{"self":[{"href":"https:\/\/www.andelutech.com\/pt\/wp-json\/wp\/v2\/product\/2365","targetHints":{"allow":["GET"]}}],"collection":[{"href":"https:\/\/www.andelutech.com\/pt\/wp-json\/wp\/v2\/product"}],"about":[{"href":"https:\/\/www.andelutech.com\/pt\/wp-json\/wp\/v2\/types\/product"}],"replies":[{"embeddable":true,"href":"https:\/\/www.andelutech.com\/pt\/wp-json\/wp\/v2\/comments?post=2365"}],"wp:featuredmedia":[{"embeddable":true,"href":"https:\/\/www.andelutech.com\/pt\/wp-json\/wp\/v2\/media\/3364"}],"wp:attachment":[{"href":"https:\/\/www.andelutech.com\/pt\/wp-json\/wp\/v2\/media?parent=2365"}],"wp:term":[{"taxonomy":"product_brand","embeddable":true,"href":"https:\/\/www.andelutech.com\/pt\/wp-json\/wp\/v2\/product_brand?post=2365"},{"taxonomy":"product_cat","embeddable":true,"href":"https:\/\/www.andelutech.com\/pt\/wp-json\/wp\/v2\/product_cat?post=2365"},{"taxonomy":"product_tag","embeddable":true,"href":"https:\/\/www.andelutech.com\/pt\/wp-json\/wp\/v2\/product_tag?post=2365"}],"curies":[{"name":"wp","href":"https:\/\/api.w.org\/{rel}","templated":true}]}}