{"id":2356,"date":"2025-05-23T14:15:40","date_gmt":"2025-05-23T06:15:40","guid":{"rendered":"https:\/\/www.andelutech.com\/?post_type=product&#038;p=2356"},"modified":"2026-01-09T14:49:14","modified_gmt":"2026-01-09T06:49:14","slug":"digital-output-type-dual-axis-tilt-sensor-1220di","status":"publish","type":"product","link":"https:\/\/www.andelutech.com\/pt\/product\/digital-output-type-dual-axis-tilt-sensor-1220di\/","title":{"rendered":"AND-TM-1220DI Digital Output Type Dual Axis Tilt Sensor"},"content":{"rendered":"","protected":false},"excerpt":{"rendered":"<p><strong><b>Introdu\u00e7\u00e3o<\/b><\/strong><\/p>\n<p>\u00c9 um sensor de inclina\u00e7\u00e3o de dois eixos de alta precis\u00e3o de compensa\u00e7\u00e3o de alta temperatura com uma resolu\u00e7\u00e3o de 0,0005 \u00b0, uma precis\u00e3o de 0,001 \u00b0 e um desvio de temperatura de 0,0005 \u00b0 \/ \u2103. A interface de sa\u00edda possui rs232, rs485, rs422, ttl, modbus para escolher.<\/p>\n<p>O sensor de inclina\u00e7\u00e3o adota transmiss\u00e3o de sinal digital, suporta software profissional, medi\u00e7\u00e3o e grava\u00e7\u00e3o de dados. \u00c9 uma instala\u00e7\u00e3o sem contato. O operador precisa apenas consertar o sensor na superf\u00edcie do objeto a ser medido com parafusos para calcular o \u00e2ngulo horizontal do objeto. Ele tamb\u00e9m tem as vantagens de forte resist\u00eancia \u00e0 interfer\u00eancia eletromagn\u00e9tica externa e forte resist\u00eancia ao terremoto.<\/p>\n<p><strong><b>Caracter\u00edsticas<\/b><\/strong><\/p>\n<p>Monitoramento de dois eixos de inclina\u00e7\u00e3o<\/p>\n<p>Precis\u00e3o de alcance total 0,001 \u00b0, resolu\u00e7\u00e3o 0,0005 \u00b0<\/p>\n<p>Frequ\u00eancia de sa\u00edda 5 ~ 100Hz (opcional)<\/p>\n<p>Entrada de tens\u00e3o ampla dc 11 ~ 36V<\/p>\n<p>Wide temperature Working -40 ~+85 \u2103<\/p>\n<p>Faixa de medi\u00e7\u00e3o 0 ~ \u00b1 5 \/\u00b110\/\u00b115\/\u00b130\u00b0(optional)<\/p>\n<p>Alta resist\u00eancia \u00e0 vibra\u00e7\u00e3o&gt; 20000g<\/p>\n<p>Taxa de transmiss\u00e3o 2400 ~ 115200 (ajust\u00e1vel)<\/p>\n<p>Prote\u00e7\u00e3o IP67<\/p>\n<p>Sa\u00edda rs232 \/RS485\/TTL\/MODBUS (opcional)<\/p>\n<p>Pequeno volume (107*55*27mm) (personaliz\u00e1vel)<\/p>\n<p><strong><b>Aplica\u00e7\u00f5es<\/b><\/strong><\/p>\n<p>Monitoramento da torre de arame de alta tens\u00e3o<\/p>\n<p>Posicionamento de antena solar sat\u00e9lite<\/p>\n<p>Caminh\u00e3o de trabalho a\u00e9reo<\/p>\n<p>M\u00e1quinas de minera\u00e7\u00e3o, equipamento de registro de \u00f3leo<\/p>\n<p>Equipamento m\u00e9dico<\/p>\n<p>Nivelamento de inclina\u00e7\u00e3o<\/p>\n<p>Plataforma de eleva\u00e7\u00e3o hidr\u00e1ulica<\/p>\n<p>Monitoramento da inclina\u00e7\u00e3o<\/p>\n<p>Controle de \u00e2ngulo de v\u00e1rias m\u00e1quinas de constru\u00e7\u00e3o<\/p>\n<p>Inspe\u00e7\u00e3o de pontes e barragens<\/p>","protected":false},"featured_media":3370,"comment_status":"open","ping_status":"closed","template":"","meta":[],"product_brand":[],"product_cat":[24],"product_tag":[],"class_list":{"0":"post-2356","1":"product","2":"type-product","3":"status-publish","4":"has-post-thumbnail","6":"product_cat-tilt-sensor","8":"first","9":"instock","10":"shipping-taxable","11":"product-type-simple"},"_links":{"self":[{"href":"https:\/\/www.andelutech.com\/pt\/wp-json\/wp\/v2\/product\/2356","targetHints":{"allow":["GET"]}}],"collection":[{"href":"https:\/\/www.andelutech.com\/pt\/wp-json\/wp\/v2\/product"}],"about":[{"href":"https:\/\/www.andelutech.com\/pt\/wp-json\/wp\/v2\/types\/product"}],"replies":[{"embeddable":true,"href":"https:\/\/www.andelutech.com\/pt\/wp-json\/wp\/v2\/comments?post=2356"}],"wp:featuredmedia":[{"embeddable":true,"href":"https:\/\/www.andelutech.com\/pt\/wp-json\/wp\/v2\/media\/3370"}],"wp:attachment":[{"href":"https:\/\/www.andelutech.com\/pt\/wp-json\/wp\/v2\/media?parent=2356"}],"wp:term":[{"taxonomy":"product_brand","embeddable":true,"href":"https:\/\/www.andelutech.com\/pt\/wp-json\/wp\/v2\/product_brand?post=2356"},{"taxonomy":"product_cat","embeddable":true,"href":"https:\/\/www.andelutech.com\/pt\/wp-json\/wp\/v2\/product_cat?post=2356"},{"taxonomy":"product_tag","embeddable":true,"href":"https:\/\/www.andelutech.com\/pt\/wp-json\/wp\/v2\/product_tag?post=2356"}],"curies":[{"name":"wp","href":"https:\/\/api.w.org\/{rel}","templated":true}]}}