{"id":2354,"date":"2025-05-23T14:13:05","date_gmt":"2025-05-23T06:13:05","guid":{"rendered":"https:\/\/www.andelutech.com\/?post_type=product&#038;p=2354"},"modified":"2026-01-09T14:49:48","modified_gmt":"2026-01-09T06:49:48","slug":"tilt-sensor-precision-0-001","status":"publish","type":"product","link":"https:\/\/www.andelutech.com\/pt\/product\/tilt-sensor-precision-0-001\/","title":{"rendered":"AND-TS-12200 Tilt Sensor Precision 0.001\u00b0"},"content":{"rendered":"","protected":false},"excerpt":{"rendered":"<p><strong><b>Introdu\u00e7\u00e3o<\/b><\/strong><\/p>\n<p>Transmiss\u00e3o sem fio de alta precis\u00e3o e TS-12200-Modbus de alta precis\u00e3o<a href=\"https:\/\/www.ericcointernational.com\/tilt-sensor\">Sensor de inclina\u00e7\u00e3o<\/a>\u00a0\u00e9 um sensor de inclina\u00e7\u00e3o sem fio com consumo de energia ultra-baixo, tamanho pequeno e alto desempenho, que \u00e9 destinado \u00e0 aplica\u00e7\u00e3o industrial de usu\u00e1rios sem fonte de alimenta\u00e7\u00e3o ou medi\u00e7\u00e3o din\u00e2mica em tempo real do \u00e2ngulo de atitude do objeto. Alimentado pela bateria de l\u00edtio, baseado na tecnologia de transmiss\u00e3o sem fio da Internet das Coisas, Bluetooth e ZigBee (opcional), todos os circuitos internos foram otimizados e projetados, e v\u00e1rias medidas como MCU industrial, placa de PCB de tr\u00eas provas, cabo importado, casca de metal ampla de temperatura \u00e9 adotada para melhorar o n\u00edvel industrial do produto. Com boa estabilidade a longo prazo e desvio zero pequeno, ele pode entrar automaticamente no modo de suspens\u00e3o de baixa pot\u00eancia, para se livrar da depend\u00eancia do ambiente de uso.<\/p>\n<p>O produto possui estrutura compacta, design preciso, compensa\u00e7\u00e3o de RE para temperatura e linearidade e fun\u00e7\u00f5es de prote\u00e7\u00e3o abrangente integrada, como curto -circuito, alta tens\u00e3o instant\u00e2nea, polaridade, onda etc. \u00c9 simples e conveniente de usar. O m\u00e9todo de transmiss\u00e3o de sinal digital sem fio elimina a fia\u00e7\u00e3o complicada e a interfer\u00eancia de ru\u00eddo causada pela transmiss\u00e3o longa de cabos;  Os n\u00f3s de sensores sem fio podem formar uma enorme rede sem fio, suportar milhares de pontos de medi\u00e7\u00e3o para monitorar a inclina\u00e7\u00e3o ao mesmo tempo e suportar software profissional de computador. Sem pesquisa de campo, ele pode medir e registrar o estado do objeto medido em tempo real;<\/p>\n<p><strong><b>Caracter\u00edsticas<\/b><\/strong><\/p>\n<p>Monitoramento de eixo duplo (eixo \u00fanico opcional)<\/p>\n<p>Faixa: \u00b1 30 \u00b0<\/p>\n<p>Precis\u00e3o: 0,001 \u00b0, Resolu\u00e7\u00e3o: 0,0005 \u00b0<\/p>\n<p>Volume (94*74*64mm) (personaliz\u00e1vel)<\/p>\n<p>Consumo de energia ultra baixa<\/p>\n<p>Alimentado por bateria de l\u00edtio recarreg\u00e1vel embutida<\/p>\n<p>Opera\u00e7\u00e3o de temperatura ampla -40 ~+85 \u2103<\/p>\n<p>Grade de prote\u00e7\u00e3o IP67<\/p>\n<p><strong><b>Aplica\u00e7\u00f5es<\/b><\/strong><\/p>\n<p>Constru\u00e7\u00e3o da ponte<\/p>\n<p>Pan nivelamento de inclina\u00e7\u00e3o<\/p>\n<p>Medi\u00e7\u00e3o de atitude de navega\u00e7\u00e3o de navios<\/p>\n<p>Monitoramento do t\u00fanel da Funda\u00e7\u00e3o Railway<\/p>\n<p>Posicionamento de antena solar sat\u00e9lite<\/p>\n<p>Equipamento m\u00e9dico<\/p>\n<p>Controle de \u00e2ngulo de v\u00e1rias m\u00e1quinas de constru\u00e7\u00e3o<\/p>","protected":false},"featured_media":2355,"comment_status":"open","ping_status":"closed","template":"","meta":[],"product_brand":[],"product_cat":[24],"product_tag":[],"class_list":{"0":"post-2354","1":"product","2":"type-product","3":"status-publish","4":"has-post-thumbnail","6":"product_cat-tilt-sensor","8":"first","9":"instock","10":"shipping-taxable","11":"product-type-simple"},"_links":{"self":[{"href":"https:\/\/www.andelutech.com\/pt\/wp-json\/wp\/v2\/product\/2354","targetHints":{"allow":["GET"]}}],"collection":[{"href":"https:\/\/www.andelutech.com\/pt\/wp-json\/wp\/v2\/product"}],"about":[{"href":"https:\/\/www.andelutech.com\/pt\/wp-json\/wp\/v2\/types\/product"}],"replies":[{"embeddable":true,"href":"https:\/\/www.andelutech.com\/pt\/wp-json\/wp\/v2\/comments?post=2354"}],"wp:featuredmedia":[{"embeddable":true,"href":"https:\/\/www.andelutech.com\/pt\/wp-json\/wp\/v2\/media\/2355"}],"wp:attachment":[{"href":"https:\/\/www.andelutech.com\/pt\/wp-json\/wp\/v2\/media?parent=2354"}],"wp:term":[{"taxonomy":"product_brand","embeddable":true,"href":"https:\/\/www.andelutech.com\/pt\/wp-json\/wp\/v2\/product_brand?post=2354"},{"taxonomy":"product_cat","embeddable":true,"href":"https:\/\/www.andelutech.com\/pt\/wp-json\/wp\/v2\/product_cat?post=2354"},{"taxonomy":"product_tag","embeddable":true,"href":"https:\/\/www.andelutech.com\/pt\/wp-json\/wp\/v2\/product_tag?post=2354"}],"curies":[{"name":"wp","href":"https:\/\/api.w.org\/{rel}","templated":true}]}}