{"id":2352,"date":"2025-05-23T14:07:48","date_gmt":"2025-05-23T06:07:48","guid":{"rendered":"https:\/\/www.andelutech.com\/?post_type=product&#038;p=2352"},"modified":"2025-06-30T17:44:26","modified_gmt":"2025-06-30T09:44:26","slug":"and-fimu-5500-high-bandwidth-and-large-range-fog-imu","status":"publish","type":"product","link":"https:\/\/www.andelutech.com\/pt\/product\/and-fimu-5500-high-bandwidth-and-large-range-fog-imu\/","title":{"rendered":"E FIMU-5500 High Bandwidth e Large Range Fog IMU\u00a0"},"content":{"rendered":"","protected":false},"excerpt":{"rendered":"<p><strong><b>Introdu\u00e7\u00e3o<\/b><\/strong><\/p>\n<p>E FIMU-5500 High Bandwidth e grande alcance\u00a0<a href=\"https:\/\/www.ericcointernational.com\/inertial-measurement-units\/fog-imu\/\">NEVOEIRO IMU<\/a>\u00a0\u00e9 composto de girosc\u00f3pio de fibra \u00f3ptica e aceler\u00f4metro flex\u00edvel de quartzo. O produto adota o girosc\u00f3pio de fibra \u00f3ptica de circuito fechado de tr\u00eas eixos, que tem boa precis\u00e3o e apar\u00eancia leve. O produto da unidade de medi\u00e7\u00e3o inercial de fibra \u00f3ptica \u00e9 um dispositivo de medi\u00e7\u00e3o inercial econ\u00f4mico, que possui as caracter\u00edsticas de banda larga, alta resolu\u00e7\u00e3o, desvio zero baixo, alta linearidade, tempo de inicializa\u00e7\u00e3o curto, forte resist\u00eancia a choques e vibra\u00e7\u00f5es, tamanho pequeno e baixo custo.<\/p>\n<p><strong><b>Caracter\u00edsticas<\/b><\/strong><\/p>\n<p>Alta largura de banda, grande alcance, baixo consumo de energia e pequeno volume;<\/p>\n<p>O tempo de resposta \u00e9 curto e a taxa de atualiza\u00e7\u00e3o de dados pode chegar a 4 kHz;<\/p>\n<p>Com o processador ARM, o algoritmo de navega\u00e7\u00e3o pode ser projetado de acordo com as necessidades do usu\u00e1rio;<\/p>\n<p>Os dados do sensor s\u00e3o calibrados e a temperatura compensada e todo o desempenho da temperatura \u00e9 est\u00e1vel.<\/p>\n<p><strong><b>Aplica\u00e7\u00f5es<\/b><\/strong><\/p>\n<p>Muni\u00e7\u00e3o inteligente (JDAM);<\/p>\n<p>Levantamento aeron\u00e1utico e mapeamento;<\/p>\n<p>Navega\u00e7\u00e3o e posicionamento de ve\u00edculos;<\/p>\n<p>Controle de atitude;<\/p>\n<p>Medi\u00e7\u00e3o de moto;<\/p>\n<p>Sistema de navega\u00e7\u00e3o integrado;<\/p>\n<p><strong><b>Principais indicadores t\u00e9cnicos<\/b><\/strong><\/p>\n<p>Indicadores gerais:<\/p>\n<p>Peso: \u2264900g;<\/p>\n<p>Dimens\u00e3o: 81mm*81mm*98mm;<\/p>\n<p>Fonte de alimenta\u00e7\u00e3o: 9 ~ 36V DC;<\/p>\n<p>O consumo constante de energia: \u226410w;<\/p>\n<p>Temperatura de trabalho: -40 ~+60 C;<\/p>\n<p>Frequ\u00eancia de atualiza\u00e7\u00e3o de dados: 1000Hz (max 4000Hz personaliz\u00e1vel);<\/p>\n<p>Interface: RS422.<\/p>\n<p><strong><b>Girosc\u00f3pio de fibra \u00f3ptica\u00a0<\/b><\/strong><\/p>\n<p>Intervalo: \u00b1 1000 \u00b0 \/ s;<\/p>\n<p>Estabilidade de vi\u00e9s: \u22640,5 \u00b0 \/ h<\/p>\n<p>Vi\u00e9s Repetibilidade: \u22640,5 \u00b0 \/ h<\/p>\n<p>Coeficiente de caminhada aleat\u00f3ria: \u22640,05 \u00b0 \/ h0.5<\/p>\n<p>Fator de escala de repetibilidade: \u2264100ppm<\/p>\n<p>Fator de escala N\u00e3o linearidade: \u2264100ppm<\/p>\n<p>Largura de banda: \u2265500Hz<\/p>\n<p><strong><b>Aceler\u00f4metro de quartzo<\/b><\/strong><\/p>\n<p>Intervalo: \u00b1 10g<\/p>\n<p>Estabilidade de vi\u00e9s: \u2264300ug (m\u00e9dia 1)<\/p>\n<p>Estabilidade do fator de escala: \u2264300ppm (-40 ~+60 \u2103)<\/p>\n<p><strong><b>Indicadores de modo girosc\u00f3pio vertical<\/b><\/strong><\/p>\n<p>Faixa de medi\u00e7\u00e3o de atitude horizontal: \u00b1 60 \u00b0;<\/p>\n<p>Precis\u00e3o de atitude horizontal: \u22640,03 \u00b0;<\/p>\n<p>Faixa de medi\u00e7\u00e3o de Heave: \u00b1 5m;<\/p>\n<p>Precis\u00e3o da medi\u00e7\u00e3o do peso: \u22645% (a precis\u00e3o \u00e9 melhor que 5 cm quando a amplitude \u00e9 menor que 1M).<\/p>","protected":false},"featured_media":2714,"comment_status":"open","ping_status":"closed","template":"","meta":[],"product_brand":[],"product_cat":[26],"product_tag":[],"class_list":{"0":"post-2352","1":"product","2":"type-product","3":"status-publish","4":"has-post-thumbnail","6":"product_cat-imu-mems-ins","8":"first","9":"instock","10":"shipping-taxable","11":"product-type-simple"},"_links":{"self":[{"href":"https:\/\/www.andelutech.com\/pt\/wp-json\/wp\/v2\/product\/2352","targetHints":{"allow":["GET"]}}],"collection":[{"href":"https:\/\/www.andelutech.com\/pt\/wp-json\/wp\/v2\/product"}],"about":[{"href":"https:\/\/www.andelutech.com\/pt\/wp-json\/wp\/v2\/types\/product"}],"replies":[{"embeddable":true,"href":"https:\/\/www.andelutech.com\/pt\/wp-json\/wp\/v2\/comments?post=2352"}],"wp:featuredmedia":[{"embeddable":true,"href":"https:\/\/www.andelutech.com\/pt\/wp-json\/wp\/v2\/media\/2714"}],"wp:attachment":[{"href":"https:\/\/www.andelutech.com\/pt\/wp-json\/wp\/v2\/media?parent=2352"}],"wp:term":[{"taxonomy":"product_brand","embeddable":true,"href":"https:\/\/www.andelutech.com\/pt\/wp-json\/wp\/v2\/product_brand?post=2352"},{"taxonomy":"product_cat","embeddable":true,"href":"https:\/\/www.andelutech.com\/pt\/wp-json\/wp\/v2\/product_cat?post=2352"},{"taxonomy":"product_tag","embeddable":true,"href":"https:\/\/www.andelutech.com\/pt\/wp-json\/wp\/v2\/product_tag?post=2352"}],"curies":[{"name":"wp","href":"https:\/\/api.w.org\/{rel}","templated":true}]}}