{"id":2350,"date":"2025-05-23T14:06:55","date_gmt":"2025-05-23T06:06:55","guid":{"rendered":"https:\/\/www.andelutech.com\/?post_type=product&#038;p=2350"},"modified":"2025-06-30T17:53:06","modified_gmt":"2025-06-30T09:53:06","slug":"and-fimu-70-fog-imu","status":"publish","type":"product","link":"https:\/\/www.andelutech.com\/pt\/product\/and-fimu-70-fog-imu\/","title":{"rendered":"E-FIMU-70 FOG IMU"},"content":{"rendered":"","protected":false},"excerpt":{"rendered":"<p><strong><b>Introdu\u00e7\u00e3o:<\/b><\/strong><\/p>\n<p>A unidade de medi\u00e7\u00e3o inercial de nevoeiro e FIMU-70 \u00e9 desenvolvida especialmente para aplica\u00e7\u00f5es de sistema t\u00e1tico. O produto consiste em todo o estado de tr\u00eas eixos de estado s\u00f3lido\u00a0<a href=\"https:\/\/www.ericcointernational.com\/gyroscope\"><u>girosc\u00f3pio<\/u><\/a>, aceler\u00f4metros flex\u00edveis de quartzo de tr\u00eas eixos, estrutura corporal, placa de interface de dados e outros componentes.<\/p>\n<p><strong><b>Aplica\u00e7\u00f5es<\/b><\/strong><\/p>\n<p>Navega\u00e7\u00e3o inercial de m\u00edsseis superficial para o ar<\/p>\n<p>M\u00edsseis ar-ar e m\u00edsseis de navega\u00e7\u00e3o<\/p>\n<p>Sistemas de estabiliza\u00e7\u00e3o espacial, sistemas de mapeamento, sistemas de refer\u00eancia de atitude, sistemas de compensa\u00e7\u00e3o de movimento, sistemas de estabiliza\u00e7\u00e3o de imagem, sistemas de controle de v\u00f4o<\/p>\n<p>Instrumentos de manobras de combate a\u00e9reo<\/p>\n<p>Equipamento de teste de navega\u00e7\u00e3o<\/p>\n<p><strong><b>Especifica\u00e7\u00f5es<\/b><\/strong><\/p>\n<p><strong><b>Girosc\u00f3pio:<\/b><\/strong><\/p>\n<p>Faixa de medi\u00e7\u00e3o: \u2264500 \u00b0 \/ s<\/p>\n<p>Escala de fator n\u00e3o linear \u2264300ppm (1\u03c3)<\/p>\n<p>Vi\u00e9s repetibilidade \u22640.1-0,5\u00ba \/ h (1\u03c3)<\/p>\n<p>Estabilidade de vi\u00e9s \u22640,1\u00ba-0,5\u00ba \/ h (1\u03c3)<\/p>\n<p><strong><b>Aceler\u00f4metro:<\/b><\/strong><\/p>\n<p>Faixa de medi\u00e7\u00e3o \u00b1 50 g<\/p>\n<p>Escala de fator n\u00e3o linear \u2264300ppm (1\u03c3)<\/p>\n<p>Repetibilidade da escala de fatores \u22645 \u00d7 10-4g (1\u03c3)<\/p>\n<p>Dimens\u00f5es: 200*100*90 mm (personaliz\u00e1vel)<\/p>\n<p>Peso: 1200g \u00b1 60g<\/p>\n<p>Fonte de alimenta\u00e7\u00e3o: 28V DC (personaliz\u00e1vel)<\/p>\n<p>Interface de comunica\u00e7\u00e3o: RS-232 (personaliz\u00e1vel)<\/p>","protected":false},"featured_media":2728,"comment_status":"open","ping_status":"closed","template":"","meta":[],"product_brand":[],"product_cat":[26],"product_tag":[],"class_list":{"0":"post-2350","1":"product","2":"type-product","3":"status-publish","4":"has-post-thumbnail","6":"product_cat-imu-mems-ins","8":"first","9":"instock","10":"shipping-taxable","11":"product-type-simple"},"_links":{"self":[{"href":"https:\/\/www.andelutech.com\/pt\/wp-json\/wp\/v2\/product\/2350","targetHints":{"allow":["GET"]}}],"collection":[{"href":"https:\/\/www.andelutech.com\/pt\/wp-json\/wp\/v2\/product"}],"about":[{"href":"https:\/\/www.andelutech.com\/pt\/wp-json\/wp\/v2\/types\/product"}],"replies":[{"embeddable":true,"href":"https:\/\/www.andelutech.com\/pt\/wp-json\/wp\/v2\/comments?post=2350"}],"wp:featuredmedia":[{"embeddable":true,"href":"https:\/\/www.andelutech.com\/pt\/wp-json\/wp\/v2\/media\/2728"}],"wp:attachment":[{"href":"https:\/\/www.andelutech.com\/pt\/wp-json\/wp\/v2\/media?parent=2350"}],"wp:term":[{"taxonomy":"product_brand","embeddable":true,"href":"https:\/\/www.andelutech.com\/pt\/wp-json\/wp\/v2\/product_brand?post=2350"},{"taxonomy":"product_cat","embeddable":true,"href":"https:\/\/www.andelutech.com\/pt\/wp-json\/wp\/v2\/product_cat?post=2350"},{"taxonomy":"product_tag","embeddable":true,"href":"https:\/\/www.andelutech.com\/pt\/wp-json\/wp\/v2\/product_tag?post=2350"}],"curies":[{"name":"wp","href":"https:\/\/api.w.org\/{rel}","templated":true}]}}