{"id":2348,"date":"2025-05-23T14:05:59","date_gmt":"2025-05-23T06:05:59","guid":{"rendered":"https:\/\/www.andelutech.com\/?post_type=product&#038;p=2348"},"modified":"2025-06-30T17:48:49","modified_gmt":"2025-06-30T09:48:49","slug":"and-fimu-60-low-cost-high-precision-fog-imu-replace-ln200","status":"publish","type":"product","link":"https:\/\/www.andelutech.com\/pt\/product\/and-fimu-60-low-cost-high-precision-fog-imu-replace-ln200\/","title":{"rendered":"E-FIMU-60 Baixo custo &#038; High Precision FOG IMU (Substituir LN200)"},"content":{"rendered":"","protected":false},"excerpt":{"rendered":"<p><strong><b>Introdu\u00e7\u00e3o:<\/b><\/strong><\/p>\n<p>E-FIMU-60 Baixo custo &amp; - High Precision FOG IMU (substituir LN200) desenvolvida para sistemas militares t\u00e1cticos para substituir LN200 de Northrop Grumman (ex Litton). \u00c9 composto por um girosc\u00f3pio de fibra \u00f3ptica triaxial e aceler\u00f4metro de flexibilidade triaxial de quartz, estrutura corporal, painel de interface de dados e outros componentes. Tem as seguintes vantagens: arranque r\u00e1pido e resposta r\u00e1pida; - medi\u00e7\u00e3o completa da atitude; - baixo consumo de energia e miniaturiza\u00e7\u00e3o; - compartimento de prote\u00e7\u00e3o completamente fechado, n\u00e3o ativo e de g\u00e1s, e estrutura de quadro confi\u00e1vel, com alta confiabilidade e longa vida. O sensor tem baixo ru\u00eddo e pequeno offset, e pode ser diretamente integrado com computador de navega\u00e7\u00e3o, receptor de sat\u00e9lite e software relacionado para formar navega\u00e7\u00e3o integrada GNSS\/INS. Pode ser aplicado diretamente \u00e0 navega\u00e7\u00e3o inercial de m\u00edsseis de superf\u00edcie para ar, m\u00edsseis de ar para ar e m\u00edsseis de navega\u00e7\u00e3o. Pode ser amplamente utilizado em sistemas de estabiliza\u00e7\u00e3o espacial, sistemas de mapeamento, sistemas de refer\u00eancia de atitude, sistemas de compensa\u00e7\u00e3o de movimento, sistemas de estabiliza\u00e7\u00e3o de imagem, sistemas de controle de voo e instrumentos de manobra de combate a\u00e9reo\/equipamento de teste de navega\u00e7\u00e3o.<\/p>","protected":false},"featured_media":2722,"comment_status":"open","ping_status":"closed","template":"","meta":[],"product_brand":[],"product_cat":[26],"product_tag":[],"class_list":{"0":"post-2348","1":"product","2":"type-product","3":"status-publish","4":"has-post-thumbnail","6":"product_cat-imu-mems-ins","8":"first","9":"instock","10":"shipping-taxable","11":"product-type-simple"},"_links":{"self":[{"href":"https:\/\/www.andelutech.com\/pt\/wp-json\/wp\/v2\/product\/2348","targetHints":{"allow":["GET"]}}],"collection":[{"href":"https:\/\/www.andelutech.com\/pt\/wp-json\/wp\/v2\/product"}],"about":[{"href":"https:\/\/www.andelutech.com\/pt\/wp-json\/wp\/v2\/types\/product"}],"replies":[{"embeddable":true,"href":"https:\/\/www.andelutech.com\/pt\/wp-json\/wp\/v2\/comments?post=2348"}],"wp:featuredmedia":[{"embeddable":true,"href":"https:\/\/www.andelutech.com\/pt\/wp-json\/wp\/v2\/media\/2722"}],"wp:attachment":[{"href":"https:\/\/www.andelutech.com\/pt\/wp-json\/wp\/v2\/media?parent=2348"}],"wp:term":[{"taxonomy":"product_brand","embeddable":true,"href":"https:\/\/www.andelutech.com\/pt\/wp-json\/wp\/v2\/product_brand?post=2348"},{"taxonomy":"product_cat","embeddable":true,"href":"https:\/\/www.andelutech.com\/pt\/wp-json\/wp\/v2\/product_cat?post=2348"},{"taxonomy":"product_tag","embeddable":true,"href":"https:\/\/www.andelutech.com\/pt\/wp-json\/wp\/v2\/product_tag?post=2348"}],"curies":[{"name":"wp","href":"https:\/\/api.w.org\/{rel}","templated":true}]}}