{"id":2344,"date":"2025-05-23T14:04:36","date_gmt":"2025-05-23T06:04:36","guid":{"rendered":"https:\/\/www.andelutech.com\/?post_type=product&#038;p=2344"},"modified":"2025-06-30T17:12:23","modified_gmt":"2025-06-30T09:12:23","slug":"and-fimu-50-minimum-fog-imu-50","status":"publish","type":"product","link":"https:\/\/www.andelutech.com\/pt\/product\/and-fimu-50-minimum-fog-imu-50\/","title":{"rendered":"E FIMU-50 FOG m\u00ednimo IMU 50"},"content":{"rendered":"","protected":false},"excerpt":{"rendered":"<p><strong><b>Introdu\u00e7\u00e3o<\/b><\/strong><\/p>\n<p>E-FIMU-50\u00a0<a href=\"https:\/\/www.ericcointernational.com\/inertial-measurement-units\/fog-imu\/\">FOG IMU<\/a>\u00e9 um dispositivo de medi\u00e7\u00e3o inercial m\u00ednimo eficaz em custo para navega\u00e7\u00e3o, controle e medi\u00e7\u00e3o din\u00e2mica. O sistema adota uma alta confiabilidade girosc\u00f3pio e aceler\u00f4metro de fibras \u00f3pticas de circuito fechado e assegura a precis\u00e3o de medi\u00e7\u00e3o atrav\u00e9s de t\u00e9cnicas de compensa\u00e7\u00e3o m\u00faltipla. A tecnologia estrita \u00e9 adotada no processo de fabrica\u00e7\u00e3o para assegurar que os par\u00e2metros de movimento angular e de movimento linear do portador podem ser medidos com precis\u00e3o em condi\u00e7\u00f5es dif\u00edceis.<\/p>\n<p>O produto tem uma grande experi\u00eancia de usu\u00e1rio. Al\u00e9m do abastecimento de energia de larga tens\u00e3o, os usu\u00e1rios tamb\u00e9m podem configurar a largura de banda de sa\u00edda, a taxa de atualiza\u00e7\u00e3o dos dados, a taxa de baud do porto de comunica\u00e7\u00e3o e o protocolo de comunica\u00e7\u00e3o de acordo com suas necessidades.<strong><b>\u00a0<\/b><\/strong><\/p>\n<p><strong><b>Caracter\u00edsticas<\/b><\/strong><\/p>\n<p>Fibra \u00f3ptica m\u00ednima\u00a0<a href=\"https:\/\/www.ericcointernational.com\/inertial-measurement-units\/\">IMU<\/a><\/p>\n<p>Compensa\u00e7\u00e3o a toda temperatura<\/p>\n<p>resist\u00eancia forte ao choque e resist\u00eancia \u00e0 vibra\u00e7\u00e3o<\/p>\n<p>Largura de banda&gt; 100Hz<\/p>\n<p>Taxa de atualiza\u00e7\u00e3o dos dados: 100Hz~4000Hz<\/p>\n<p>Taxa de baud configurable, at\u00e9 921,6Kbps<\/p>\n<p>Peso 600g<\/p>\n<p>Fornecimento de tens\u00e3o larga 9V~31V<\/p>\n<p>Consumo de energia 4,8 W<\/p>\n<p><strong><b>Aplica\u00e7\u00f5es<\/b><\/strong><\/p>\n<p><a href=\"https:\/\/www.ericcointernational.com\/attitude-heading-reference-system\/\">AHRS<\/a><\/p>\n<p>Sistema de controle de orienta\u00e7\u00e3o<\/p>\n<p>Medi\u00e7\u00e3o de atitude de ve\u00edculo e navio<\/p>\n<p>Sistema de navega\u00e7\u00e3o integrada inercial\/sat\u00e9lite<\/p>\n<p>Sistema de perfura\u00e7\u00e3o<\/p>\n<p>Sistema de mapeamento m\u00f3vel<\/p>\n<p>Comunica\u00e7\u00e3o por sat\u00e9lite em movimento<\/p>","protected":false},"featured_media":2706,"comment_status":"open","ping_status":"closed","template":"","meta":[],"product_brand":[],"product_cat":[26],"product_tag":[],"class_list":{"0":"post-2344","1":"product","2":"type-product","3":"status-publish","4":"has-post-thumbnail","6":"product_cat-imu-mems-ins","8":"first","9":"instock","10":"shipping-taxable","11":"product-type-simple"},"_links":{"self":[{"href":"https:\/\/www.andelutech.com\/pt\/wp-json\/wp\/v2\/product\/2344","targetHints":{"allow":["GET"]}}],"collection":[{"href":"https:\/\/www.andelutech.com\/pt\/wp-json\/wp\/v2\/product"}],"about":[{"href":"https:\/\/www.andelutech.com\/pt\/wp-json\/wp\/v2\/types\/product"}],"replies":[{"embeddable":true,"href":"https:\/\/www.andelutech.com\/pt\/wp-json\/wp\/v2\/comments?post=2344"}],"wp:featuredmedia":[{"embeddable":true,"href":"https:\/\/www.andelutech.com\/pt\/wp-json\/wp\/v2\/media\/2706"}],"wp:attachment":[{"href":"https:\/\/www.andelutech.com\/pt\/wp-json\/wp\/v2\/media?parent=2344"}],"wp:term":[{"taxonomy":"product_brand","embeddable":true,"href":"https:\/\/www.andelutech.com\/pt\/wp-json\/wp\/v2\/product_brand?post=2344"},{"taxonomy":"product_cat","embeddable":true,"href":"https:\/\/www.andelutech.com\/pt\/wp-json\/wp\/v2\/product_cat?post=2344"},{"taxonomy":"product_tag","embeddable":true,"href":"https:\/\/www.andelutech.com\/pt\/wp-json\/wp\/v2\/product_tag?post=2344"}],"curies":[{"name":"wp","href":"https:\/\/api.w.org\/{rel}","templated":true}]}}