{"id":2335,"date":"2025-05-23T13:59:41","date_gmt":"2025-05-23T05:59:41","guid":{"rendered":"https:\/\/www.andelutech.com\/?post_type=product&#038;p=2335"},"modified":"2026-01-12T15:21:50","modified_gmt":"2026-01-12T07:21:50","slug":"high-accuracy-mems-imu-m01-a","status":"publish","type":"product","link":"https:\/\/www.andelutech.com\/pt\/product\/high-accuracy-mems-imu-m01-a\/","title":{"rendered":"AND-M01-A High Accuracy MEMS IMU"},"content":{"rendered":"","protected":false},"excerpt":{"rendered":"<p><strong><b>Introdu\u00e7\u00e3o<\/b><\/strong><\/p>\n<p>O MEMS pode medir as informa\u00e7\u00f5es da taxa angular de afina\u00e7\u00e3o, rolagem e dire\u00e7\u00e3o em tempo real e produzi -las para os usu\u00e1rios.<\/p>\n<p>A\u00a0<a href=\"https:\/\/www.ericcointernational.com\/inertial-measurement-units\/mems-inertial-measurement-unit\/\">MEMS IMU<\/a>\u00a0Sensor, girosc\u00f3pio e aceler\u00f4metro compostos por GIROSC\u00d3PIO MEMS, ACELER\u00d4METRO e magnet\u00f4metro MEMS constituem os componentes principais do sistema de navega\u00e7\u00e3o inercial. Atrav\u00e9s do aceler\u00f4metro e girosc\u00f3pio integrado, a IMU pode medir a acelera\u00e7\u00e3o linear e a velocidade angular rotacional em tr\u00eas dire\u00e7\u00f5es e obter informa\u00e7\u00f5es de atitude, velocidade e deslocamento dos portadores.<\/p>\n<p>A IMU \u00e9 usada principalmente em equipamentos de controle de movimento, como ve\u00edculos e rob\u00f4s, e tamb\u00e9m pode ser usada em ocasi\u00f5es que exigem o uso de c\u00e1lculo de atitude para um deslocamento preciso, como equipamentos de navega\u00e7\u00e3o inerciais para submarinos, aeronaves, m\u00edsseis e naves espaciais. Comparado a outros equipamentos de navega\u00e7\u00e3o, o sistema de navega\u00e7\u00e3o inercial tamb\u00e9m possui as caracter\u00edsticas importantes de informa\u00e7\u00f5es abrangentes, autonomia completa, oculta\u00e7\u00e3o forte, informa\u00e7\u00f5es cont\u00ednuas em tempo real, livres de tempo, restri\u00e7\u00f5es geogr\u00e1ficas e fatores humanos, que o tornam adequado para o ar, a \u00e1gua e o trabalho subterr\u00e2neo normalmente no meio ambiente.<\/p>","protected":false},"featured_media":2318,"comment_status":"open","ping_status":"closed","template":"","meta":[],"product_brand":[],"product_cat":[26],"product_tag":[],"class_list":{"0":"post-2335","1":"product","2":"type-product","3":"status-publish","4":"has-post-thumbnail","6":"product_cat-imu-mems-ins","8":"first","9":"instock","10":"shipping-taxable","11":"product-type-simple"},"_links":{"self":[{"href":"https:\/\/www.andelutech.com\/pt\/wp-json\/wp\/v2\/product\/2335","targetHints":{"allow":["GET"]}}],"collection":[{"href":"https:\/\/www.andelutech.com\/pt\/wp-json\/wp\/v2\/product"}],"about":[{"href":"https:\/\/www.andelutech.com\/pt\/wp-json\/wp\/v2\/types\/product"}],"replies":[{"embeddable":true,"href":"https:\/\/www.andelutech.com\/pt\/wp-json\/wp\/v2\/comments?post=2335"}],"wp:featuredmedia":[{"embeddable":true,"href":"https:\/\/www.andelutech.com\/pt\/wp-json\/wp\/v2\/media\/2318"}],"wp:attachment":[{"href":"https:\/\/www.andelutech.com\/pt\/wp-json\/wp\/v2\/media?parent=2335"}],"wp:term":[{"taxonomy":"product_brand","embeddable":true,"href":"https:\/\/www.andelutech.com\/pt\/wp-json\/wp\/v2\/product_brand?post=2335"},{"taxonomy":"product_cat","embeddable":true,"href":"https:\/\/www.andelutech.com\/pt\/wp-json\/wp\/v2\/product_cat?post=2335"},{"taxonomy":"product_tag","embeddable":true,"href":"https:\/\/www.andelutech.com\/pt\/wp-json\/wp\/v2\/product_tag?post=2335"}],"curies":[{"name":"wp","href":"https:\/\/api.w.org\/{rel}","templated":true}]}}