{"id":2319,"date":"2025-05-23T13:47:22","date_gmt":"2025-05-23T05:47:22","guid":{"rendered":"https:\/\/www.andelutech.com\/?post_type=product&#038;p=2319"},"modified":"2026-01-09T13:19:45","modified_gmt":"2026-01-09T05:19:45","slug":"mimu-04","status":"publish","type":"product","link":"https:\/\/www.andelutech.com\/pt\/product\/mimu-04\/","title":{"rendered":"AND-MIMU-04 MEMS"},"content":{"rendered":"","protected":false},"excerpt":{"rendered":"<p>A unidade de medi\u00e7\u00e3o inercial, referida como IMU, \u00e9 um dispositivo para medir o \u00e2ngulo de atitude (ou velocidade angular) e acelera\u00e7\u00e3o dos tr\u00eas eixos do objeto. Girosc\u00f3pio e aceler\u00f4metro s\u00e3o os dispositivos principais do sistema de navega\u00e7\u00e3o inercial (<a href=\"https:\/\/www.ericcointernational.com\/inertial-navigation-system\">INS<\/a>). Com o sensor de aceler\u00f4metro e girosc\u00f3pio embutido, a IMU pode medir a velocidade angular de acelera\u00e7\u00e3o e rota\u00e7\u00e3o linear de tr\u00eas dire\u00e7\u00f5es e obter informa\u00e7\u00f5es de atitude, velocidade e deslocamento da transportadora atrav\u00e9s da resolu\u00e7\u00e3o.<\/p>\n<p>O e-MIMU-04 usa aceler\u00f4metro e girosc\u00f3pio MEMS com alta qualidade e confiabilidade, RS422 e comunica\u00e7\u00e3o externa, a taxa de transmiss\u00e3o pode ser definida com flexibilidade entre 9600 ~ 921600, atrav\u00e9s do protocolo de comunica\u00e7\u00e3o para definir a taxa de transfer\u00eancia de comunica\u00e7\u00e3o necess\u00e1ria do usu\u00e1rio. With X, Y, Z three-axis precision gyro, X, Y, Z three-axis accelerometer with high resolution, can be output by RS422 X, Y, Z three axis of gyroscope and accelerometer\u2019s original hexadecimal complement data (including gyro hexadecimal complement the numerical temperature, angle, the accelerometer hexadecimal temperature, the acceleration hexadecimal<\/p>\n<h2><strong><b>Aplica\u00e7\u00f5es da unidade de medi\u00e7\u00e3o inercial da IMU<\/b><\/strong><\/h2>\n<p>M\u00e1quinas de constru\u00e7\u00e3o Medi\u00e7\u00e3o de \u00e2ngulo de mergulho, controle de \u00e2ngulo, monitoramento de opera\u00e7\u00e3o de pil\u00e3o, controle de \u00e2ngulo de equipamentos m\u00e9dicos, pesquisa de estrelas da antena por sat\u00e9lite, ponte, pr\u00e9dio alto, torre, monitoramento de barragens e monitoramento de rocha e solo,\u00a0<a href=\"https:\/\/www.ericcointernational.com\/north-finders\/fiber-optic-gyro-north-finder\/er-fiber-optic-gyro-north-finder-for-mining.html\"><strong><b>minera\u00e7\u00e3o<\/b><\/strong><\/a>, atitude \/heading sistema de refer\u00eancia, navega\u00e7\u00e3o inercial integrada, sistemas de navega\u00e7\u00e3o integrados e sistema de orienta\u00e7\u00e3o inercial, sistema de controle e orienta\u00e7\u00e3o de v\u00f4o, sistemas de refer\u00eancia de cabe\u00e7alho de atitude (<a href=\"https:\/\/www.ericcointernational.com\/attitude-heading-reference-system\">AHRS<\/a>), Estabiliza\u00e7\u00e3o de antenas, c\u00e2meras e plataformas.<\/p>\n<h2><strong><b>Caracter\u00edsticas\u00a0<\/b><\/strong><\/h2>\n<p>Volume: 38,6 mm \u00d7 44,8 mm \u00d7 21,8 mm;<\/p>\n<p>Fonte de alimenta\u00e7\u00e3o de 5V, baixo consumo de energia 1,0W;<\/p>\n<p>peso leve: 55g;<\/p>\n<p>Os produtos incluem o aceler\u00f4metro X, Y, Z tr\u00eas eixos Mems Gyro e X, Y, Z tr\u00eas eixos MEMS;<\/p>\n<p>RS422 Comunica\u00e7\u00e3o do barramento, taxa de transmiss\u00e3o de 9600 ~ 921600 pode ser definida.<\/p>","protected":false},"featured_media":2320,"comment_status":"open","ping_status":"closed","template":"","meta":[],"product_brand":[],"product_cat":[26],"product_tag":[],"class_list":{"0":"post-2319","1":"product","2":"type-product","3":"status-publish","4":"has-post-thumbnail","6":"product_cat-imu-mems-ins","8":"first","9":"instock","10":"shipping-taxable","11":"product-type-simple"},"_links":{"self":[{"href":"https:\/\/www.andelutech.com\/pt\/wp-json\/wp\/v2\/product\/2319","targetHints":{"allow":["GET"]}}],"collection":[{"href":"https:\/\/www.andelutech.com\/pt\/wp-json\/wp\/v2\/product"}],"about":[{"href":"https:\/\/www.andelutech.com\/pt\/wp-json\/wp\/v2\/types\/product"}],"replies":[{"embeddable":true,"href":"https:\/\/www.andelutech.com\/pt\/wp-json\/wp\/v2\/comments?post=2319"}],"wp:featuredmedia":[{"embeddable":true,"href":"https:\/\/www.andelutech.com\/pt\/wp-json\/wp\/v2\/media\/2320"}],"wp:attachment":[{"href":"https:\/\/www.andelutech.com\/pt\/wp-json\/wp\/v2\/media?parent=2319"}],"wp:term":[{"taxonomy":"product_brand","embeddable":true,"href":"https:\/\/www.andelutech.com\/pt\/wp-json\/wp\/v2\/product_brand?post=2319"},{"taxonomy":"product_cat","embeddable":true,"href":"https:\/\/www.andelutech.com\/pt\/wp-json\/wp\/v2\/product_cat?post=2319"},{"taxonomy":"product_tag","embeddable":true,"href":"https:\/\/www.andelutech.com\/pt\/wp-json\/wp\/v2\/product_tag?post=2319"}],"curies":[{"name":"wp","href":"https:\/\/api.w.org\/{rel}","templated":true}]}}