{"id":2317,"date":"2025-05-23T13:45:31","date_gmt":"2025-05-23T05:45:31","guid":{"rendered":"https:\/\/www.andelutech.com\/?post_type=product&#038;p=2317"},"modified":"2025-05-23T13:45:31","modified_gmt":"2025-05-23T05:45:31","slug":"and-mimu-03-high-precision-stable-control-mems-imu","status":"publish","type":"product","link":"https:\/\/www.andelutech.com\/pt\/product\/and-mimu-03-high-precision-stable-control-mems-imu\/","title":{"rendered":"E-MIMU-03 Alta precis\u00e3o est\u00e1vel-controle MEMS IMU"},"content":{"rendered":"","protected":false},"excerpt":{"rendered":"<p>A unidade de medi\u00e7\u00e3o inercial, referida como IMU, \u00e9 um dispositivo para medir o \u00e2ngulo de atitude (ou velocidade angular) e acelera\u00e7\u00e3o dos tr\u00eas eixos do objeto.<a href=\"https:\/\/www.ericcointernational.com\/gyroscope\">Gyroscope<\/a>\u00a0e aceler\u00f4metro s\u00e3o os dispositivos principais do sistema de navega\u00e7\u00e3o INERCIAL (INS). Com o sensor de aceler\u00f4metro e girosc\u00f3pio embutidos, a IMU pode medir a velocidade angular de acelera\u00e7\u00e3o e rota\u00e7\u00e3o linear de tr\u00eas dire\u00e7\u00f5es e obter informa\u00e7\u00f5es de atitude, velocidade e deslocamento da transportadora atrav\u00e9s da resolu\u00e7\u00e3o.<\/p>\n<p>O e-MIMU-03 usa aceler\u00f4metro e girosc\u00f3pio MEMS com alta qualidade e confiabilidade, RS422 e comunica\u00e7\u00e3o externa, a taxa de transmiss\u00e3o pode ser definida com flexibilidade entre 9600 ~ 921600, atrav\u00e9s do protocolo de comunica\u00e7\u00e3o para definir a taxa de transfer\u00eancia de comunica\u00e7\u00e3o necess\u00e1ria do usu\u00e1rio. With X, Y, Z three-axis precision gyro, X, Y, Z three-axis accelerometer with high resolution, can be output by RS422 X, Y, Z three axis of gyroscope and accelerometer\u2019s original hexadecimal complement data (including gyro hexadecimal complement the numerical temperature, angle, the accelerometer hexadecimal temperature, the acceleration hexadecimal<\/p>\n<p><strong><b>Aplica\u00e7\u00f5es<\/b><\/strong><\/p>\n<p>Controle geral de avia\u00e7\u00e3o \/ voo<\/p>\n<p>AHRS (sistema de refer\u00eancia de t\u00edtulo de atitude)<\/p>\n<p>Navega\u00e7\u00e3o auxiliada por GPS<\/p>\n<p>Ve\u00edculos aut\u00f4nomos e operados remotamente<\/p>\n<p>Minera\u00e7\u00e3o<\/p>\n<p><strong><b>Caracter\u00edsticas<\/b><\/strong><\/p>\n<p>Volume: 38,6 mm \u00d7 44,8 mm \u00d7 21,8 mm;<\/p>\n<p>Fonte de alimenta\u00e7\u00e3o de 5V, baixo consumo de energia 1,0W;<\/p>\n<p>Peso leve: 55g;<\/p>\n<p>Os produtos incluem o aceler\u00f4metro X, Y, Z tr\u00eas eixos Mems Gyro e X, Y, Z tr\u00eas eixos MEMS;<\/p>\n<p>RS422 Comunica\u00e7\u00e3o do barramento, taxa de transmiss\u00e3o de 9600 ~ 921600 pode ser definida.<\/p>","protected":false},"featured_media":2318,"comment_status":"open","ping_status":"closed","template":"","meta":[],"product_brand":[],"product_cat":[26],"product_tag":[],"class_list":{"0":"post-2317","1":"product","2":"type-product","3":"status-publish","4":"has-post-thumbnail","6":"product_cat-imu-mems-ins","8":"first","9":"instock","10":"shipping-taxable","11":"product-type-simple"},"_links":{"self":[{"href":"https:\/\/www.andelutech.com\/pt\/wp-json\/wp\/v2\/product\/2317","targetHints":{"allow":["GET"]}}],"collection":[{"href":"https:\/\/www.andelutech.com\/pt\/wp-json\/wp\/v2\/product"}],"about":[{"href":"https:\/\/www.andelutech.com\/pt\/wp-json\/wp\/v2\/types\/product"}],"replies":[{"embeddable":true,"href":"https:\/\/www.andelutech.com\/pt\/wp-json\/wp\/v2\/comments?post=2317"}],"wp:featuredmedia":[{"embeddable":true,"href":"https:\/\/www.andelutech.com\/pt\/wp-json\/wp\/v2\/media\/2318"}],"wp:attachment":[{"href":"https:\/\/www.andelutech.com\/pt\/wp-json\/wp\/v2\/media?parent=2317"}],"wp:term":[{"taxonomy":"product_brand","embeddable":true,"href":"https:\/\/www.andelutech.com\/pt\/wp-json\/wp\/v2\/product_brand?post=2317"},{"taxonomy":"product_cat","embeddable":true,"href":"https:\/\/www.andelutech.com\/pt\/wp-json\/wp\/v2\/product_cat?post=2317"},{"taxonomy":"product_tag","embeddable":true,"href":"https:\/\/www.andelutech.com\/pt\/wp-json\/wp\/v2\/product_tag?post=2317"}],"curies":[{"name":"wp","href":"https:\/\/api.w.org\/{rel}","templated":true}]}}