{"id":2313,"date":"2025-05-23T13:36:24","date_gmt":"2025-05-23T05:36:24","guid":{"rendered":"https:\/\/www.andelutech.com\/?post_type=product&#038;p=2313"},"modified":"2025-05-23T13:36:25","modified_gmt":"2025-05-23T05:36:25","slug":"and-mimu-02-high-precision-navigation-mems-imu","status":"publish","type":"product","link":"https:\/\/www.andelutech.com\/pt\/product\/and-mimu-02-high-precision-navigation-mems-imu\/","title":{"rendered":"E MIMU-02 Navega\u00e7\u00e3o de alta precis\u00e3o MEMS IMU"},"content":{"rendered":"","protected":false},"excerpt":{"rendered":"<p>A unidade de medi\u00e7\u00e3o inercial, referida como IMU, \u00e9 um dispositivo para medir o \u00e2ngulo de atitude (ou velocidade angular) e acelera\u00e7\u00e3o dos tr\u00eas eixos do objeto. Girosc\u00f3pio e aceler\u00f4metro s\u00e3o os dispositivos principais do sistema de navega\u00e7\u00e3o inercial (INS). Com o sensor de aceler\u00f4metro e girosc\u00f3pio embutido, a IMU pode medir a velocidade angular de acelera\u00e7\u00e3o e rota\u00e7\u00e3o linear de tr\u00eas dire\u00e7\u00f5es e obter informa\u00e7\u00f5es de atitude, velocidade e deslocamento da transportadora atrav\u00e9s da resolu\u00e7\u00e3o.<\/p>\n<p>Usos e MIMU-02\u00a0<a href=\"https:\/\/www.ericcointernational.com\/accelerometer\/mems-accelerometer\">Aceler\u00f4metro MEMS<\/a>\u00a0e girosc\u00f3pio com alta qualidade e confiabilidade, RS422 e comunica\u00e7\u00e3o externa, a taxa de transmiss\u00e3o pode ser definida COM flexibilidade entre 9600 ~ 921600, atrav\u00e9s do protocolo de comunica\u00e7\u00e3o para definir a taxa de transmiss\u00e3o de comunica\u00e7\u00e3o necess\u00e1ria do usu\u00e1rio. With X, Y, Z three-axis precision gyro, X, Y, Z three-axis accelerometer with high resolution, can be output by RS422 X, Y, Z three axis of gyroscope and accelerometer\u2019s original hexadecimal complement data (including gyro hexadecimal complement the numerical temperature, Angle, the accelerometer hexadecimal temperature, the acceleration hexadecimal<\/p>\n<p><strong><b>Aplica\u00e7\u00f5es<\/b><\/strong><\/p>\n<p>Sistemas de estabiliza\u00e7\u00e3o de antena e linha de vis\u00e3o<\/p>\n<p>Sistemas de navega\u00e7\u00e3o integrados e sistema de orienta\u00e7\u00e3o inercial<\/p>\n<p>Controle de v\u00f4o e sistema de orienta\u00e7\u00e3o<\/p>\n<p>Sistemas de refer\u00eancia de cabe\u00e7alho de atitude (<a href=\"https:\/\/www.ericcointernational.com\/attitude-heading-reference-system\/\">AHRS<\/a>)<\/p>\n<p>Estabiliza\u00e7\u00e3o de antenas, c\u00e2meras e plataformas<\/p>\n<p>Aerriano e marinho Geo-mapeamento \/ levantamento<\/p>\n<p><strong><b>Caracter\u00edsticas<\/b><\/strong><\/p>\n<p>Volume: 38,6 mm \u00d7 44,8 mm \u00d7 21,8 mm;<\/p>\n<p>Fonte de alimenta\u00e7\u00e3o de 5V, baixo consumo de energia 1,0W;<\/p>\n<p>Leve: 50g;<\/p>\n<p>Os produtos incluem MEMS girosc\u00f3pio X, Y, Z de tr\u00eas eixos e aceler\u00f4metro MEMS de tr\u00eas eixos; Y, Z;<\/p>\n<p>RS422 Comunica\u00e7\u00e3o do barramento, taxa de transmiss\u00e3o de 9600 ~ 921600 pode ser definida.<\/p>","protected":false},"featured_media":2315,"comment_status":"open","ping_status":"closed","template":"","meta":[],"product_brand":[],"product_cat":[26],"product_tag":[],"class_list":{"0":"post-2313","1":"product","2":"type-product","3":"status-publish","4":"has-post-thumbnail","6":"product_cat-imu-mems-ins","8":"first","9":"instock","10":"shipping-taxable","11":"product-type-simple"},"_links":{"self":[{"href":"https:\/\/www.andelutech.com\/pt\/wp-json\/wp\/v2\/product\/2313","targetHints":{"allow":["GET"]}}],"collection":[{"href":"https:\/\/www.andelutech.com\/pt\/wp-json\/wp\/v2\/product"}],"about":[{"href":"https:\/\/www.andelutech.com\/pt\/wp-json\/wp\/v2\/types\/product"}],"replies":[{"embeddable":true,"href":"https:\/\/www.andelutech.com\/pt\/wp-json\/wp\/v2\/comments?post=2313"}],"wp:featuredmedia":[{"embeddable":true,"href":"https:\/\/www.andelutech.com\/pt\/wp-json\/wp\/v2\/media\/2315"}],"wp:attachment":[{"href":"https:\/\/www.andelutech.com\/pt\/wp-json\/wp\/v2\/media?parent=2313"}],"wp:term":[{"taxonomy":"product_brand","embeddable":true,"href":"https:\/\/www.andelutech.com\/pt\/wp-json\/wp\/v2\/product_brand?post=2313"},{"taxonomy":"product_cat","embeddable":true,"href":"https:\/\/www.andelutech.com\/pt\/wp-json\/wp\/v2\/product_cat?post=2313"},{"taxonomy":"product_tag","embeddable":true,"href":"https:\/\/www.andelutech.com\/pt\/wp-json\/wp\/v2\/product_tag?post=2313"}],"curies":[{"name":"wp","href":"https:\/\/api.w.org\/{rel}","templated":true}]}}