{"id":2308,"date":"2025-05-23T12:00:48","date_gmt":"2025-05-23T04:00:48","guid":{"rendered":"https:\/\/www.andelutech.com\/?post_type=product&#038;p=2308"},"modified":"2026-01-09T13:21:12","modified_gmt":"2026-01-09T05:21:12","slug":"dynamically-tuned-inertial-navigation-system","status":"publish","type":"product","link":"https:\/\/www.andelutech.com\/pt\/product\/dynamically-tuned-inertial-navigation-system\/","title":{"rendered":"AND-DINS Dynamically Tuned Inertial Navigation System"},"content":{"rendered":"","protected":false},"excerpt":{"rendered":"<p><strong><b>Introdu\u00e7\u00e3o<\/b><\/strong><\/p>\n<p>Sintonizado dinamicamente\u00a0<a href=\"https:\/\/www.ericcointernational.com\/inertial-navigation-system\/\">Sistema de navega\u00e7\u00e3o inercial<\/a>\u00a0consiste em uma unidade de medi\u00e7\u00e3o inercial, sensor de cabe\u00e7alho magn\u00e9tico e controlar a tela, a antena de recebimento de sat\u00e9lite, o radar doppler e o componente do suporte de instala\u00e7\u00e3o. A antena recebida por sat\u00e9lite pode ser personalizada de acordo com as necessidades de BD2 \/GPS\/GLONASS antena de recep\u00e7\u00e3o tripla ou antena anti-interfer\u00eancia BD2. A unidade de medi\u00e7\u00e3o inercial tamb\u00e9m pode ser uma forma separada de unidade de medi\u00e7\u00e3o inercial, para todos os tipos de sistema de controle de v\u00f4o de m\u00edsseis e sistema de orienta\u00e7\u00e3o.<\/p>\n<p>O sistema de navega\u00e7\u00e3o inercial de Strapdown determina a posi\u00e7\u00e3o da aeronave, o t\u00edtulo, a altitude, a acelera\u00e7\u00e3o. Como navega\u00e7\u00e3o da aeronave, ele determina o controle de v\u00f4o, o gerenciamento de rota e fornece localiza\u00e7\u00e3o, velocidade, atitude e informa\u00e7\u00f5es sobre o t\u00edtulo. O sistema de navega\u00e7\u00e3o inercial ajustado dinamicamente possui alinhamento r\u00e1pido de emerg\u00eancia, alinhamento normal, navega\u00e7\u00e3o, corre\u00e7\u00e3o, calibra\u00e7\u00e3o de par\u00e2metros, teste, liga\u00e7\u00e3o de par\u00e2metros e armazenamento n\u00e3o vol\u00e1til.<\/p>","protected":false},"featured_media":2309,"comment_status":"open","ping_status":"closed","template":"","meta":[],"product_brand":[],"product_cat":[26],"product_tag":[],"class_list":{"0":"post-2308","1":"product","2":"type-product","3":"status-publish","4":"has-post-thumbnail","6":"product_cat-imu-mems-ins","8":"first","9":"instock","10":"shipping-taxable","11":"product-type-simple"},"_links":{"self":[{"href":"https:\/\/www.andelutech.com\/pt\/wp-json\/wp\/v2\/product\/2308","targetHints":{"allow":["GET"]}}],"collection":[{"href":"https:\/\/www.andelutech.com\/pt\/wp-json\/wp\/v2\/product"}],"about":[{"href":"https:\/\/www.andelutech.com\/pt\/wp-json\/wp\/v2\/types\/product"}],"replies":[{"embeddable":true,"href":"https:\/\/www.andelutech.com\/pt\/wp-json\/wp\/v2\/comments?post=2308"}],"wp:featuredmedia":[{"embeddable":true,"href":"https:\/\/www.andelutech.com\/pt\/wp-json\/wp\/v2\/media\/2309"}],"wp:attachment":[{"href":"https:\/\/www.andelutech.com\/pt\/wp-json\/wp\/v2\/media?parent=2308"}],"wp:term":[{"taxonomy":"product_brand","embeddable":true,"href":"https:\/\/www.andelutech.com\/pt\/wp-json\/wp\/v2\/product_brand?post=2308"},{"taxonomy":"product_cat","embeddable":true,"href":"https:\/\/www.andelutech.com\/pt\/wp-json\/wp\/v2\/product_cat?post=2308"},{"taxonomy":"product_tag","embeddable":true,"href":"https:\/\/www.andelutech.com\/pt\/wp-json\/wp\/v2\/product_tag?post=2308"}],"curies":[{"name":"wp","href":"https:\/\/api.w.org\/{rel}","templated":true}]}}