{"id":2306,"date":"2025-05-23T11:57:43","date_gmt":"2025-05-23T03:57:43","guid":{"rendered":"https:\/\/www.andelutech.com\/?post_type=product&#038;p=2306"},"modified":"2025-06-30T15:51:28","modified_gmt":"2025-06-30T07:51:28","slug":"and-mins-5680-mems-integrated-ins","status":"publish","type":"product","link":"https:\/\/www.andelutech.com\/pt\/product\/and-mins-5680-mems-integrated-ins\/","title":{"rendered":"E MENS-5680 MEMS Integrated INS"},"content":{"rendered":"","protected":false},"excerpt":{"rendered":"<p>Introdu\u00e7\u00e3o<br \/>\nEste MEMS Integrated IN tem uma temperatura m\u00e1xima integrada de girosc\u00f3pio MEMS de alta precis\u00e3o de 0,5 \u00b0 \/ h, um aceler\u00f4metro de quartzo de alta precis\u00e3o de 100ug e um receptor GNSS de n\u00edvel de pesquisa de m\u00faltiplos modos e multi-frequ\u00eancia para o alinhamento r\u00e1pido ou o suporte de antena dupla. O produto suporta GNSS \/odometer\/DVL\/barometric alt\u00edmetro e outros sensores externos, com excelente escalabilidade. Atrav\u00e9s do uso da tecnologia de fus\u00e3o de dados de v\u00e1rios sensores, para combinar medi\u00e7\u00e3o inercial e fase, isso pode fazer com que o sistema tenha adaptabilidade e robustez geogr\u00e1ficas melhoradas. O produto pode atender aos requisitos de aplicativo de levantamento e mapeamento mar\u00edtimo e mapeamento e mapeamento de mapas, combinando o armazenamento de dados originais, o n\u00edvel de levantamento e mapeamento e o software de p\u00f3s-processamento para pesquisar e mapear a navega\u00e7\u00e3o. Os usu\u00e1rios podem corresponder de acordo com suas necessidades.<br \/>\nCaracter\u00edsticas<br \/>\nDispositivos MEMS de alta precis\u00e3o: Girosc\u00f3pio de 0,5 \u00b0 \/ h<br \/>\nN\u00edvel de pesquisa Receptor GNSS: Suporte GPS \/ BDS \/ GLONASS<br \/>\nAlinhamento r\u00e1pido din\u00e2mico: suporta o alinhamento r\u00e1pido, 1-2 minutos (precisa ser uma manobra din\u00e2mica)<br \/>\nOrienta\u00e7\u00e3o r\u00e1pida da antena dupla: suporta orienta\u00e7\u00e3o de assist\u00eancia r\u00e1pida de antena dupla: precis\u00e3o 0,1 \u00b0 (linha de base 2m)<br \/>\nSuporte para armazenamento: suporta at\u00e9 16g de extens\u00f5es de armazenamento de dados, suportar dados de navega\u00e7\u00e3o \/raw dados \/ dados externos do usu\u00e1rio<\/p>","protected":false},"featured_media":2307,"comment_status":"open","ping_status":"closed","template":"","meta":[],"product_brand":[],"product_cat":[26],"product_tag":[],"class_list":{"0":"post-2306","1":"product","2":"type-product","3":"status-publish","4":"has-post-thumbnail","6":"product_cat-imu-mems-ins","8":"first","9":"instock","10":"shipping-taxable","11":"product-type-simple"},"_links":{"self":[{"href":"https:\/\/www.andelutech.com\/pt\/wp-json\/wp\/v2\/product\/2306","targetHints":{"allow":["GET"]}}],"collection":[{"href":"https:\/\/www.andelutech.com\/pt\/wp-json\/wp\/v2\/product"}],"about":[{"href":"https:\/\/www.andelutech.com\/pt\/wp-json\/wp\/v2\/types\/product"}],"replies":[{"embeddable":true,"href":"https:\/\/www.andelutech.com\/pt\/wp-json\/wp\/v2\/comments?post=2306"}],"wp:featuredmedia":[{"embeddable":true,"href":"https:\/\/www.andelutech.com\/pt\/wp-json\/wp\/v2\/media\/2307"}],"wp:attachment":[{"href":"https:\/\/www.andelutech.com\/pt\/wp-json\/wp\/v2\/media?parent=2306"}],"wp:term":[{"taxonomy":"product_brand","embeddable":true,"href":"https:\/\/www.andelutech.com\/pt\/wp-json\/wp\/v2\/product_brand?post=2306"},{"taxonomy":"product_cat","embeddable":true,"href":"https:\/\/www.andelutech.com\/pt\/wp-json\/wp\/v2\/product_cat?post=2306"},{"taxonomy":"product_tag","embeddable":true,"href":"https:\/\/www.andelutech.com\/pt\/wp-json\/wp\/v2\/product_tag?post=2306"}],"curies":[{"name":"wp","href":"https:\/\/api.w.org\/{rel}","templated":true}]}}