{"id":2304,"date":"2025-05-23T11:53:01","date_gmt":"2025-05-23T03:53:01","guid":{"rendered":"https:\/\/www.andelutech.com\/?post_type=product&#038;p=2304"},"modified":"2025-06-30T15:54:17","modified_gmt":"2025-06-30T07:54:17","slug":"and-mins-210-230-mems-inertial-navigation-system","status":"publish","type":"product","link":"https:\/\/www.andelutech.com\/pt\/product\/and-mins-210-230-mems-inertial-navigation-system\/","title":{"rendered":"E-MINS-210 \/230 Mems Sistema de navega\u00e7\u00e3o inercial\u00a0"},"content":{"rendered":"","protected":false},"excerpt":{"rendered":"<p><strong><b>Introdu\u00e7\u00e3o<\/b><\/strong><\/p>\n<p>AND-MINS-210 \/ 230\u00a0<a href=\"https:\/\/www.ericcointernational.com\/inertial-navigation-system\/mems-inertial-navigation-system\/\">Mems Sistema de Navega\u00e7\u00e3o Inercial<\/a>\u00a0usa um receptor GPS DE alta precis\u00e3o e din\u00e2mico como um sensor de sinal de sat\u00e9lite. Ele adota a tecnologia de diferencia\u00e7\u00e3o de fase do portador e o c\u00e1lculo r\u00e1pido da ambiguidade de todo o c\u00edrculo, que pode calcular com precis\u00e3o o \u00e2ngulo de azimute do movimento da transportadora. Quando os sinais do GPS interferem, o sistema ainda pode gerar dados de alta precis\u00e3o, mantendo a unidade de medi\u00e7\u00e3o inercial por um per\u00edodo de tempo.<\/p>\n<p><strong><b>Caracter\u00edsticas<\/b><\/strong><\/p>\n<p>E MINS-210 \/230 O sistema de navega\u00e7\u00e3o inercial MEMS supera a defici\u00eancia de um \u00fanico dispositivo, fornece jogo completo ao GPS Alta precis\u00e3o, sem erro de acumula\u00e7\u00e3o, n\u00e3o deriva, pre\u00e7o baixo e produtos inerciais bom desempenho din\u00e2mico, forte capacidade anti-interfer\u00eancia. Sem a necessidade de fonte de sinal externa, ela \u00e9 capaz de trabalhar e melhorar a precis\u00e3o geral da medi\u00e7\u00e3o de atitude, precis\u00e3o da navega\u00e7\u00e3o e desempenho de rastreamento em tempo real do sistema. A prova da terra, mar e ar uma variedade de testes ambientais, precis\u00e3o de 0,1 graus, precis\u00e3o de rolagem e inclina\u00e7\u00e3o de 0,05 graus e supera efetivamente o \u00e2ngulo de deriva do erro de cabe\u00e7alho. \u00c9 compat\u00edvel com v\u00e1rios sistemas e se complementa, produtos de medi\u00e7\u00e3o de azimute de alta confiabilidade de backup m\u00fatuo. Especialmente para ve\u00edculo de comunica\u00e7\u00e3o por sat\u00e9lite, ve\u00edculo de radar meteorol\u00f3gico, navio de guerra, navio de expedi\u00e7\u00e3o, aeronave, UAV, sistema de controle de inc\u00eandio, sistema de comando e controle, sistema de mira de armas, tem uma forte competitividade.<\/p>\n<p><strong><b>Aplica\u00e7\u00f5es<\/b><\/strong><\/p>\n<p>E-MINS-210 \/230 O sistema de navega\u00e7\u00e3o inercial MEMS pode fornecer atitude horizontal, atitude do cabe\u00e7alho e outras informa\u00e7\u00f5es, longitude, latitude, altitude, informa\u00e7\u00f5es de posicionamento, acelera\u00e7\u00e3o 3D, informa\u00e7\u00f5es de medi\u00e7\u00e3o in\u00e9rcia de velocidade angular. Ao estender o alcance do medidor de milhagem e a altura do bar\u00f4metro, ele melhora ainda mais a precis\u00e3o e a aplicabilidade do sistema e pode ser amplamente utilizado em ve\u00edculos a\u00e9reos n\u00e3o tripulados, navega\u00e7\u00e3o por ve\u00edculos, avia\u00e7\u00e3o e controle de estabilidade da plataforma e outros campos.<\/p>","protected":false},"featured_media":2305,"comment_status":"open","ping_status":"closed","template":"","meta":[],"product_brand":[],"product_cat":[26],"product_tag":[],"class_list":{"0":"post-2304","1":"product","2":"type-product","3":"status-publish","4":"has-post-thumbnail","6":"product_cat-imu-mems-ins","8":"first","9":"instock","10":"shipping-taxable","11":"product-type-simple"},"_links":{"self":[{"href":"https:\/\/www.andelutech.com\/pt\/wp-json\/wp\/v2\/product\/2304","targetHints":{"allow":["GET"]}}],"collection":[{"href":"https:\/\/www.andelutech.com\/pt\/wp-json\/wp\/v2\/product"}],"about":[{"href":"https:\/\/www.andelutech.com\/pt\/wp-json\/wp\/v2\/types\/product"}],"replies":[{"embeddable":true,"href":"https:\/\/www.andelutech.com\/pt\/wp-json\/wp\/v2\/comments?post=2304"}],"wp:featuredmedia":[{"embeddable":true,"href":"https:\/\/www.andelutech.com\/pt\/wp-json\/wp\/v2\/media\/2305"}],"wp:attachment":[{"href":"https:\/\/www.andelutech.com\/pt\/wp-json\/wp\/v2\/media?parent=2304"}],"wp:term":[{"taxonomy":"product_brand","embeddable":true,"href":"https:\/\/www.andelutech.com\/pt\/wp-json\/wp\/v2\/product_brand?post=2304"},{"taxonomy":"product_cat","embeddable":true,"href":"https:\/\/www.andelutech.com\/pt\/wp-json\/wp\/v2\/product_cat?post=2304"},{"taxonomy":"product_tag","embeddable":true,"href":"https:\/\/www.andelutech.com\/pt\/wp-json\/wp\/v2\/product_tag?post=2304"}],"curies":[{"name":"wp","href":"https:\/\/api.w.org\/{rel}","templated":true}]}}