{"id":2302,"date":"2025-05-23T11:51:03","date_gmt":"2025-05-23T03:51:03","guid":{"rendered":"https:\/\/www.andelutech.com\/?post_type=product&#038;p=2302"},"modified":"2025-06-30T15:55:43","modified_gmt":"2025-06-30T07:55:43","slug":"and-mins-5651-high-stability-mems-inertial-satellite-integrated-navigation-system","status":"publish","type":"product","link":"https:\/\/www.andelutech.com\/pt\/product\/and-mins-5651-high-stability-mems-inertial-satellite-integrated-navigation-system\/","title":{"rendered":"E MINS-5651 MEMS INERCIAL DE MEMS INERCIAL \/Satellite Sistema de navega\u00e7\u00e3o integrado\u00a0"},"content":{"rendered":"","protected":false},"excerpt":{"rendered":"<p>Introdu\u00e7\u00e3o<br \/>\nAlta estabilidade MEMS inercial \/Satellite O sistema de navega\u00e7\u00e3o integrado est\u00e1 equipado com girosc\u00f3pio Micro MEMS, aceler\u00f4metro e levantamento m\u00f3vel e receptor GNSS multi -frequ\u00eancia multimodo de n\u00edvel de mappingle.<br \/>\nque suporta GPS \/GLONSS\/BD fun\u00e7\u00e3o. O produto possui um excelente desempenho de navega\u00e7\u00e3o integrado e o tamanho do sistema pode ser reduzido a uma compacta\u00e7\u00e3o sem precedentes. Ele pode realizar o alinhamento r\u00e1pido din\u00e2mico ou a orienta\u00e7\u00e3o r\u00e1pida e de alta precis\u00e3o, e a precis\u00e3o da orienta\u00e7\u00e3o pode atingir 0,1 \u00b0.<br \/>\nPara atender \u00e0 demanda de aplicativos de mapeamento m\u00f3vel View View, mapeamento do oceano e outras \u00e1reas de mapeamento, com o armazenamento original de dados e o software de p\u00f3s-processamento de navega\u00e7\u00e3o e de navega\u00e7\u00e3o no n\u00edvel de dados, os usu\u00e1rios podem escolher de acordo com os requisitos.<br \/>\nO produto suporta GNSS \/odometer\/DVL\/barometric altimeter e outros sensores externos, que possuem excelente escalabilidade. Ao usar a tecnologia de fus\u00e3o de dados de v\u00e1rios sensores, integra dados de v\u00e1rias fontes, o sistema de adaptabilidade e robustez regional foi bastante aprimorada, enquanto tamb\u00e9m possui a fun\u00e7\u00e3o de refer\u00eancia de navega\u00e7\u00e3o AHRS. Na aus\u00eancia de qualquer assist\u00eancia externa, ele pode alcan\u00e7ar uma atitude de longa data e manuten\u00e7\u00e3o de t\u00edtulos. \u00c9 especialmente adequado para ve\u00edculos a\u00e9reos n\u00e3o tripulados, ve\u00edculos subaqu\u00e1ticos e outros n\u00e3o tripulados de navega\u00e7\u00e3o de ve\u00edculos a\u00e9reos e determina\u00e7\u00e3o de atitudes.<br \/>\nCaracter\u00edsticas<br \/>\nReceptor GNSS no n\u00edvel de levantamento e mapeamento incorporado: Suporte Beidou B1, B2;<br \/>\nMotor de algoritmo de fus\u00e3o de dados incorporado SFE para oclus\u00e3o de GNSS, a interfer\u00eancia de m\u00faltiplas matilhas \u00e9 especialmente otimizada;<br \/>\nSoftware de p\u00f3s -processamento para a navega\u00e7\u00e3o no n\u00edvel de pesquisa e mapeamento;<br \/>\nApoie o alinhamento r\u00e1pido: precis\u00e3o din\u00e2mica 0,1 \u00b0, tempo 1 ~ 2 minutos (\u00e9 necess\u00e1ria manobra din\u00e2mica);<br \/>\nSuportar os ambientes de aplica\u00e7\u00e3o din\u00e2micos baixos condicionam a antena dupla por sat\u00e9lite, orientada para orienta\u00e7\u00e3o r\u00e1pida: precis\u00e3o de 0,1 \u00b0 (linha de base de 2m);<br \/>\nInterface: rs232 \/RS422\/LAN\/CAN\/USB;<br \/>\nSuporte m\u00e1ximo para extens\u00f5es de armazenamento de dados 16G, dados de navega\u00e7\u00e3o de suporte \/raw dados \/external armazenamento de dados do usu\u00e1rio;<br \/>\nSuportar m\u00faltiplas combina\u00e7\u00f5es de sensores externos (od\u00f4metro \/DVL\/barometric altimeter);<br \/>\nNMEA0183 Sa\u00edda de protocolo padr\u00e3o e at\u00e9 20 protocolos exclusivos dispon\u00edveis de maneira flex\u00edvel.<\/p>","protected":false},"featured_media":2303,"comment_status":"open","ping_status":"closed","template":"","meta":[],"product_brand":[],"product_cat":[26],"product_tag":[],"class_list":{"0":"post-2302","1":"product","2":"type-product","3":"status-publish","4":"has-post-thumbnail","6":"product_cat-imu-mems-ins","8":"first","9":"instock","10":"shipping-taxable","11":"product-type-simple"},"_links":{"self":[{"href":"https:\/\/www.andelutech.com\/pt\/wp-json\/wp\/v2\/product\/2302","targetHints":{"allow":["GET"]}}],"collection":[{"href":"https:\/\/www.andelutech.com\/pt\/wp-json\/wp\/v2\/product"}],"about":[{"href":"https:\/\/www.andelutech.com\/pt\/wp-json\/wp\/v2\/types\/product"}],"replies":[{"embeddable":true,"href":"https:\/\/www.andelutech.com\/pt\/wp-json\/wp\/v2\/comments?post=2302"}],"wp:featuredmedia":[{"embeddable":true,"href":"https:\/\/www.andelutech.com\/pt\/wp-json\/wp\/v2\/media\/2303"}],"wp:attachment":[{"href":"https:\/\/www.andelutech.com\/pt\/wp-json\/wp\/v2\/media?parent=2302"}],"wp:term":[{"taxonomy":"product_brand","embeddable":true,"href":"https:\/\/www.andelutech.com\/pt\/wp-json\/wp\/v2\/product_brand?post=2302"},{"taxonomy":"product_cat","embeddable":true,"href":"https:\/\/www.andelutech.com\/pt\/wp-json\/wp\/v2\/product_cat?post=2302"},{"taxonomy":"product_tag","embeddable":true,"href":"https:\/\/www.andelutech.com\/pt\/wp-json\/wp\/v2\/product_tag?post=2302"}],"curies":[{"name":"wp","href":"https:\/\/api.w.org\/{rel}","templated":true}]}}