{"id":2300,"date":"2025-05-23T09:15:56","date_gmt":"2025-05-23T01:15:56","guid":{"rendered":"https:\/\/www.andelutech.com\/?post_type=product&#038;p=2300"},"modified":"2025-06-30T15:59:24","modified_gmt":"2025-06-30T07:59:24","slug":"and-mins-5610-mems-inertial-satellite-integrated-navigation-system","status":"publish","type":"product","link":"https:\/\/www.andelutech.com\/pt\/product\/and-mins-5610-mems-inertial-satellite-integrated-navigation-system\/","title":{"rendered":"E MINS-5610 MEMS INERCIAL \/Satellite Sistema de navega\u00e7\u00e3o integrado"},"content":{"rendered":"","protected":false},"excerpt":{"rendered":"<p><strong><b>Introdu\u00e7\u00e3o<\/b><\/strong><\/p>\n<p>Este MEMS inercial \/satellite\u00a0<a href=\"https:\/\/www.ericcointernational.com\/inertial-navigation-system\">sistema de navega\u00e7\u00e3o integrado<\/a>\u00a0est\u00e1 equipado com GIROSC\u00d3PIO MEMS e aceler\u00f4metro e mapeamento do receptor GNSS de m\u00faltiplas frequ\u00eancias de modo m\u00faltiplo. Ele pode obter um \u00fanico alinhamento din\u00e2mico de antena ou orienta\u00e7\u00e3o r\u00e1pida de alta precis\u00e3o assistida por antena dupla, e a precis\u00e3o direcional pode atingir at\u00e9 0,1 graus.<\/p>\n<p>Este produto est\u00e1 equipado com um novo mecanismo de algoritmo de navega\u00e7\u00e3o e fus\u00e3o integrado. Utilizando o SFE para oclus\u00e3o do GNSS, interfer\u00eancia de v\u00e1rios caminhos para otimizar o design, ele pode ser usado em cidades, c\u00e2nions e outros ambientes complexos para atender aos requisitos de aplica\u00e7\u00e3o de navega\u00e7\u00e3o de alta precis\u00e3o e alta confiabilidade.<\/p>\n<p>O produto pode suportar GNSS \/odometer\/DVL\/barometric altimeter e outros sensores externos, com excelente escalabilidade. Atrav\u00e9s do uso da tecnologia de fus\u00e3o de dados de v\u00e1rios sensores e a combina\u00e7\u00e3o da medi\u00e7\u00e3o e fase inercial, pode fazer com que o sistema tenha adaptabilidade e robustez geogr\u00e1ficas melhoradas. O produto pode atender aos requisitos de aplica\u00e7\u00e3o de levantamento e mapeamento mar\u00edtimo e levantamento de mapas, correspondendo ao armazenamento de dados original, o n\u00edvel de levantamento e mapeamento e o software de p\u00f3s-processamento para levantar e mapear a navega\u00e7\u00e3o. Os usu\u00e1rios podem corresponder de acordo com suas necessidades.<\/p>\n<p><strong><b>Caracter\u00edsticas<\/b><\/strong><\/p>\n<p>Porta serial l\u00ea dados IMU e GNSS<\/p>\n<p>Fun\u00e7\u00e3o de navega\u00e7\u00e3o combinada, c\u00e1lculo em tempo real da localiza\u00e7\u00e3o, velocidade, t\u00edtulo e atitude da transportadora e outras informa\u00e7\u00f5es<\/p>\n<p>Suporte \u00e0 fun\u00e7\u00e3o RTK em tempo real GNSS, capaz de armazenar dados de p\u00f3s-processamento<\/p>\n<p>Forne\u00e7a contrato geral padronizado do usu\u00e1rio para apoiar o usu\u00e1rio de acordo com suas pr\u00f3prias necessidades<\/p>\n<p>Duas interfaces seriais RS232 e RS422 est\u00e3o dispon\u00edveis para aprimorar a padroniza\u00e7\u00e3o e a versatilidade dos recursos do produto<\/p>","protected":false},"featured_media":2301,"comment_status":"open","ping_status":"closed","template":"","meta":[],"product_brand":[],"product_cat":[26],"product_tag":[],"class_list":{"0":"post-2300","1":"product","2":"type-product","3":"status-publish","4":"has-post-thumbnail","6":"product_cat-imu-mems-ins","8":"first","9":"instock","10":"shipping-taxable","11":"product-type-simple"},"_links":{"self":[{"href":"https:\/\/www.andelutech.com\/pt\/wp-json\/wp\/v2\/product\/2300","targetHints":{"allow":["GET"]}}],"collection":[{"href":"https:\/\/www.andelutech.com\/pt\/wp-json\/wp\/v2\/product"}],"about":[{"href":"https:\/\/www.andelutech.com\/pt\/wp-json\/wp\/v2\/types\/product"}],"replies":[{"embeddable":true,"href":"https:\/\/www.andelutech.com\/pt\/wp-json\/wp\/v2\/comments?post=2300"}],"wp:featuredmedia":[{"embeddable":true,"href":"https:\/\/www.andelutech.com\/pt\/wp-json\/wp\/v2\/media\/2301"}],"wp:attachment":[{"href":"https:\/\/www.andelutech.com\/pt\/wp-json\/wp\/v2\/media?parent=2300"}],"wp:term":[{"taxonomy":"product_brand","embeddable":true,"href":"https:\/\/www.andelutech.com\/pt\/wp-json\/wp\/v2\/product_brand?post=2300"},{"taxonomy":"product_cat","embeddable":true,"href":"https:\/\/www.andelutech.com\/pt\/wp-json\/wp\/v2\/product_cat?post=2300"},{"taxonomy":"product_tag","embeddable":true,"href":"https:\/\/www.andelutech.com\/pt\/wp-json\/wp\/v2\/product_tag?post=2300"}],"curies":[{"name":"wp","href":"https:\/\/api.w.org\/{rel}","templated":true}]}}