{"id":2298,"date":"2025-05-23T09:10:02","date_gmt":"2025-05-23T01:10:02","guid":{"rendered":"https:\/\/www.andelutech.com\/?post_type=product&#038;p=2298"},"modified":"2026-01-09T11:47:43","modified_gmt":"2026-01-09T03:47:43","slug":"high-precision-high-performance-fog-ins","status":"publish","type":"product","link":"https:\/\/www.andelutech.com\/pt\/product\/high-precision-high-performance-fog-ins\/","title":{"rendered":"AND-FINS-120 High Precision &#038; High Performance"},"content":{"rendered":"","protected":false},"excerpt":{"rendered":"<p><strong><b>Introdu\u00e7\u00e3o\u00a0<\/b><\/strong><\/p>\n<p>E-fins-1220 de alta precis\u00e3o e alto desempenho\u00a0<a href=\"https:\/\/www.ericcointernational.com\/inertial-navigation-system\/fog-inertial-navigation-system\/\">NEVOEIRO INS<\/a>\u00a0s\u00e3o todos os produtos de navega\u00e7\u00e3o inercial de cinta. Os componentes b\u00e1sicos da s\u00e9rie de produtos de navega\u00e7\u00e3o inercial s\u00e3o tr\u00eas girosc\u00f3pios de fibra \u00f3ptica de grau correspondente, tr\u00eas aceler\u00f4metros pendentes flex\u00edveis de quartzo, circuito de computa\u00e7\u00e3o de navega\u00e7\u00e3o, circuito de processamento de informa\u00e7\u00f5es, circuito de convers\u00e3o de frequ\u00eancia de corrente, dispositivo de altera\u00e7\u00e3o de energia, plataforma estrutural {\/structural}} caixa e dispositivo de amortecimento. O produto pode ser usado para medi\u00e7\u00e3o em tempo real de tr\u00eas informa\u00e7\u00f5es de tradu\u00e7\u00e3o e tr\u00eas informa\u00e7\u00f5es m\u00f3veis de v\u00e1rias aeronaves ou objetos em movimento, e pode gerar informa\u00e7\u00f5es de navega\u00e7\u00e3o em tempo real, como incremento angular, incremento aparente de velocidade, atitude, velocidade e posi\u00e7\u00e3o da transportadora. Esta s\u00e9rie de produtos tem as caracter\u00edsticas da ampla gama din\u00e2mica de trabalho, forte adaptabilidade ao meio ambiente e informa\u00e7\u00f5es abrangentes de navega\u00e7\u00e3o.<\/p>","protected":false},"featured_media":2299,"comment_status":"open","ping_status":"closed","template":"","meta":[],"product_brand":[],"product_cat":[26],"product_tag":[],"class_list":{"0":"post-2298","1":"product","2":"type-product","3":"status-publish","4":"has-post-thumbnail","6":"product_cat-imu-mems-ins","8":"first","9":"instock","10":"shipping-taxable","11":"product-type-simple"},"_links":{"self":[{"href":"https:\/\/www.andelutech.com\/pt\/wp-json\/wp\/v2\/product\/2298","targetHints":{"allow":["GET"]}}],"collection":[{"href":"https:\/\/www.andelutech.com\/pt\/wp-json\/wp\/v2\/product"}],"about":[{"href":"https:\/\/www.andelutech.com\/pt\/wp-json\/wp\/v2\/types\/product"}],"replies":[{"embeddable":true,"href":"https:\/\/www.andelutech.com\/pt\/wp-json\/wp\/v2\/comments?post=2298"}],"wp:featuredmedia":[{"embeddable":true,"href":"https:\/\/www.andelutech.com\/pt\/wp-json\/wp\/v2\/media\/2299"}],"wp:attachment":[{"href":"https:\/\/www.andelutech.com\/pt\/wp-json\/wp\/v2\/media?parent=2298"}],"wp:term":[{"taxonomy":"product_brand","embeddable":true,"href":"https:\/\/www.andelutech.com\/pt\/wp-json\/wp\/v2\/product_brand?post=2298"},{"taxonomy":"product_cat","embeddable":true,"href":"https:\/\/www.andelutech.com\/pt\/wp-json\/wp\/v2\/product_cat?post=2298"},{"taxonomy":"product_tag","embeddable":true,"href":"https:\/\/www.andelutech.com\/pt\/wp-json\/wp\/v2\/product_tag?post=2298"}],"curies":[{"name":"wp","href":"https:\/\/api.w.org\/{rel}","templated":true}]}}