{"id":2296,"date":"2025-05-23T09:02:39","date_gmt":"2025-05-23T01:02:39","guid":{"rendered":"https:\/\/www.andelutech.com\/?post_type=product&#038;p=2296"},"modified":"2025-06-30T15:46:54","modified_gmt":"2025-06-30T07:46:54","slug":"and-fins-98-high-performance-fog-ins-replace-phins","status":"publish","type":"product","link":"https:\/\/www.andelutech.com\/pt\/product\/and-fins-98-high-performance-fog-ins-replace-phins\/","title":{"rendered":"E-FINS-98 ENVENCIDO DE HIGH DE DE HAMP\u00a0"},"content":{"rendered":"","protected":false},"excerpt":{"rendered":"<p><strong><b>Introdu\u00e7\u00e3o<\/b><\/strong><\/p>\n<p>AND-FINS-98\u00a0<a href=\"https:\/\/www.ericcointernational.com\/inertial-navigation-system\/fog-inertial-navigation-system\/\">Sistema de navega\u00e7\u00e3o inercial nevoeiro\u2002<\/a>(Substituto de Phins) usa um girosc\u00f3pio de fibra \u00f3ptica de tr\u00eas eixos para detectar o movimento angular e produzir um sinal digital proporcional \u00e0 taxa angular do movimento da transportadora. As tr\u00eas coloca\u00e7\u00f5es de quadratura do aceler\u00f4metro de quartzo s\u00e3o usadas para detectar a acelera\u00e7\u00e3o linear do transportador e a sa\u00edda de um sinal de corrente proporcional, que \u00e9 convertido em um sinal de frequ\u00eancia pelo circuito de convers\u00e3o I-F e, finalmente, entrada no computador de navega\u00e7\u00e3o. O computador completa a recep\u00e7\u00e3o de dados do girosc\u00f3pio, aceler\u00f4metro e GPS externo, c\u00e1lculo de erros de compensa\u00e7\u00e3o do sistema, solu\u00e7\u00e3o de navega\u00e7\u00e3o e envia informa\u00e7\u00f5es adicionais de velocidade, posi\u00e7\u00e3o, atitude e navega\u00e7\u00e3o em tempo real.<\/p>\n<p>O alinhamento inicial de e-fins-98 \u00e9 dividido em dois modos: alinhamento est\u00e1tico e alinhamento de posi\u00e7\u00e3o dupla. A precis\u00e3o da posi\u00e7\u00e3o do alinhamento de duas posi\u00e7\u00f5es \u00e9 maior que a do alinhamento est\u00e1tico.<\/p>\n<p>O e-Fins-98 possui alta precis\u00e3o e melhor estabilidade e mostraram excelente desempenho no teste de compara\u00e7\u00e3o com os produtos Related INS relacionados a Phins.<\/p>","protected":false},"featured_media":2297,"comment_status":"open","ping_status":"closed","template":"","meta":[],"product_brand":[],"product_cat":[26],"product_tag":[],"class_list":{"0":"post-2296","1":"product","2":"type-product","3":"status-publish","4":"has-post-thumbnail","6":"product_cat-imu-mems-ins","8":"first","9":"instock","10":"shipping-taxable","11":"product-type-simple"},"_links":{"self":[{"href":"https:\/\/www.andelutech.com\/pt\/wp-json\/wp\/v2\/product\/2296","targetHints":{"allow":["GET"]}}],"collection":[{"href":"https:\/\/www.andelutech.com\/pt\/wp-json\/wp\/v2\/product"}],"about":[{"href":"https:\/\/www.andelutech.com\/pt\/wp-json\/wp\/v2\/types\/product"}],"replies":[{"embeddable":true,"href":"https:\/\/www.andelutech.com\/pt\/wp-json\/wp\/v2\/comments?post=2296"}],"wp:featuredmedia":[{"embeddable":true,"href":"https:\/\/www.andelutech.com\/pt\/wp-json\/wp\/v2\/media\/2297"}],"wp:attachment":[{"href":"https:\/\/www.andelutech.com\/pt\/wp-json\/wp\/v2\/media?parent=2296"}],"wp:term":[{"taxonomy":"product_brand","embeddable":true,"href":"https:\/\/www.andelutech.com\/pt\/wp-json\/wp\/v2\/product_brand?post=2296"},{"taxonomy":"product_cat","embeddable":true,"href":"https:\/\/www.andelutech.com\/pt\/wp-json\/wp\/v2\/product_cat?post=2296"},{"taxonomy":"product_tag","embeddable":true,"href":"https:\/\/www.andelutech.com\/pt\/wp-json\/wp\/v2\/product_tag?post=2296"}],"curies":[{"name":"wp","href":"https:\/\/api.w.org\/{rel}","templated":true}]}}