{"id":2293,"date":"2026-01-16T10:06:50","date_gmt":"2026-01-16T02:06:50","guid":{"rendered":"https:\/\/www.andelutech.com\/?post_type=product&#038;p=2293"},"modified":"2026-03-26T09:54:52","modified_gmt":"2026-03-26T01:54:52","slug":"and-fins-98-high-performance-fog-ins-replace-phins-2","status":"publish","type":"product","link":"https:\/\/www.andelutech.com\/pt\/product\/and-fins-98-high-performance-fog-ins-replace-phins-2\/","title":{"rendered":"E-FINS-98 ENVENCIDO DE HIGH DE DE HAMP\u00a0"},"content":{"rendered":"<p>Se estiver interessado no aceler\u00f4metro de quartzo de alto desempenho, por favor entre em contato conosco:<strong><b> info@andelutech.com<\/b><\/strong><\/p>","protected":false},"excerpt":{"rendered":"<p>Introdu\u00e7\u00e3o<br \/>\nAND-FINS-98\u00a0FOG inertial navigation system\u2002(Substitute of PHINS)\u00a0uses a three-axis fiber optic gyroscope to sense angular movement and output a digital signal proportional to the angular rate of carrier movement. The three quadrature collocations of the quartz accelerometer are used to sense the linear acceleration of the carrier and output a proportional current signal, which is converted into a frequency signal by the I-F conversion circuit, and finally input to the navigation computer. The computer completes the data reception of the gyroscope, accelerometer and external GPS, system compensation error calculation, navigation solution, and sends loop additional real-time speed, position, attitude and navigation information to the outside through the monitoring port.<br \/>\nO alinhamento inicial de e-fins-98 \u00e9 dividido em dois modos: alinhamento est\u00e1tico e alinhamento de posi\u00e7\u00e3o dupla. A precis\u00e3o da posi\u00e7\u00e3o do alinhamento de duas posi\u00e7\u00f5es \u00e9 maior que a do alinhamento est\u00e1tico.<br \/>\nO e-Fins-98 possui alta precis\u00e3o e melhor estabilidade e mostraram excelente desempenho no teste de compara\u00e7\u00e3o com os produtos Related INS relacionados a Phins.<\/p>","protected":false},"featured_media":3680,"comment_status":"open","ping_status":"closed","template":"","meta":[],"product_brand":[],"product_cat":[26],"product_tag":[],"class_list":{"0":"post-2293","1":"product","2":"type-product","3":"status-publish","4":"has-post-thumbnail","6":"product_cat-imu-mems-ins","8":"first","9":"instock","10":"shipping-taxable","11":"product-type-simple"},"_links":{"self":[{"href":"https:\/\/www.andelutech.com\/pt\/wp-json\/wp\/v2\/product\/2293","targetHints":{"allow":["GET"]}}],"collection":[{"href":"https:\/\/www.andelutech.com\/pt\/wp-json\/wp\/v2\/product"}],"about":[{"href":"https:\/\/www.andelutech.com\/pt\/wp-json\/wp\/v2\/types\/product"}],"replies":[{"embeddable":true,"href":"https:\/\/www.andelutech.com\/pt\/wp-json\/wp\/v2\/comments?post=2293"}],"wp:featuredmedia":[{"embeddable":true,"href":"https:\/\/www.andelutech.com\/pt\/wp-json\/wp\/v2\/media\/3680"}],"wp:attachment":[{"href":"https:\/\/www.andelutech.com\/pt\/wp-json\/wp\/v2\/media?parent=2293"}],"wp:term":[{"taxonomy":"product_brand","embeddable":true,"href":"https:\/\/www.andelutech.com\/pt\/wp-json\/wp\/v2\/product_brand?post=2293"},{"taxonomy":"product_cat","embeddable":true,"href":"https:\/\/www.andelutech.com\/pt\/wp-json\/wp\/v2\/product_cat?post=2293"},{"taxonomy":"product_tag","embeddable":true,"href":"https:\/\/www.andelutech.com\/pt\/wp-json\/wp\/v2\/product_tag?post=2293"}],"curies":[{"name":"wp","href":"https:\/\/api.w.org\/{rel}","templated":true}]}}