{"id":2267,"date":"2025-05-20T19:48:15","date_gmt":"2025-05-20T11:48:15","guid":{"rendered":"https:\/\/www.andelutech.com\/?post_type=product&#038;p=2267"},"modified":"2025-05-29T14:59:39","modified_gmt":"2025-05-29T06:59:39","slug":"gp-series-circular-electrical-connector","status":"publish","type":"product","link":"https:\/\/www.andelutech.com\/pt\/product\/gp-series-circular-electrical-connector\/","title":{"rendered":"Conector el\u00e9trico circular da s\u00e9rie GP"},"content":{"rendered":"<p>Se estiverem interessados, pls contactem-nos:<strong><b>\u00a0<\/b><\/strong><a href=\"mailto:info@joinsunny.cn\"><span style=\"color: #0000ff;\"><strong><b>info@andelu.cn<\/b><\/strong><\/span><\/a><\/p>","protected":false},"excerpt":{"rendered":"<p>Produto modificado do conector el\u00e9trico P<br \/>\nO tamanho de montagem e posicionamento \u00e9 totalmente consistente com P<br \/>\n10 tamanhos de concha e 5 especifica\u00e7\u00f5es de contato Bayonet Conex\u00e3o r\u00e1pida<br \/>\nPosicionamento de cinco teclas com fun\u00e7\u00e3o de inser\u00e7\u00e3o cega<br \/>\nA identifica\u00e7\u00e3o de posicionamento de cinco teclas pode impedir a inser\u00e7\u00e3o incorreta de springtactm altamente confi\u00e1vel de curvatura dupla<br \/>\nO grampo de cabos de flex\u00e3o totalmente fechado \u00e9 com fun\u00e7\u00e3o anti-rotativa<br \/>\nO contato do pino e o contato do soquete est\u00e3o dispon\u00edveis para plugue e soquete<\/p>","protected":false},"featured_media":2476,"comment_status":"open","ping_status":"closed","template":"","meta":[],"product_brand":[],"product_cat":[36],"product_tag":[],"class_list":{"0":"post-2267","1":"product","2":"type-product","3":"status-publish","4":"has-post-thumbnail","6":"product_cat-electrical-connector","8":"first","9":"instock","10":"shipping-taxable","11":"product-type-simple"},"_links":{"self":[{"href":"https:\/\/www.andelutech.com\/pt\/wp-json\/wp\/v2\/product\/2267","targetHints":{"allow":["GET"]}}],"collection":[{"href":"https:\/\/www.andelutech.com\/pt\/wp-json\/wp\/v2\/product"}],"about":[{"href":"https:\/\/www.andelutech.com\/pt\/wp-json\/wp\/v2\/types\/product"}],"replies":[{"embeddable":true,"href":"https:\/\/www.andelutech.com\/pt\/wp-json\/wp\/v2\/comments?post=2267"}],"wp:featuredmedia":[{"embeddable":true,"href":"https:\/\/www.andelutech.com\/pt\/wp-json\/wp\/v2\/media\/2476"}],"wp:attachment":[{"href":"https:\/\/www.andelutech.com\/pt\/wp-json\/wp\/v2\/media?parent=2267"}],"wp:term":[{"taxonomy":"product_brand","embeddable":true,"href":"https:\/\/www.andelutech.com\/pt\/wp-json\/wp\/v2\/product_brand?post=2267"},{"taxonomy":"product_cat","embeddable":true,"href":"https:\/\/www.andelutech.com\/pt\/wp-json\/wp\/v2\/product_cat?post=2267"},{"taxonomy":"product_tag","embeddable":true,"href":"https:\/\/www.andelutech.com\/pt\/wp-json\/wp\/v2\/product_tag?post=2267"}],"curies":[{"name":"wp","href":"https:\/\/api.w.org\/{rel}","templated":true}]}}